{"id":8687,"date":"2025-12-01T12:02:36","date_gmt":"2025-12-01T11:02:36","guid":{"rendered":"https:\/\/www.strzodowie.pl\/sklep\/?post_type=product&#038;p=8687"},"modified":"2026-01-28T10:32:52","modified_gmt":"2026-01-28T09:32:52","slug":"caroline-abram-katleen","status":"publish","type":"product","link":"https:\/\/www.strzodowie.pl\/sklep\/product\/caroline-abram-katleen\/","title":{"rendered":"Caroline Abram Katleen"},"content":{"rendered":"<h1 data-start=\"4385\" data-end=\"4430\"><strong data-start=\"4387\" data-end=\"4430\">Caroline Abram \u2013 Katleen 265\u00a0<\/strong><\/h1>\n<p data-start=\"4432\" data-end=\"4639\">Model <strong data-start=\"4438\" data-end=\"4452\">Katleen 265<\/strong> to lekkie, kwadratowe oprawki o klasycznym, subtelnym profilu. Ich delikatne linie i kobieca forma sprawiaj\u0105, \u017ce stanowi\u0105 idealny wyb\u00f3r dla os\u00f3b szukaj\u0105cych elegancji w mi\u0119kkim wydaniu.<\/p>\n<p data-start=\"4641\" data-end=\"4795\"><strong data-start=\"4641\" data-end=\"4661\">Dane techniczne:<\/strong><br data-start=\"4661\" data-end=\"4664\" \/>\u2022 Szeroko\u015b\u0107 soczewki: 52 mm<br data-start=\"4691\" data-end=\"4694\" \/>\u2022 Szeroko\u015b\u0107 mostka: 19 mm<br data-start=\"4719\" data-end=\"4722\" \/>\u2022 D\u0142ugo\u015b\u0107 zausznika: 135 mm<br data-start=\"4749\" data-end=\"4752\" \/>\u2022 Materia\u0142: acetat<br data-start=\"4770\" data-end=\"4773\" \/>\u2022 Rodzaj oprawy: pe\u0142na<\/p>\n<p data-start=\"4797\" data-end=\"5019\"><strong data-start=\"4797\" data-end=\"4834\">Dlaczego warto wybra\u0107 Katleen 265?<\/strong><br data-start=\"4834\" data-end=\"4837\" \/>\u2022 Delikatny, klasyczny design.<br data-start=\"4867\" data-end=\"4870\" \/>\u2022 Delikatne, harmonijne linie.<br data-start=\"4908\" data-end=\"4911\" \/>\u2022 Eleganckie i subtelne.<br data-start=\"4935\" data-end=\"4938\" \/>\u2022 Doskona\u0142e dopasowanie do ka\u017cdej stylizacji.<br data-start=\"4983\" data-end=\"4986\" \/>\u2022 Komfort noszenia na ca\u0142y dzie\u0144.<\/p>\n","protected":false},"excerpt":{"rendered":"<p>Caroline Abram \u2013 Katleen 265\u00a0 Model Katleen 265 to lekkie, kwadratowe oprawki o klasycznym, subtelnym profilu. Ich delikatne linie i kobieca forma sprawiaj\u0105, \u017ce stanowi\u0105 idealny wyb\u00f3r dla os\u00f3b szukaj\u0105cych elegancji w mi\u0119kkim wydaniu. Dane techniczne:\u2022 Szeroko\u015b\u0107 soczewki: 52 mm\u2022 Szeroko\u015b\u0107 mostka: 19 mm\u2022 D\u0142ugo\u015b\u0107 zausznika: 135 mm\u2022 Materia\u0142: acetat\u2022 Rodzaj oprawy: pe\u0142na Dlaczego warto [&hellip;]<\/p>\n","protected":false},"featured_media":8688,"comment_status":"open","ping_status":"closed","template":"","meta":{"_acf_changed":false},"product_brand":[426],"product_cat":[50],"product_tag":[174,427,188,432,439,431,227,322,440],"class_list":{"0":"post-8687","1":"product","2":"type-product","3":"status-publish","4":"has-post-thumbnail","6":"product_brand-caroline-abram","7":"product_cat-okulary-korekcyjne","8":"product_tag-acetat","9":"product_tag-caroline-abram","10":"product_tag-elegancja","11":"product_tag-francuski-design","12":"product_tag-katlen","13":"product_tag-kobiecy-styl","14":"product_tag-pelna-oprawa","15":"product_tag-styl-premium","16":"product_tag-subtelne-okulary","18":"first","19":"instock","20":"shipping-taxable","21":"purchasable","22":"product-type-simple"},"acf":[],"_links":{"self":[{"href":"https:\/\/www.strzodowie.pl\/sklep\/wp-json\/wp\/v2\/product\/8687","targetHints":{"allow":["GET"]}}],"collection":[{"href":"https:\/\/www.strzodowie.pl\/sklep\/wp-json\/wp\/v2\/product"}],"about":[{"href":"https:\/\/www.strzodowie.pl\/sklep\/wp-json\/wp\/v2\/types\/product"}],"replies":[{"embeddable":true,"href":"https:\/\/www.strzodowie.pl\/sklep\/wp-json\/wp\/v2\/comments?post=8687"}],"wp:featuredmedia":[{"embeddable":true,"href":"https:\/\/www.strzodowie.pl\/sklep\/wp-json\/wp\/v2\/media\/8688"}],"wp:attachment":[{"href":"https:\/\/www.strzodowie.pl\/sklep\/wp-json\/wp\/v2\/media?parent=8687"}],"wp:term":[{"taxonomy":"product_brand","embeddable":true,"href":"https:\/\/www.strzodowie.pl\/sklep\/wp-json\/wp\/v2\/product_brand?post=8687"},{"taxonomy":"product_cat","embeddable":true,"href":"https:\/\/www.strzodowie.pl\/sklep\/wp-json\/wp\/v2\/product_cat?post=8687"},{"taxonomy":"product_tag","embeddable":true,"href":"https:\/\/www.strzodowie.pl\/sklep\/wp-json\/wp\/v2\/product_tag?post=8687"}],"curies":[{"name":"wp","href":"https:\/\/api.w.org\/{rel}","templated":true}]}}