{"id":8678,"date":"2025-12-01T11:54:49","date_gmt":"2025-12-01T10:54:49","guid":{"rendered":"https:\/\/www.strzodowie.pl\/sklep\/?post_type=product&#038;p=8678"},"modified":"2026-01-28T10:32:52","modified_gmt":"2026-01-28T09:32:52","slug":"caroline-abram-helga","status":"publish","type":"product","link":"https:\/\/www.strzodowie.pl\/sklep\/product\/caroline-abram-helga\/","title":{"rendered":"Caroline Abram Helga"},"content":{"rendered":"<h1 data-start=\"3618\" data-end=\"3662\"><strong data-start=\"3620\" data-end=\"3662\">Caroline Abram \u2013 Helga 789\u00a0<\/strong><\/h1>\n<p data-start=\"3664\" data-end=\"3862\">Model <strong data-start=\"3670\" data-end=\"3683\">Helga 789<\/strong> to wyraziste, szerokie oprawki o geometrycznym froncie. \u0141\u0105cz\u0105 odwag\u0119 z elegancj\u0105, tworz\u0105c okulary, kt\u00f3re od razu przyci\u0105gaj\u0105 uwag\u0119. Idealne dla kobiet kochaj\u0105cych modowe akcenty.<\/p>\n<p data-start=\"3864\" data-end=\"4018\"><strong data-start=\"3864\" data-end=\"3884\">Dane techniczne:<\/strong><br data-start=\"3884\" data-end=\"3887\" \/>\u2022 Szeroko\u015b\u0107 soczewki: 54 mm<br data-start=\"3914\" data-end=\"3917\" \/>\u2022 Szeroko\u015b\u0107 mostka: 17 mm<br data-start=\"3942\" data-end=\"3945\" \/>\u2022 D\u0142ugo\u015b\u0107 zausznika: 140 mm<br data-start=\"3972\" data-end=\"3975\" \/>\u2022 Materia\u0142: acetat<br data-start=\"3993\" data-end=\"3996\" \/>\u2022 Rodzaj oprawy: pe\u0142na<\/p>\n<p data-start=\"4020\" data-end=\"4216\"><strong data-start=\"4020\" data-end=\"4056\">Dlaczego warto wybra\u0107 Helga 789?<\/strong><br data-start=\"4056\" data-end=\"4059\" \/>\u2022 Wyrazista, geometryczna forma.<br data-start=\"4091\" data-end=\"4094\" \/>\u2022 Efektowny styl premium.<br data-start=\"4119\" data-end=\"4122\" \/>\u2022 Mocny akcent w stylizacji.<br data-start=\"4150\" data-end=\"4153\" \/>\u2022 Wysokiej jako\u015bci wykonanie.<br data-start=\"4182\" data-end=\"4185\" \/>\u2022 Idealne dla odwa\u017cnych kobiet.<\/p>\n","protected":false},"excerpt":{"rendered":"<p>Caroline Abram \u2013 Helga 789\u00a0 Model Helga 789 to wyraziste, szerokie oprawki o geometrycznym froncie. \u0141\u0105cz\u0105 odwag\u0119 z elegancj\u0105, tworz\u0105c okulary, kt\u00f3re od razu przyci\u0105gaj\u0105 uwag\u0119. Idealne dla kobiet kochaj\u0105cych modowe akcenty. Dane techniczne:\u2022 Szeroko\u015b\u0107 soczewki: 54 mm\u2022 Szeroko\u015b\u0107 mostka: 17 mm\u2022 D\u0142ugo\u015b\u0107 zausznika: 140 mm\u2022 Materia\u0142: acetat\u2022 Rodzaj oprawy: pe\u0142na Dlaczego warto wybra\u0107 Helga [&hellip;]<\/p>\n","protected":false},"featured_media":8987,"comment_status":"open","ping_status":"closed","template":"","meta":{"_acf_changed":false},"product_brand":[426],"product_cat":[50],"product_tag":[174,427,437,432,424,438,229,227,322,335],"class_list":{"0":"post-8678","1":"product","2":"type-product","3":"status-publish","4":"has-post-thumbnail","6":"product_brand-caroline-abram","7":"product_cat-okulary-korekcyjne","8":"product_tag-acetat","9":"product_tag-caroline-abram","10":"product_tag-fashion-eyewear","11":"product_tag-francuski-design","12":"product_tag-geometryczne-oprawki","13":"product_tag-helga","14":"product_tag-modne-oprawki","15":"product_tag-pelna-oprawa","16":"product_tag-styl-premium","17":"product_tag-wyraziste-okulary","19":"first","20":"instock","21":"shipping-taxable","22":"purchasable","23":"product-type-simple"},"acf":[],"_links":{"self":[{"href":"https:\/\/www.strzodowie.pl\/sklep\/wp-json\/wp\/v2\/product\/8678","targetHints":{"allow":["GET"]}}],"collection":[{"href":"https:\/\/www.strzodowie.pl\/sklep\/wp-json\/wp\/v2\/product"}],"about":[{"href":"https:\/\/www.strzodowie.pl\/sklep\/wp-json\/wp\/v2\/types\/product"}],"replies":[{"embeddable":true,"href":"https:\/\/www.strzodowie.pl\/sklep\/wp-json\/wp\/v2\/comments?post=8678"}],"wp:featuredmedia":[{"embeddable":true,"href":"https:\/\/www.strzodowie.pl\/sklep\/wp-json\/wp\/v2\/media\/8987"}],"wp:attachment":[{"href":"https:\/\/www.strzodowie.pl\/sklep\/wp-json\/wp\/v2\/media?parent=8678"}],"wp:term":[{"taxonomy":"product_brand","embeddable":true,"href":"https:\/\/www.strzodowie.pl\/sklep\/wp-json\/wp\/v2\/product_brand?post=8678"},{"taxonomy":"product_cat","embeddable":true,"href":"https:\/\/www.strzodowie.pl\/sklep\/wp-json\/wp\/v2\/product_cat?post=8678"},{"taxonomy":"product_tag","embeddable":true,"href":"https:\/\/www.strzodowie.pl\/sklep\/wp-json\/wp\/v2\/product_tag?post=8678"}],"curies":[{"name":"wp","href":"https:\/\/api.w.org\/{rel}","templated":true}]}}