{"id":8675,"date":"2025-12-01T11:51:32","date_gmt":"2025-12-01T10:51:32","guid":{"rendered":"https:\/\/www.strzodowie.pl\/sklep\/?post_type=product&#038;p=8675"},"modified":"2026-01-28T10:32:52","modified_gmt":"2026-01-28T09:32:52","slug":"caroline-abram-vilma","status":"publish","type":"product","link":"https:\/\/www.strzodowie.pl\/sklep\/product\/caroline-abram-vilma\/","title":{"rendered":"Caroline Abram Vilma"},"content":{"rendered":"<h1 data-start=\"2833\" data-end=\"2877\"><strong data-start=\"2835\" data-end=\"2877\">Caroline Abram \u2013 Vilma 576\u00a0<\/strong><\/h1>\n<p data-start=\"343\" data-end=\"737\">Model <strong data-start=\"349\" data-end=\"362\">Vilma 576<\/strong> to wyj\u0105tkowo eleganckie metalowe oprawki o du\u017cym, mi\u0119kkim kwadratowym kszta\u0142cie \u2013 nowoczesne, kobiece i pe\u0142ne lekko\u015bci. Subtelna, cienka linia frontu podkre\u015bla twarz, a delikatne wyko\u0144czenia kolorystyczne dodaj\u0105 im charakterystycznego stylu Caroline Abram. Model \u0142\u0105czy geometryczn\u0105 form\u0119 z kobiec\u0105 delikatno\u015bci\u0105, tworz\u0105c efekt modowej, a zarazem bardzo subtelnej oprawy.<\/p>\n<h3 data-start=\"739\" data-end=\"765\"><strong data-start=\"743\" data-end=\"763\">Dane techniczne:<\/strong><\/h3>\n<p data-start=\"766\" data-end=\"905\">\u2022 Szeroko\u015b\u0107 soczewki: 54 mm<br data-start=\"793\" data-end=\"796\" \/>\u2022 Szeroko\u015b\u0107 mostka: 17 mm<br data-start=\"821\" data-end=\"824\" \/>\u2022 D\u0142ugo\u015b\u0107 zausznika: 138 mm<br data-start=\"851\" data-end=\"854\" \/>\u2022 Materia\u0142 oprawy: metal<br data-start=\"878\" data-end=\"881\" \/>\u2022 Rodzaj oprawy: pe\u0142na<\/p>\n<h3 data-start=\"907\" data-end=\"949\"><strong data-start=\"911\" data-end=\"947\">Dlaczego warto wybra\u0107 Vilma 576?<\/strong><\/h3>\n<p data-start=\"950\" data-end=\"1247\">\u2022 Du\u017cy, mi\u0119kki kwadratowy kszta\u0142t, kt\u00f3ry pi\u0119knie otwiera spojrzenie.<br data-start=\"1018\" data-end=\"1021\" \/>\u2022 Elegancka, lekka metalowa konstrukcja.<br data-start=\"1061\" data-end=\"1064\" \/>\u2022 Charakterystyczne po\u0142\u0105czenie barw w stylu Caroline Abram.<br data-start=\"1123\" data-end=\"1126\" \/>\u2022 Wygodne, regulowane noski \u2014 idealne dopasowanie.<br data-start=\"1176\" data-end=\"1179\" \/>\u2022 Idealne dla kobiet szukaj\u0105cych stylu premium z nut\u0105 nowoczesno\u015bci.<\/p>\n","protected":false},"excerpt":{"rendered":"<p>Caroline Abram \u2013 Vilma 576\u00a0 Model Vilma 576 to wyj\u0105tkowo eleganckie metalowe oprawki o du\u017cym, mi\u0119kkim kwadratowym kszta\u0142cie \u2013 nowoczesne, kobiece i pe\u0142ne lekko\u015bci. Subtelna, cienka linia frontu podkre\u015bla twarz, a delikatne wyko\u0144czenia kolorystyczne dodaj\u0105 im charakterystycznego stylu Caroline Abram. Model \u0142\u0105czy geometryczn\u0105 form\u0119 z kobiec\u0105 delikatno\u015bci\u0105, tworz\u0105c efekt modowej, a zarazem bardzo subtelnej oprawy. [&hellip;]<\/p>\n","protected":false},"featured_media":8991,"comment_status":"open","ping_status":"closed","template":"","meta":{"_acf_changed":false},"product_brand":[426],"product_cat":[50],"product_tag":[427,362,437,431,146,388,380,177,322,436],"class_list":{"0":"post-8675","1":"product","2":"type-product","3":"status-publish","4":"has-post-thumbnail","6":"product_brand-caroline-abram","7":"product_cat-okulary-korekcyjne","8":"product_tag-caroline-abram","9":"product_tag-eleganckie-oprawki","10":"product_tag-fashion-eyewear","11":"product_tag-kobiecy-styl","12":"product_tag-kwadratowe-oprawki","13":"product_tag-lekka-konstrukcja","14":"product_tag-metalowe-okulary","15":"product_tag-nowoczesny-design","16":"product_tag-styl-premium","17":"product_tag-vilma","19":"first","20":"instock","21":"shipping-taxable","22":"purchasable","23":"product-type-simple"},"acf":[],"_links":{"self":[{"href":"https:\/\/www.strzodowie.pl\/sklep\/wp-json\/wp\/v2\/product\/8675","targetHints":{"allow":["GET"]}}],"collection":[{"href":"https:\/\/www.strzodowie.pl\/sklep\/wp-json\/wp\/v2\/product"}],"about":[{"href":"https:\/\/www.strzodowie.pl\/sklep\/wp-json\/wp\/v2\/types\/product"}],"replies":[{"embeddable":true,"href":"https:\/\/www.strzodowie.pl\/sklep\/wp-json\/wp\/v2\/comments?post=8675"}],"wp:featuredmedia":[{"embeddable":true,"href":"https:\/\/www.strzodowie.pl\/sklep\/wp-json\/wp\/v2\/media\/8991"}],"wp:attachment":[{"href":"https:\/\/www.strzodowie.pl\/sklep\/wp-json\/wp\/v2\/media?parent=8675"}],"wp:term":[{"taxonomy":"product_brand","embeddable":true,"href":"https:\/\/www.strzodowie.pl\/sklep\/wp-json\/wp\/v2\/product_brand?post=8675"},{"taxonomy":"product_cat","embeddable":true,"href":"https:\/\/www.strzodowie.pl\/sklep\/wp-json\/wp\/v2\/product_cat?post=8675"},{"taxonomy":"product_tag","embeddable":true,"href":"https:\/\/www.strzodowie.pl\/sklep\/wp-json\/wp\/v2\/product_tag?post=8675"}],"curies":[{"name":"wp","href":"https:\/\/api.w.org\/{rel}","templated":true}]}}