{"id":8670,"date":"2025-12-01T11:03:32","date_gmt":"2025-12-01T10:03:32","guid":{"rendered":"https:\/\/www.strzodowie.pl\/sklep\/?post_type=product&#038;p=8670"},"modified":"2026-01-28T10:32:52","modified_gmt":"2026-01-28T09:32:52","slug":"8670","status":"publish","type":"product","link":"https:\/\/www.strzodowie.pl\/sklep\/product\/8670\/","title":{"rendered":"Caroline Abram Viola"},"content":{"rendered":"<h1 data-start=\"2000\" data-end=\"2044\"><strong data-start=\"2002\" data-end=\"2044\">Caroline Abram \u2013 Viola 328\u00a0<\/strong><\/h1>\n<p data-start=\"2046\" data-end=\"2287\">Model <strong data-start=\"2052\" data-end=\"2065\">Viola 328<\/strong> to pe\u0142ne elegancji, lekko geometryczne oprawki dla kobiet kochaj\u0105cych wyra\u017any, a jednocze\u015bnie subtelny styl. Szeroka forma dodaje twarzy harmonii i klasy, zachowuj\u0105c lekko\u015b\u0107 charakterystyczn\u0105 dla projekt\u00f3w Caroline Abram.<\/p>\n<p data-start=\"2289\" data-end=\"2443\"><strong data-start=\"2289\" data-end=\"2309\">Dane techniczne:<\/strong><br data-start=\"2309\" data-end=\"2312\" \/>\u2022 Szeroko\u015b\u0107 soczewki: 55 mm<br data-start=\"2339\" data-end=\"2342\" \/>\u2022 Szeroko\u015b\u0107 mostka: 18 mm<br data-start=\"2367\" data-end=\"2370\" \/>\u2022 D\u0142ugo\u015b\u0107 zausznika: 138 mm<br data-start=\"2397\" data-end=\"2400\" \/>\u2022 Materia\u0142: metal<br data-start=\"2418\" data-end=\"2421\" \/>\u2022 Rodzaj oprawy: pe\u0142na<\/p>\n<p data-start=\"2445\" data-end=\"2664\"><strong data-start=\"2445\" data-end=\"2481\">Dlaczego warto wybra\u0107 Viola 328?<\/strong><br data-start=\"2481\" data-end=\"2484\" \/>\u2022 Geometryczna elegancja.<br data-start=\"2509\" data-end=\"2512\" \/>\u2022 Stylowy, kobiecy charakter.<br data-start=\"2541\" data-end=\"2544\" \/>\u2022 Idealne dla mi\u0142o\u015bniczek nowoczesnej klasyki.<br data-start=\"2590\" data-end=\"2593\" \/>\u2022 Wygodne i lekkie w noszeniu.<br data-start=\"2623\" data-end=\"2626\" \/>\u2022 Podkre\u015blaj\u0105 naturalny kontur twarzy.<\/p>\n","protected":false},"excerpt":{"rendered":"<p>Caroline Abram \u2013 Viola 328\u00a0 Model Viola 328 to pe\u0142ne elegancji, lekko geometryczne oprawki dla kobiet kochaj\u0105cych wyra\u017any, a jednocze\u015bnie subtelny styl. Szeroka forma dodaje twarzy harmonii i klasy, zachowuj\u0105c lekko\u015b\u0107 charakterystyczn\u0105 dla projekt\u00f3w Caroline Abram. Dane techniczne:\u2022 Szeroko\u015b\u0107 soczewki: 55 mm\u2022 Szeroko\u015b\u0107 mostka: 18 mm\u2022 D\u0142ugo\u015b\u0107 zausznika: 138 mm\u2022 Materia\u0142: metal\u2022 Rodzaj oprawy: pe\u0142na [&hellip;]<\/p>\n","protected":false},"featured_media":8995,"comment_status":"open","ping_status":"closed","template":"","meta":{"_acf_changed":false},"product_brand":[426],"product_cat":[50],"product_tag":[427,424,434,379,227,435,322,433,335],"class_list":{"0":"post-8670","1":"product","2":"type-product","3":"status-publish","4":"has-post-thumbnail","6":"product_brand-caroline-abram","7":"product_cat-okulary-korekcyjne","8":"product_tag-caroline-abram","9":"product_tag-geometryczne-oprawki","10":"product_tag-kobieca-elegancja","11":"product_tag-nowoczesny-styl","12":"product_tag-pelna-oprawa","13":"product_tag-projektantka","14":"product_tag-styl-premium","15":"product_tag-viola","16":"product_tag-wyraziste-okulary","18":"first","19":"instock","20":"shipping-taxable","21":"purchasable","22":"product-type-simple"},"acf":[],"_links":{"self":[{"href":"https:\/\/www.strzodowie.pl\/sklep\/wp-json\/wp\/v2\/product\/8670","targetHints":{"allow":["GET"]}}],"collection":[{"href":"https:\/\/www.strzodowie.pl\/sklep\/wp-json\/wp\/v2\/product"}],"about":[{"href":"https:\/\/www.strzodowie.pl\/sklep\/wp-json\/wp\/v2\/types\/product"}],"replies":[{"embeddable":true,"href":"https:\/\/www.strzodowie.pl\/sklep\/wp-json\/wp\/v2\/comments?post=8670"}],"wp:featuredmedia":[{"embeddable":true,"href":"https:\/\/www.strzodowie.pl\/sklep\/wp-json\/wp\/v2\/media\/8995"}],"wp:attachment":[{"href":"https:\/\/www.strzodowie.pl\/sklep\/wp-json\/wp\/v2\/media?parent=8670"}],"wp:term":[{"taxonomy":"product_brand","embeddable":true,"href":"https:\/\/www.strzodowie.pl\/sklep\/wp-json\/wp\/v2\/product_brand?post=8670"},{"taxonomy":"product_cat","embeddable":true,"href":"https:\/\/www.strzodowie.pl\/sklep\/wp-json\/wp\/v2\/product_cat?post=8670"},{"taxonomy":"product_tag","embeddable":true,"href":"https:\/\/www.strzodowie.pl\/sklep\/wp-json\/wp\/v2\/product_tag?post=8670"}],"curies":[{"name":"wp","href":"https:\/\/api.w.org\/{rel}","templated":true}]}}