{"id":8664,"date":"2025-12-01T10:48:31","date_gmt":"2025-12-01T09:48:31","guid":{"rendered":"https:\/\/www.strzodowie.pl\/sklep\/?post_type=product&#038;p=8664"},"modified":"2026-01-28T10:32:52","modified_gmt":"2026-01-28T09:32:52","slug":"caroline-abram-nicoletta","status":"publish","type":"product","link":"https:\/\/www.strzodowie.pl\/sklep\/product\/caroline-abram-nicoletta\/","title":{"rendered":"Caroline Abram Nicoletta"},"content":{"rendered":"<h1 data-start=\"278\" data-end=\"326\"><strong data-start=\"280\" data-end=\"326\">Caroline Abram \u2013 Nicoletta 911\u00a0<\/strong><\/h1>\n<p data-start=\"328\" data-end=\"601\">Model <strong data-start=\"334\" data-end=\"351\">Nicoletta 911<\/strong> to eleganckie oprawki o delikatnie kocim, kobiecym kszta\u0142cie. Ich zmys\u0142owa linia nawi\u0105zuje do francuskiego stylu, \u0142\u0105cz\u0105c lekko\u015b\u0107 z wyrazistym charakterem. To model, kt\u00f3ry pi\u0119knie podkre\u015bla rysy twarzy, dodaj\u0105c stylizacji subtelnej, kobiecej finezji.<\/p>\n<p data-start=\"603\" data-end=\"757\"><strong data-start=\"603\" data-end=\"623\">Dane techniczne:<\/strong><br data-start=\"623\" data-end=\"626\" \/>\u2022 Szeroko\u015b\u0107 soczewki: 54 mm<br data-start=\"653\" data-end=\"656\" \/>\u2022 Szeroko\u015b\u0107 mostka: 17 mm<br data-start=\"681\" data-end=\"684\" \/>\u2022 D\u0142ugo\u015b\u0107 zausznika: 138 mm<br data-start=\"711\" data-end=\"714\" \/>\u2022 Materia\u0142: acetat<br data-start=\"732\" data-end=\"735\" \/>\u2022 Rodzaj oprawy: pe\u0142na<\/p>\n<p data-start=\"759\" data-end=\"1037\"><strong data-start=\"759\" data-end=\"799\">Dlaczego warto wybra\u0107 Nicoletta 911?<\/strong><br data-start=\"799\" data-end=\"802\" \/>\u2022 Delikatny koci kszta\u0142t podkre\u015blaj\u0105cy rysy.<br data-start=\"846\" data-end=\"849\" \/>\u2022 Elegancja w stylu Caroline Abram.<br data-start=\"884\" data-end=\"887\" \/>\u2022 Wysokiej jako\u015bci, r\u0119cznie wyka\u0144czany acetat.<br data-start=\"933\" data-end=\"936\" \/>\u2022 Komfortowe dopasowanie do ka\u017cdej stylizacji.<br data-start=\"982\" data-end=\"985\" \/>\u2022 Idealne dla kobiet ceni\u0105cych subteln\u0105 wyrazisto\u015b\u0107.<\/p>\n","protected":false},"excerpt":{"rendered":"<p>Caroline Abram \u2013 Nicoletta 911\u00a0 Model Nicoletta 911 to eleganckie oprawki o delikatnie kocim, kobiecym kszta\u0142cie. Ich zmys\u0142owa linia nawi\u0105zuje do francuskiego stylu, \u0142\u0105cz\u0105c lekko\u015b\u0107 z wyrazistym charakterem. To model, kt\u00f3ry pi\u0119knie podkre\u015bla rysy twarzy, dodaj\u0105c stylizacji subtelnej, kobiecej finezji. Dane techniczne:\u2022 Szeroko\u015b\u0107 soczewki: 54 mm\u2022 Szeroko\u015b\u0107 mostka: 17 mm\u2022 D\u0142ugo\u015b\u0107 zausznika: 138 mm\u2022 Materia\u0142: [&hellip;]<\/p>\n","protected":false},"featured_media":8989,"comment_status":"open","ping_status":"closed","template":"","meta":{"_acf_changed":false},"product_brand":[426],"product_cat":[50],"product_tag":[174,427,217,362,428,344,166,429,227,322],"class_list":{"0":"post-8664","1":"product","2":"type-product","3":"status-publish","4":"has-post-thumbnail","6":"product_brand-caroline-abram","7":"product_cat-okulary-korekcyjne","8":"product_tag-acetat","9":"product_tag-caroline-abram","10":"product_tag-cat-eye","11":"product_tag-eleganckie-oprawki","12":"product_tag-francuski-styl","13":"product_tag-kobiecy-design","14":"product_tag-modne-okulary","15":"product_tag-nicoletta","16":"product_tag-pelna-oprawa","17":"product_tag-styl-premium","19":"first","20":"instock","21":"shipping-taxable","22":"purchasable","23":"product-type-simple"},"acf":[],"_links":{"self":[{"href":"https:\/\/www.strzodowie.pl\/sklep\/wp-json\/wp\/v2\/product\/8664","targetHints":{"allow":["GET"]}}],"collection":[{"href":"https:\/\/www.strzodowie.pl\/sklep\/wp-json\/wp\/v2\/product"}],"about":[{"href":"https:\/\/www.strzodowie.pl\/sklep\/wp-json\/wp\/v2\/types\/product"}],"replies":[{"embeddable":true,"href":"https:\/\/www.strzodowie.pl\/sklep\/wp-json\/wp\/v2\/comments?post=8664"}],"wp:featuredmedia":[{"embeddable":true,"href":"https:\/\/www.strzodowie.pl\/sklep\/wp-json\/wp\/v2\/media\/8989"}],"wp:attachment":[{"href":"https:\/\/www.strzodowie.pl\/sklep\/wp-json\/wp\/v2\/media?parent=8664"}],"wp:term":[{"taxonomy":"product_brand","embeddable":true,"href":"https:\/\/www.strzodowie.pl\/sklep\/wp-json\/wp\/v2\/product_brand?post=8664"},{"taxonomy":"product_cat","embeddable":true,"href":"https:\/\/www.strzodowie.pl\/sklep\/wp-json\/wp\/v2\/product_cat?post=8664"},{"taxonomy":"product_tag","embeddable":true,"href":"https:\/\/www.strzodowie.pl\/sklep\/wp-json\/wp\/v2\/product_tag?post=8664"}],"curies":[{"name":"wp","href":"https:\/\/api.w.org\/{rel}","templated":true}]}}