{"id":8660,"date":"2025-11-28T13:19:32","date_gmt":"2025-11-28T12:19:32","guid":{"rendered":"https:\/\/www.strzodowie.pl\/sklep\/?post_type=product&#038;p=8660"},"modified":"2026-02-04T13:35:34","modified_gmt":"2026-02-04T12:35:34","slug":"gamine-brera","status":"publish","type":"product","link":"https:\/\/www.strzodowie.pl\/sklep\/product\/gamine-brera\/","title":{"rendered":"Gamine Brera"},"content":{"rendered":"<h1 data-start=\"165\" data-end=\"202\"><strong data-start=\"167\" data-end=\"202\">Gamine Brera 45x23x148 BRE.8GBP<\/strong><\/h1>\n<p data-start=\"204\" data-end=\"531\">Model <strong data-start=\"210\" data-end=\"228\">Brera BRE.8GBP<\/strong> to wyj\u0105tkowe oprawki o kompaktowym, wyrafinowanym kszta\u0142cie. Geometryczna forma \u0142\u0105czy w\u0142oski charakter z artystycznym podej\u015bciem Gamine. Kolorystyka <strong data-start=\"397\" data-end=\"418\">Gradient Brown-Pink<\/strong> nadaje im nowoczesnego, stylowego wyko\u0144czenia, dzi\u0119ki czemu model wyr\u00f3\u017cnia si\u0119 subteln\u0105, ale wyrazist\u0105 estetyk\u0105.<\/p>\n<p data-start=\"533\" data-end=\"730\"><strong data-start=\"533\" data-end=\"553\">Dane techniczne:<\/strong><br data-start=\"553\" data-end=\"556\" \/>\u2022 Szeroko\u015b\u0107 soczewki: 45 mm<br data-start=\"583\" data-end=\"586\" \/>\u2022 Szeroko\u015b\u0107 mostka: 23 mm<br data-start=\"611\" data-end=\"614\" \/>\u2022 D\u0142ugo\u015b\u0107 zausznika: 148 mm<br data-start=\"641\" data-end=\"644\" \/>\u2022 Materia\u0142 oprawy: acetat<br data-start=\"669\" data-end=\"672\" \/>\u2022 Kolor oprawy: Gradient Brown- Pink<br data-start=\"705\" data-end=\"708\" \/>\u2022 Rodzaj oprawy: pe\u0142na<\/p>\n<p data-start=\"732\" data-end=\"991\"><strong data-start=\"732\" data-end=\"779\">Dlaczego warto wybra\u0107 model Brera BRE.8GBP?<\/strong><br data-start=\"779\" data-end=\"782\" \/>\u2022 Kompaktowy, designerski kszta\u0142t.<br data-start=\"816\" data-end=\"819\" \/>\u2022 Nowoczesna, niebanalna kolorystyka.<br data-start=\"856\" data-end=\"859\" \/>\u2022 Lekka i wygodna konstrukcja.<br data-start=\"889\" data-end=\"892\" \/>\u2022 Geometryczna elegancja typowa dla Gamine.<br data-start=\"935\" data-end=\"938\" \/>\u2022 Idealne dla os\u00f3b szukaj\u0105cych oprawek z charakterem.<\/p>\n","protected":false},"excerpt":{"rendered":"<p>Gamine Brera 45x23x148 BRE.8GBP Model Brera BRE.8GBP to wyj\u0105tkowe oprawki o kompaktowym, wyrafinowanym kszta\u0142cie. Geometryczna forma \u0142\u0105czy w\u0142oski charakter z artystycznym podej\u015bciem Gamine. Kolorystyka Gradient Brown-Pink nadaje im nowoczesnego, stylowego wyko\u0144czenia, dzi\u0119ki czemu model wyr\u00f3\u017cnia si\u0119 subteln\u0105, ale wyrazist\u0105 estetyk\u0105. Dane techniczne:\u2022 Szeroko\u015b\u0107 soczewki: 45 mm\u2022 Szeroko\u015b\u0107 mostka: 23 mm\u2022 D\u0142ugo\u015b\u0107 zausznika: 148 mm\u2022 Materia\u0142 [&hellip;]<\/p>\n","protected":false},"featured_media":9082,"comment_status":"open","ping_status":"closed","template":"","meta":{"_acf_changed":false},"product_brand":[391],"product_cat":[50],"product_tag":[174,423,396,392,424,425,341,166,400,404],"class_list":{"0":"post-8660","1":"product","2":"type-product","3":"status-publish","4":"has-post-thumbnail","6":"product_brand-gamine","7":"product_cat-okulary-korekcyjne","8":"product_tag-acetat","9":"product_tag-brera","10":"product_tag-designerskie-okulary","11":"product_tag-gamine","12":"product_tag-geometryczne-oprawki","13":"product_tag-gradient-brown-pink","14":"product_tag-male-oprawki","15":"product_tag-modne-okulary","16":"product_tag-oprawki-unisex","17":"product_tag-styl-artystyczny","19":"first","20":"instock","21":"shipping-taxable","22":"purchasable","23":"product-type-simple"},"acf":[],"_links":{"self":[{"href":"https:\/\/www.strzodowie.pl\/sklep\/wp-json\/wp\/v2\/product\/8660","targetHints":{"allow":["GET"]}}],"collection":[{"href":"https:\/\/www.strzodowie.pl\/sklep\/wp-json\/wp\/v2\/product"}],"about":[{"href":"https:\/\/www.strzodowie.pl\/sklep\/wp-json\/wp\/v2\/types\/product"}],"replies":[{"embeddable":true,"href":"https:\/\/www.strzodowie.pl\/sklep\/wp-json\/wp\/v2\/comments?post=8660"}],"wp:featuredmedia":[{"embeddable":true,"href":"https:\/\/www.strzodowie.pl\/sklep\/wp-json\/wp\/v2\/media\/9082"}],"wp:attachment":[{"href":"https:\/\/www.strzodowie.pl\/sklep\/wp-json\/wp\/v2\/media?parent=8660"}],"wp:term":[{"taxonomy":"product_brand","embeddable":true,"href":"https:\/\/www.strzodowie.pl\/sklep\/wp-json\/wp\/v2\/product_brand?post=8660"},{"taxonomy":"product_cat","embeddable":true,"href":"https:\/\/www.strzodowie.pl\/sklep\/wp-json\/wp\/v2\/product_cat?post=8660"},{"taxonomy":"product_tag","embeddable":true,"href":"https:\/\/www.strzodowie.pl\/sklep\/wp-json\/wp\/v2\/product_tag?post=8660"}],"curies":[{"name":"wp","href":"https:\/\/api.w.org\/{rel}","templated":true}]}}