{"id":8650,"date":"2025-11-28T12:49:22","date_gmt":"2025-11-28T11:49:22","guid":{"rendered":"https:\/\/www.strzodowie.pl\/sklep\/?post_type=product&#038;p=8650"},"modified":"2026-02-04T13:37:49","modified_gmt":"2026-02-04T12:37:49","slug":"gamine-lombard","status":"publish","type":"product","link":"https:\/\/www.strzodowie.pl\/sklep\/product\/gamine-lombard\/","title":{"rendered":"Gamine Lombard"},"content":{"rendered":"<h1 data-start=\"1110\" data-end=\"1152\"><strong data-start=\"1112\" data-end=\"1152\">Gamine Lombard 50x20x140 LMD.2BD.CRB<\/strong><\/h1>\n<p data-start=\"1154\" data-end=\"1422\">Model <strong data-start=\"1160\" data-end=\"1183\">Lombard LMD.2BD.CRB<\/strong> wyr\u00f3\u017cnia si\u0119 minimalistyczn\u0105, geometryczn\u0105 form\u0105 oraz eleganckim wyko\u0144czeniem. To idealny wyb\u00f3r dla os\u00f3b, kt\u00f3re ceni\u0105 po\u0142\u0105czenie prostoty, klasy i modnego charakteru. Subtelne zestawienie kolor\u00f3w dodaje im lekko\u015bci i ponadczasowego stylu.<\/p>\n<p data-start=\"1424\" data-end=\"1625\"><strong data-start=\"1424\" data-end=\"1444\">Dane techniczne:<\/strong><br data-start=\"1444\" data-end=\"1447\" \/>\u2022 Szeroko\u015b\u0107 soczewki: 50 mm<br data-start=\"1474\" data-end=\"1477\" \/>\u2022 Szeroko\u015b\u0107 mostka: 20 mm<br data-start=\"1502\" data-end=\"1505\" \/>\u2022 D\u0142ugo\u015b\u0107 zausznika: 140 mm<br data-start=\"1532\" data-end=\"1535\" \/>\u2022 Materia\u0142 oprawy: acetat<br data-start=\"1560\" data-end=\"1563\" \/>\u2022 Kolor oprawy: Black \/ Crystal Brown<br data-start=\"1600\" data-end=\"1603\" \/>\u2022 Rodzaj oprawy: pe\u0142na<\/p>\n<p data-start=\"1627\" data-end=\"1860\"><strong data-start=\"1627\" data-end=\"1679\">Dlaczego warto wybra\u0107 model Lombard LMD.2BD.CRB?<\/strong><br data-start=\"1679\" data-end=\"1682\" \/>\u2022 Minimalistyczna, stylowa konstrukcja.<br data-start=\"1721\" data-end=\"1724\" \/>\u2022 Eleganckie, dwukolorowe wyko\u0144czenie.<br data-start=\"1762\" data-end=\"1765\" \/>\u2022 Solidne, trwa\u0142e materia\u0142y.<br data-start=\"1793\" data-end=\"1796\" \/>\u2022 Idealne do codziennych stylizacji.<br data-start=\"1832\" data-end=\"1835\" \/>\u2022 Subtelny efekt premium.<\/p>\n","protected":false},"excerpt":{"rendered":"<p>Gamine Lombard 50x20x140 LMD.2BD.CRB Model Lombard LMD.2BD.CRB wyr\u00f3\u017cnia si\u0119 minimalistyczn\u0105, geometryczn\u0105 form\u0105 oraz eleganckim wyko\u0144czeniem. To idealny wyb\u00f3r dla os\u00f3b, kt\u00f3re ceni\u0105 po\u0142\u0105czenie prostoty, klasy i modnego charakteru. Subtelne zestawienie kolor\u00f3w dodaje im lekko\u015bci i ponadczasowego stylu. Dane techniczne:\u2022 Szeroko\u015b\u0107 soczewki: 50 mm\u2022 Szeroko\u015b\u0107 mostka: 20 mm\u2022 D\u0142ugo\u015b\u0107 zausznika: 140 mm\u2022 Materia\u0142 oprawy: acetat\u2022 Kolor [&hellip;]<\/p>\n","protected":false},"featured_media":9085,"comment_status":"open","ping_status":"closed","template":"","meta":{"_acf_changed":false},"product_brand":[391],"product_cat":[50],"product_tag":[174,417,169,186,392,416,418,419,399,400],"class_list":{"0":"post-8650","1":"product","2":"type-product","3":"status-publish","4":"has-post-thumbnail","6":"product_brand-gamine","7":"product_cat-okulary-korekcyjne","8":"product_tag-acetat","9":"product_tag-crystal-brown","10":"product_tag-czarne-oprawki","11":"product_tag-elegancki-styl","12":"product_tag-gamine","13":"product_tag-lombard","14":"product_tag-minimalistyczne-oprawki","15":"product_tag-nowoczesne-okulary","16":"product_tag-okulary-geometryczne","17":"product_tag-oprawki-unisex","19":"first","20":"instock","21":"shipping-taxable","22":"purchasable","23":"product-type-simple"},"acf":[],"_links":{"self":[{"href":"https:\/\/www.strzodowie.pl\/sklep\/wp-json\/wp\/v2\/product\/8650","targetHints":{"allow":["GET"]}}],"collection":[{"href":"https:\/\/www.strzodowie.pl\/sklep\/wp-json\/wp\/v2\/product"}],"about":[{"href":"https:\/\/www.strzodowie.pl\/sklep\/wp-json\/wp\/v2\/types\/product"}],"replies":[{"embeddable":true,"href":"https:\/\/www.strzodowie.pl\/sklep\/wp-json\/wp\/v2\/comments?post=8650"}],"wp:featuredmedia":[{"embeddable":true,"href":"https:\/\/www.strzodowie.pl\/sklep\/wp-json\/wp\/v2\/media\/9085"}],"wp:attachment":[{"href":"https:\/\/www.strzodowie.pl\/sklep\/wp-json\/wp\/v2\/media?parent=8650"}],"wp:term":[{"taxonomy":"product_brand","embeddable":true,"href":"https:\/\/www.strzodowie.pl\/sklep\/wp-json\/wp\/v2\/product_brand?post=8650"},{"taxonomy":"product_cat","embeddable":true,"href":"https:\/\/www.strzodowie.pl\/sklep\/wp-json\/wp\/v2\/product_cat?post=8650"},{"taxonomy":"product_tag","embeddable":true,"href":"https:\/\/www.strzodowie.pl\/sklep\/wp-json\/wp\/v2\/product_tag?post=8650"}],"curies":[{"name":"wp","href":"https:\/\/api.w.org\/{rel}","templated":true}]}}