{"id":8638,"date":"2025-11-27T12:44:42","date_gmt":"2025-11-27T11:44:42","guid":{"rendered":"https:\/\/www.strzodowie.pl\/sklep\/?post_type=product&#038;p=8638"},"modified":"2026-02-04T13:39:20","modified_gmt":"2026-02-04T12:39:20","slug":"gamine-quadrilatero","status":"publish","type":"product","link":"https:\/\/www.strzodowie.pl\/sklep\/product\/gamine-quadrilatero\/","title":{"rendered":"Gamine Quadrilatero"},"content":{"rendered":"<h1 data-start=\"1115\" data-end=\"1161\"><strong data-start=\"1117\" data-end=\"1161\">Gamine Quadrilatero 47x23x145 QDR.3GD.DH<\/strong><\/h1>\n<p data-start=\"1163\" data-end=\"1474\">Model <strong data-start=\"1169\" data-end=\"1196\">Quadrilatero QDR.3GD.DH<\/strong> to wyraziste, geometryczne oprawki inspirowane w\u0142oskim minimalizmem. Mocna linia frontu i eleganckie wyko\u0144czenia sprawiaj\u0105, \u017ce jest to propozycja dla os\u00f3b, kt\u00f3re chc\u0105 podkre\u015bli\u0107 sw\u00f3j styl i pewno\u015b\u0107 siebie. To po\u0142\u0105czenie artystycznego podej\u015bcia Gamine z modow\u0105 funkcjonalno\u015bci\u0105.<\/p>\n<p data-start=\"1476\" data-end=\"1682\"><strong data-start=\"1476\" data-end=\"1496\">Dane techniczne:<\/strong><br data-start=\"1496\" data-end=\"1499\" \/>\u2022 Szeroko\u015b\u0107 soczewki: 47 mm<br data-start=\"1526\" data-end=\"1529\" \/>\u2022 Szeroko\u015b\u0107 mostka: 23 mm<br data-start=\"1554\" data-end=\"1557\" \/>\u2022 D\u0142ugo\u015b\u0107 zausznika: 145 mm<br data-start=\"1584\" data-end=\"1587\" \/>\u2022 Materia\u0142 oprawy: acetat<br data-start=\"1612\" data-end=\"1615\" \/>\u2022 Kolor oprawy: Dark Havana \/ Gold accents<br data-start=\"1657\" data-end=\"1660\" \/>\u2022 Rodzaj oprawy: pe\u0142na<\/p>\n<p data-start=\"1684\" data-end=\"1923\"><strong data-start=\"1684\" data-end=\"1740\">Dlaczego warto wybra\u0107 model Quadrilatero QDR.3GD.DH?<\/strong><br data-start=\"1740\" data-end=\"1743\" \/>\u2022 Wyrazista, geometryczna forma.<br data-start=\"1775\" data-end=\"1778\" \/>\u2022 Idealne dla fan\u00f3w mocnych kszta\u0142t\u00f3w.<br data-start=\"1816\" data-end=\"1819\" \/>\u2022 Eleganckie z\u0142ote akcenty.<br data-start=\"1846\" data-end=\"1849\" \/>\u2022 Trwa\u0142a, wysokiej jako\u015bci konstrukcja.<br data-start=\"1888\" data-end=\"1891\" \/>\u2022 Charakterystyczny styl Gamine.<\/p>\n","protected":false},"excerpt":{"rendered":"<p>Gamine Quadrilatero 47x23x145 QDR.3GD.DH Model Quadrilatero QDR.3GD.DH to wyraziste, geometryczne oprawki inspirowane w\u0142oskim minimalizmem. Mocna linia frontu i eleganckie wyko\u0144czenia sprawiaj\u0105, \u017ce jest to propozycja dla os\u00f3b, kt\u00f3re chc\u0105 podkre\u015bli\u0107 sw\u00f3j styl i pewno\u015b\u0107 siebie. To po\u0142\u0105czenie artystycznego podej\u015bcia Gamine z modow\u0105 funkcjonalno\u015bci\u0105. Dane techniczne:\u2022 Szeroko\u015b\u0107 soczewki: 47 mm\u2022 Szeroko\u015b\u0107 mostka: 23 mm\u2022 D\u0142ugo\u015b\u0107 zausznika: [&hellip;]<\/p>\n","protected":false},"featured_media":9088,"comment_status":"open","ping_status":"closed","template":"","meta":{"_acf_changed":false},"product_brand":[391],"product_cat":[50],"product_tag":[174,408,392,379,399,400,409,404,403,410],"class_list":{"0":"post-8638","1":"product","2":"type-product","3":"status-publish","4":"has-post-thumbnail","6":"product_brand-gamine","7":"product_cat-okulary-korekcyjne","8":"product_tag-acetat","9":"product_tag-dark-havana","10":"product_tag-gamine","11":"product_tag-nowoczesny-styl","12":"product_tag-okulary-geometryczne","13":"product_tag-oprawki-unisex","14":"product_tag-quadrilatero","15":"product_tag-styl-artystyczny","16":"product_tag-wyraziste-oprawki","17":"product_tag-zlote-akcenty","19":"first","20":"instock","21":"shipping-taxable","22":"purchasable","23":"product-type-simple"},"acf":[],"_links":{"self":[{"href":"https:\/\/www.strzodowie.pl\/sklep\/wp-json\/wp\/v2\/product\/8638","targetHints":{"allow":["GET"]}}],"collection":[{"href":"https:\/\/www.strzodowie.pl\/sklep\/wp-json\/wp\/v2\/product"}],"about":[{"href":"https:\/\/www.strzodowie.pl\/sklep\/wp-json\/wp\/v2\/types\/product"}],"replies":[{"embeddable":true,"href":"https:\/\/www.strzodowie.pl\/sklep\/wp-json\/wp\/v2\/comments?post=8638"}],"wp:featuredmedia":[{"embeddable":true,"href":"https:\/\/www.strzodowie.pl\/sklep\/wp-json\/wp\/v2\/media\/9088"}],"wp:attachment":[{"href":"https:\/\/www.strzodowie.pl\/sklep\/wp-json\/wp\/v2\/media?parent=8638"}],"wp:term":[{"taxonomy":"product_brand","embeddable":true,"href":"https:\/\/www.strzodowie.pl\/sklep\/wp-json\/wp\/v2\/product_brand?post=8638"},{"taxonomy":"product_cat","embeddable":true,"href":"https:\/\/www.strzodowie.pl\/sklep\/wp-json\/wp\/v2\/product_cat?post=8638"},{"taxonomy":"product_tag","embeddable":true,"href":"https:\/\/www.strzodowie.pl\/sklep\/wp-json\/wp\/v2\/product_tag?post=8638"}],"curies":[{"name":"wp","href":"https:\/\/api.w.org\/{rel}","templated":true}]}}