{"id":8634,"date":"2025-11-27T12:30:14","date_gmt":"2025-11-27T11:30:14","guid":{"rendered":"https:\/\/www.strzodowie.pl\/sklep\/?post_type=product&#038;p=8634"},"modified":"2026-02-04T13:39:44","modified_gmt":"2026-02-04T12:39:44","slug":"gamine-palm-spring","status":"publish","type":"product","link":"https:\/\/www.strzodowie.pl\/sklep\/product\/gamine-palm-spring\/","title":{"rendered":"Gamine Palm Spring"},"content":{"rendered":"<h1 data-start=\"140\" data-end=\"184\"><strong data-start=\"142\" data-end=\"184\">Gamine Palm Spring 48x17x145 PLM.1DH.B<\/strong><\/h1>\n<p data-start=\"186\" data-end=\"530\">Model <strong data-start=\"192\" data-end=\"217\">Palm Spring PLM.1DH.B<\/strong> to lekkie, stylowe oprawki o mi\u0119kkim, harmonijnym kszta\u0142cie. Po\u0142\u0105czenie nowoczesnej formy z artystycznym charakterem sprawia, \u017ce idealnie komponuj\u0105 si\u0119 z codziennymi i modowymi stylizacjami. Delikatna, subtelna kolorystyka nadaje im elegancj\u0119, a starannie wykonany acetat zapewnia trwa\u0142o\u015b\u0107 i komfort u\u017cytkowania.<\/p>\n<p data-start=\"532\" data-end=\"731\"><strong data-start=\"532\" data-end=\"552\">Dane techniczne:<\/strong><br data-start=\"552\" data-end=\"555\" \/>\u2022 Szeroko\u015b\u0107 soczewki: 48 mm<br data-start=\"582\" data-end=\"585\" \/>\u2022 Szeroko\u015b\u0107 mostka: 17 mm<br data-start=\"610\" data-end=\"613\" \/>\u2022 D\u0142ugo\u015b\u0107 zausznika: 145 mm<br data-start=\"640\" data-end=\"643\" \/>\u2022 Materia\u0142 oprawy: acetat<br data-start=\"668\" data-end=\"671\" \/>\u2022 Kolor oprawy: Brown \/ Dark Havana<br data-start=\"706\" data-end=\"709\" \/>\u2022 Rodzaj oprawy: pe\u0142na<\/p>\n<p data-start=\"733\" data-end=\"952\"><strong data-start=\"733\" data-end=\"787\">Dlaczego warto wybra\u0107 model Palm Spring PLM.1DH.B?<\/strong><br data-start=\"787\" data-end=\"790\" \/>\u2022 Nowoczesna, lekka forma.<br data-start=\"816\" data-end=\"819\" \/>\u2022 Subtelna, naturalna kolorystyka.<br data-start=\"853\" data-end=\"856\" \/>\u2022 Wysokiej jako\u015bci acetat.<br data-start=\"882\" data-end=\"885\" \/>\u2022 Wygodne w codziennym noszeniu.<br data-start=\"917\" data-end=\"920\" \/>\u2022 Artystyczny styl marki Gamine.<\/p>\n","protected":false},"excerpt":{"rendered":"<p>Gamine Palm Spring 48x17x145 PLM.1DH.B Model Palm Spring PLM.1DH.B to lekkie, stylowe oprawki o mi\u0119kkim, harmonijnym kszta\u0142cie. Po\u0142\u0105czenie nowoczesnej formy z artystycznym charakterem sprawia, \u017ce idealnie komponuj\u0105 si\u0119 z codziennymi i modowymi stylizacjami. Delikatna, subtelna kolorystyka nadaje im elegancj\u0119, a starannie wykonany acetat zapewnia trwa\u0142o\u015b\u0107 i komfort u\u017cytkowania. Dane techniczne:\u2022 Szeroko\u015b\u0107 soczewki: 48 mm\u2022 Szeroko\u015b\u0107 [&hellip;]<\/p>\n","protected":false},"featured_media":9089,"comment_status":"open","ping_status":"closed","template":"","meta":{"_acf_changed":false},"product_brand":[391],"product_cat":[50],"product_tag":[174,407,408,392,226,177,406,400,405,404],"class_list":{"0":"post-8634","1":"product","2":"type-product","3":"status-publish","4":"has-post-thumbnail","6":"product_brand-gamine","7":"product_cat-okulary-korekcyjne","8":"product_tag-acetat","9":"product_tag-brazowe-oprawki","10":"product_tag-dark-havana","11":"product_tag-gamine","12":"product_tag-lekkie-oprawki","13":"product_tag-nowoczesny-design","14":"product_tag-okulary-owalne","15":"product_tag-oprawki-unisex","16":"product_tag-palm-spring","17":"product_tag-styl-artystyczny","19":"first","20":"instock","21":"shipping-taxable","22":"purchasable","23":"product-type-simple"},"acf":[],"_links":{"self":[{"href":"https:\/\/www.strzodowie.pl\/sklep\/wp-json\/wp\/v2\/product\/8634","targetHints":{"allow":["GET"]}}],"collection":[{"href":"https:\/\/www.strzodowie.pl\/sklep\/wp-json\/wp\/v2\/product"}],"about":[{"href":"https:\/\/www.strzodowie.pl\/sklep\/wp-json\/wp\/v2\/types\/product"}],"replies":[{"embeddable":true,"href":"https:\/\/www.strzodowie.pl\/sklep\/wp-json\/wp\/v2\/comments?post=8634"}],"wp:featuredmedia":[{"embeddable":true,"href":"https:\/\/www.strzodowie.pl\/sklep\/wp-json\/wp\/v2\/media\/9089"}],"wp:attachment":[{"href":"https:\/\/www.strzodowie.pl\/sklep\/wp-json\/wp\/v2\/media?parent=8634"}],"wp:term":[{"taxonomy":"product_brand","embeddable":true,"href":"https:\/\/www.strzodowie.pl\/sklep\/wp-json\/wp\/v2\/product_brand?post=8634"},{"taxonomy":"product_cat","embeddable":true,"href":"https:\/\/www.strzodowie.pl\/sklep\/wp-json\/wp\/v2\/product_cat?post=8634"},{"taxonomy":"product_tag","embeddable":true,"href":"https:\/\/www.strzodowie.pl\/sklep\/wp-json\/wp\/v2\/product_tag?post=8634"}],"curies":[{"name":"wp","href":"https:\/\/api.w.org\/{rel}","templated":true}]}}