{"id":8629,"date":"2025-11-27T12:06:44","date_gmt":"2025-11-27T11:06:44","guid":{"rendered":"https:\/\/www.strzodowie.pl\/sklep\/?post_type=product&#038;p=8629"},"modified":"2026-02-04T13:41:30","modified_gmt":"2026-02-04T12:41:30","slug":"gamine-neukolln","status":"publish","type":"product","link":"https:\/\/www.strzodowie.pl\/sklep\/product\/gamine-neukolln\/","title":{"rendered":"Gamine Neuk\u00f6lln"},"content":{"rendered":"<h2 data-start=\"986\" data-end=\"1029\"><strong data-start=\"989\" data-end=\"1029\">Gamine Neuk\u00f6lln 51x24x148 NKL.8CDH.8<\/strong><\/h2>\n<p data-start=\"1030\" data-end=\"1328\">Model <strong data-start=\"1036\" data-end=\"1059\">Neuk\u00f6lln NKL.8CDH.8<\/strong> to odwa\u017cne, geometryczne oprawki o unikatowej formie. Szeroka, nowoczesna konstrukcja w po\u0142\u0105czeniu z artystycznym podej\u015bciem marki Gamine tworzy opraw\u0119, kt\u00f3ra staje si\u0119 mocnym elementem stylizacji. To propozycja dla os\u00f3b pewnych siebie i lubi\u0105cych modowe eksperymenty.<\/p>\n<p data-start=\"1330\" data-end=\"1536\"><strong data-start=\"1330\" data-end=\"1350\">Dane techniczne:<\/strong><br data-start=\"1350\" data-end=\"1353\" \/>\u2022 Szeroko\u015b\u0107 soczewki: 51 mm<br data-start=\"1380\" data-end=\"1383\" \/>\u2022 Szeroko\u015b\u0107 mostka: 24 mm<br data-start=\"1408\" data-end=\"1411\" \/>\u2022 D\u0142ugo\u015b\u0107 zausznika: 148 mm<br data-start=\"1438\" data-end=\"1441\" \/>\u2022 Materia\u0142 oprawy: acetat<br data-start=\"1466\" data-end=\"1469\" \/>\u2022 Kolor oprawy: Charcoal \/ Dark Havana mix<br data-start=\"1511\" data-end=\"1514\" \/>\u2022 Rodzaj oprawy: pe\u0142na<\/p>\n<p data-start=\"1538\" data-end=\"1841\"><strong data-start=\"1538\" data-end=\"1590\">Dlaczego warto wybra\u0107 model Neuk\u00f6lln NKL.8CDH.8?<\/strong><br data-start=\"1590\" data-end=\"1593\" \/>\u2022 Wyrazisty, geometryczny design.<br data-start=\"1626\" data-end=\"1629\" \/>\u2022 Idealny wyb\u00f3r dla mi\u0142o\u015bnik\u00f3w wyrazistych form.<br data-start=\"1677\" data-end=\"1680\" \/>\u2022 Trwa\u0142y acetat o artystycznym wyko\u0144czeniu.<br data-start=\"1723\" data-end=\"1726\" \/>\u2022 Bardzo wygodna, lekko oversize\u2019owa konstrukcja.<br data-start=\"1775\" data-end=\"1778\" \/>\u2022 Oprawki, kt\u00f3re przyci\u0105gaj\u0105 wzrok i podkre\u015blaj\u0105 indywidualizm.<\/p>\n","protected":false},"excerpt":{"rendered":"<p>Gamine Neuk\u00f6lln 51x24x148 NKL.8CDH.8 Model Neuk\u00f6lln NKL.8CDH.8 to odwa\u017cne, geometryczne oprawki o unikatowej formie. Szeroka, nowoczesna konstrukcja w po\u0142\u0105czeniu z artystycznym podej\u015bciem marki Gamine tworzy opraw\u0119, kt\u00f3ra staje si\u0119 mocnym elementem stylizacji. To propozycja dla os\u00f3b pewnych siebie i lubi\u0105cych modowe eksperymenty. Dane techniczne:\u2022 Szeroko\u015b\u0107 soczewki: 51 mm\u2022 Szeroko\u015b\u0107 mostka: 24 mm\u2022 D\u0142ugo\u015b\u0107 zausznika: 148 [&hellip;]<\/p>\n","protected":false},"featured_media":9090,"comment_status":"open","ping_status":"closed","template":"","meta":{"_acf_changed":false},"product_brand":[391],"product_cat":[50],"product_tag":[174,402,392,398,177,399,400,401,404,403],"class_list":{"0":"post-8629","1":"product","2":"type-product","3":"status-publish","4":"has-post-thumbnail","6":"product_brand-gamine","7":"product_cat-okulary-korekcyjne","8":"product_tag-acetat","9":"product_tag-charcoal-havana","10":"product_tag-gamine","11":"product_tag-neukolln","12":"product_tag-nowoczesny-design","13":"product_tag-okulary-geometryczne","14":"product_tag-oprawki-unisex","15":"product_tag-oversize-frames","16":"product_tag-styl-artystyczny","17":"product_tag-wyraziste-oprawki","19":"first","20":"instock","21":"shipping-taxable","22":"purchasable","23":"product-type-simple"},"acf":[],"_links":{"self":[{"href":"https:\/\/www.strzodowie.pl\/sklep\/wp-json\/wp\/v2\/product\/8629","targetHints":{"allow":["GET"]}}],"collection":[{"href":"https:\/\/www.strzodowie.pl\/sklep\/wp-json\/wp\/v2\/product"}],"about":[{"href":"https:\/\/www.strzodowie.pl\/sklep\/wp-json\/wp\/v2\/types\/product"}],"replies":[{"embeddable":true,"href":"https:\/\/www.strzodowie.pl\/sklep\/wp-json\/wp\/v2\/comments?post=8629"}],"wp:featuredmedia":[{"embeddable":true,"href":"https:\/\/www.strzodowie.pl\/sklep\/wp-json\/wp\/v2\/media\/9090"}],"wp:attachment":[{"href":"https:\/\/www.strzodowie.pl\/sklep\/wp-json\/wp\/v2\/media?parent=8629"}],"wp:term":[{"taxonomy":"product_brand","embeddable":true,"href":"https:\/\/www.strzodowie.pl\/sklep\/wp-json\/wp\/v2\/product_brand?post=8629"},{"taxonomy":"product_cat","embeddable":true,"href":"https:\/\/www.strzodowie.pl\/sklep\/wp-json\/wp\/v2\/product_cat?post=8629"},{"taxonomy":"product_tag","embeddable":true,"href":"https:\/\/www.strzodowie.pl\/sklep\/wp-json\/wp\/v2\/product_tag?post=8629"}],"curies":[{"name":"wp","href":"https:\/\/api.w.org\/{rel}","templated":true}]}}