{"id":8624,"date":"2025-11-27T11:57:14","date_gmt":"2025-11-27T10:57:14","guid":{"rendered":"https:\/\/www.strzodowie.pl\/sklep\/?post_type=product&#038;p=8624"},"modified":"2026-02-04T13:41:52","modified_gmt":"2026-02-04T12:41:52","slug":"gamine-tulum","status":"publish","type":"product","link":"https:\/\/www.strzodowie.pl\/sklep\/product\/gamine-tulum\/","title":{"rendered":"Gamine Tulum"},"content":{"rendered":"<h2 data-start=\"95\" data-end=\"135\"><strong data-start=\"98\" data-end=\"135\">Gamine Tulum 47x23x145 TLM.6GD.GN<\/strong><\/h2>\n<p data-start=\"136\" data-end=\"489\">Model <strong data-start=\"142\" data-end=\"162\">Tulum TLM.6GD.GN<\/strong> to designerskie oprawki, kt\u00f3re \u0142\u0105cz\u0105 lekko retro charakter z nowoczesn\u0105 estetyk\u0105. Ich kompaktowy, zaokr\u0105glony kszta\u0142t oraz wyj\u0105tkowa kolorystyka sprawiaj\u0105, \u017ce s\u0105 idealnym wyborem dla os\u00f3b ceni\u0105cych oryginalno\u015b\u0107 i nietuzinkowy styl. To model dla tych, kt\u00f3rzy chc\u0105 si\u0119 wyr\u00f3\u017cni\u0107, zachowuj\u0105c pe\u0142en komfort codziennego u\u017cytkowania.<\/p>\n<p data-start=\"491\" data-end=\"691\"><strong data-start=\"491\" data-end=\"511\">Dane techniczne:<\/strong><br data-start=\"511\" data-end=\"514\" \/>\u2022 Szeroko\u015b\u0107 soczewki: 47 mm<br data-start=\"541\" data-end=\"544\" \/>\u2022 Szeroko\u015b\u0107 mostka: 23 mm<br data-start=\"569\" data-end=\"572\" \/>\u2022 D\u0142ugo\u015b\u0107 zausznika: 145 mm<br data-start=\"599\" data-end=\"602\" \/>\u2022 Materia\u0142 oprawy: acetat<br data-start=\"627\" data-end=\"630\" \/>\u2022 Kolor oprawy: Green \/ Gold accents<br data-start=\"666\" data-end=\"669\" \/>\u2022 Rodzaj oprawy: pe\u0142na<\/p>\n<p data-start=\"693\" data-end=\"979\"><strong data-start=\"693\" data-end=\"742\">Dlaczego warto wybra\u0107 model Tulum TLM.6GD.GN?<\/strong><br data-start=\"742\" data-end=\"745\" \/>\u2022 Oryginalny, artystyczny design Gamine.<br data-start=\"785\" data-end=\"788\" \/>\u2022 Kompaktowy, zaokr\u0105glony kszta\u0142t dodaj\u0105cy lekko\u015bci.<br data-start=\"840\" data-end=\"843\" \/>\u2022 Wysokiej jako\u015bci acetat zapewniaj\u0105cy trwa\u0142o\u015b\u0107.<br data-start=\"891\" data-end=\"894\" \/>\u2022 Komfortowe noszenie na co dzie\u0144.<br data-start=\"928\" data-end=\"931\" \/>\u2022 Idealne dla os\u00f3b lubi\u0105cych mod\u0119 z charakterem.<\/p>\n","protected":false},"excerpt":{"rendered":"<p>Gamine Tulum 47x23x145 TLM.6GD.GN Model Tulum TLM.6GD.GN to designerskie oprawki, kt\u00f3re \u0142\u0105cz\u0105 lekko retro charakter z nowoczesn\u0105 estetyk\u0105. Ich kompaktowy, zaokr\u0105glony kszta\u0142t oraz wyj\u0105tkowa kolorystyka sprawiaj\u0105, \u017ce s\u0105 idealnym wyborem dla os\u00f3b ceni\u0105cych oryginalno\u015b\u0107 i nietuzinkowy styl. To model dla tych, kt\u00f3rzy chc\u0105 si\u0119 wyr\u00f3\u017cni\u0107, zachowuj\u0105c pe\u0142en komfort codziennego u\u017cytkowania. Dane techniczne:\u2022 Szeroko\u015b\u0107 soczewki: 47 [&hellip;]<\/p>\n","protected":false},"featured_media":9092,"comment_status":"open","ping_status":"closed","template":"","meta":{"_acf_changed":false},"product_brand":[391],"product_cat":[50],"product_tag":[174,396,392,226,397,394,225,395,393,240],"class_list":{"0":"post-8624","1":"product","2":"type-product","3":"status-publish","4":"has-post-thumbnail","6":"product_brand-gamine","7":"product_cat-okulary-korekcyjne","8":"product_tag-acetat","9":"product_tag-designerskie-okulary","10":"product_tag-gamine","11":"product_tag-lekkie-oprawki","12":"product_tag-moda-okularowa","13":"product_tag-okulary-okragle","14":"product_tag-oprawki-damskie","15":"product_tag-styl-retro","16":"product_tag-tulum","17":"product_tag-zielone-oprawki","19":"first","20":"instock","21":"shipping-taxable","22":"purchasable","23":"product-type-simple"},"acf":[],"_links":{"self":[{"href":"https:\/\/www.strzodowie.pl\/sklep\/wp-json\/wp\/v2\/product\/8624","targetHints":{"allow":["GET"]}}],"collection":[{"href":"https:\/\/www.strzodowie.pl\/sklep\/wp-json\/wp\/v2\/product"}],"about":[{"href":"https:\/\/www.strzodowie.pl\/sklep\/wp-json\/wp\/v2\/types\/product"}],"replies":[{"embeddable":true,"href":"https:\/\/www.strzodowie.pl\/sklep\/wp-json\/wp\/v2\/comments?post=8624"}],"wp:featuredmedia":[{"embeddable":true,"href":"https:\/\/www.strzodowie.pl\/sklep\/wp-json\/wp\/v2\/media\/9092"}],"wp:attachment":[{"href":"https:\/\/www.strzodowie.pl\/sklep\/wp-json\/wp\/v2\/media?parent=8624"}],"wp:term":[{"taxonomy":"product_brand","embeddable":true,"href":"https:\/\/www.strzodowie.pl\/sklep\/wp-json\/wp\/v2\/product_brand?post=8624"},{"taxonomy":"product_cat","embeddable":true,"href":"https:\/\/www.strzodowie.pl\/sklep\/wp-json\/wp\/v2\/product_cat?post=8624"},{"taxonomy":"product_tag","embeddable":true,"href":"https:\/\/www.strzodowie.pl\/sklep\/wp-json\/wp\/v2\/product_tag?post=8624"}],"curies":[{"name":"wp","href":"https:\/\/api.w.org\/{rel}","templated":true}]}}