{"id":8620,"date":"2025-11-25T13:42:40","date_gmt":"2025-11-25T12:42:40","guid":{"rendered":"https:\/\/www.strzodowie.pl\/sklep\/?post_type=product&#038;p=8620"},"modified":"2026-02-06T14:50:00","modified_gmt":"2026-02-06T13:50:00","slug":"michael-kors-mk3035","status":"publish","type":"product","link":"https:\/\/www.strzodowie.pl\/sklep\/product\/michael-kors-mk3035\/","title":{"rendered":"Michael Kors MK3035"},"content":{"rendered":"<h2 data-start=\"3655\" data-end=\"3686\"><strong data-start=\"3658\" data-end=\"3686\">Michael Kors MK3035 1108<\/strong><\/h2>\n<p data-start=\"3687\" data-end=\"3857\">Model MK3035 1108 to eleganckie, metalowe oprawki o klasycznym, delikatnym kszta\u0142cie. Z\u0142ote wyko\u0144czenie dodaje im luksusowego charakteru, zachowuj\u0105c subtelno\u015b\u0107 i lekko\u015b\u0107.<\/p>\n<p data-start=\"3859\" data-end=\"4048\"><strong data-start=\"3859\" data-end=\"3879\">Dane techniczne:<\/strong><br data-start=\"3879\" data-end=\"3882\" \/>\u2022 Szeroko\u015b\u0107 soczewki: 54 mm<br data-start=\"3909\" data-end=\"3912\" \/>\u2022 Szeroko\u015b\u0107 mostka: 16 mm<br data-start=\"3937\" data-end=\"3940\" \/>\u2022 D\u0142ugo\u015b\u0107 zausznika: 140 mm<br data-start=\"3967\" data-end=\"3970\" \/>\u2022 Materia\u0142 oprawy: metal<br data-start=\"3994\" data-end=\"3997\" \/>\u2022 Kolor oprawy: Light Gold<br data-start=\"4023\" data-end=\"4026\" \/>\u2022 Rodzaj oprawy: pe\u0142na<\/p>\n<p data-start=\"4050\" data-end=\"4286\"><strong data-start=\"4050\" data-end=\"4094\">Dlaczego warto wybra\u0107 model MK3035 1108?<\/strong><br data-start=\"4094\" data-end=\"4097\" \/>\u2022 Klasyczna elegancja.<br data-start=\"4119\" data-end=\"4122\" \/>\u2022 Delikatny, kobiecy design.<br data-start=\"4150\" data-end=\"4153\" \/>\u2022 Lekkie i komfortowe w noszeniu.<br data-start=\"4186\" data-end=\"4189\" \/>\u2022 Z\u0142ote akcenty kojarzone z mark\u0105 Michael Kors.<br data-start=\"4236\" data-end=\"4239\" \/>\u2022 Doskona\u0142e do stylu biznesowego i codziennego.<\/p>\n","protected":false},"excerpt":{"rendered":"<p>Michael Kors MK3035 1108 Model MK3035 1108 to eleganckie, metalowe oprawki o klasycznym, delikatnym kszta\u0142cie. Z\u0142ote wyko\u0144czenie dodaje im luksusowego charakteru, zachowuj\u0105c subtelno\u015b\u0107 i lekko\u015b\u0107. Dane techniczne:\u2022 Szeroko\u015b\u0107 soczewki: 54 mm\u2022 Szeroko\u015b\u0107 mostka: 16 mm\u2022 D\u0142ugo\u015b\u0107 zausznika: 140 mm\u2022 Materia\u0142 oprawy: metal\u2022 Kolor oprawy: Light Gold\u2022 Rodzaj oprawy: pe\u0142na Dlaczego warto wybra\u0107 model MK3035 1108?\u2022 [&hellip;]<\/p>\n","protected":false},"featured_media":9169,"comment_status":"open","ping_status":"closed","template":"","meta":{"_acf_changed":false},"product_brand":[64],"product_cat":[50],"product_tag":[186,165,162,179,390,166,145],"class_list":{"0":"post-8620","1":"product","2":"type-product","3":"status-publish","4":"has-post-thumbnail","6":"product_brand-michael-kors","7":"product_cat-okulary-korekcyjne","8":"product_tag-elegancki-styl","9":"product_tag-eleganckie-okulary","10":"product_tag-kocie-oprawki","11":"product_tag-luksusowe-okulary","12":"product_tag-michael-kors","13":"product_tag-modne-okulary","14":"product_tag-okulary-premium","16":"first","17":"instock","18":"shipping-taxable","19":"purchasable","20":"product-type-simple"},"acf":[],"_links":{"self":[{"href":"https:\/\/www.strzodowie.pl\/sklep\/wp-json\/wp\/v2\/product\/8620","targetHints":{"allow":["GET"]}}],"collection":[{"href":"https:\/\/www.strzodowie.pl\/sklep\/wp-json\/wp\/v2\/product"}],"about":[{"href":"https:\/\/www.strzodowie.pl\/sklep\/wp-json\/wp\/v2\/types\/product"}],"replies":[{"embeddable":true,"href":"https:\/\/www.strzodowie.pl\/sklep\/wp-json\/wp\/v2\/comments?post=8620"}],"wp:featuredmedia":[{"embeddable":true,"href":"https:\/\/www.strzodowie.pl\/sklep\/wp-json\/wp\/v2\/media\/9169"}],"wp:attachment":[{"href":"https:\/\/www.strzodowie.pl\/sklep\/wp-json\/wp\/v2\/media?parent=8620"}],"wp:term":[{"taxonomy":"product_brand","embeddable":true,"href":"https:\/\/www.strzodowie.pl\/sklep\/wp-json\/wp\/v2\/product_brand?post=8620"},{"taxonomy":"product_cat","embeddable":true,"href":"https:\/\/www.strzodowie.pl\/sklep\/wp-json\/wp\/v2\/product_cat?post=8620"},{"taxonomy":"product_tag","embeddable":true,"href":"https:\/\/www.strzodowie.pl\/sklep\/wp-json\/wp\/v2\/product_tag?post=8620"}],"curies":[{"name":"wp","href":"https:\/\/api.w.org\/{rel}","templated":true}]}}