{"id":8613,"date":"2025-11-25T13:29:44","date_gmt":"2025-11-25T12:29:44","guid":{"rendered":"https:\/\/www.strzodowie.pl\/sklep\/?post_type=product&#038;p=8613"},"modified":"2026-02-04T14:44:40","modified_gmt":"2026-02-04T13:44:40","slug":"versace-ve4452","status":"publish","type":"product","link":"https:\/\/www.strzodowie.pl\/sklep\/product\/versace-ve4452\/","title":{"rendered":"Versace VE4452"},"content":{"rendered":"<h2 data-start=\"236\" data-end=\"264\"><strong data-start=\"239\" data-end=\"264\">Versace VE4452 GB1\/87<\/strong><\/h2>\n<p data-start=\"265\" data-end=\"533\">Model VE4452 GB1\/87 to stylowe, pe\u0142ne oprawki o wyrazistej, lekko kanciastej formie. Klasyczna czer\u0144 po\u0142\u0105czona z charakterystycznymi z\u0142otymi akcentami nadaje im luksusowy i rozpoznawalny wygl\u0105d marki Versace. Idealne dla os\u00f3b ceni\u0105cych mod\u0119 premium i wyrazisty design.<\/p>\n<p data-start=\"535\" data-end=\"727\"><strong data-start=\"535\" data-end=\"555\">Dane techniczne:<\/strong><br data-start=\"555\" data-end=\"558\" \/>\u2022 Szeroko\u015b\u0107 soczewki: 54 mm<br data-start=\"585\" data-end=\"588\" \/>\u2022 Szeroko\u015b\u0107 mostka: 19 mm<br data-start=\"613\" data-end=\"616\" \/>\u2022 D\u0142ugo\u015b\u0107 zausznika: 135 mm<br data-start=\"643\" data-end=\"646\" \/>\u2022 Materia\u0142 oprawy: acetat<br data-start=\"671\" data-end=\"674\" \/>\u2022 Kolor oprawy: Black \/ Gold<br data-start=\"702\" data-end=\"705\" \/>\u2022 Rodzaj oprawy: pe\u0142na<\/p>\n<p data-start=\"729\" data-end=\"974\"><strong data-start=\"729\" data-end=\"775\">Dlaczego warto wybra\u0107 model VE4452 GB1\/87?<\/strong><br data-start=\"775\" data-end=\"778\" \/>\u2022 Luksusowy charakter typowy dla Versace.<br data-start=\"819\" data-end=\"822\" \/>\u2022 Wyrazisty, modowy kszta\u0142t.<br data-start=\"850\" data-end=\"853\" \/>\u2022 Solidna konstrukcja z acetatu.<br data-start=\"885\" data-end=\"888\" \/>\u2022 Idealne dla fan\u00f3w mocnych, eleganckich form.<br data-start=\"934\" data-end=\"937\" \/>\u2022 Z\u0142ote detale podkre\u015blaj\u0105ce presti\u017c.<\/p>\n","protected":false},"excerpt":{"rendered":"<p>Versace VE4452 GB1\/87 Model VE4452 GB1\/87 to stylowe, pe\u0142ne oprawki o wyrazistej, lekko kanciastej formie. Klasyczna czer\u0144 po\u0142\u0105czona z charakterystycznymi z\u0142otymi akcentami nadaje im luksusowy i rozpoznawalny wygl\u0105d marki Versace. Idealne dla os\u00f3b ceni\u0105cych mod\u0119 premium i wyrazisty design. Dane techniczne:\u2022 Szeroko\u015b\u0107 soczewki: 54 mm\u2022 Szeroko\u015b\u0107 mostka: 19 mm\u2022 D\u0142ugo\u015b\u0107 zausznika: 135 mm\u2022 Materia\u0142 oprawy: [&hellip;]<\/p>\n","protected":false},"featured_media":9114,"comment_status":"open","ping_status":"closed","template":"","meta":{"_acf_changed":false},"product_brand":[60],"product_cat":[70,51],"product_tag":[164,154,165,362,359,168,149,389],"class_list":{"0":"post-8613","1":"product","2":"type-product","3":"status-publish","4":"has-post-thumbnail","6":"product_brand-versace","7":"product_cat-modne","8":"product_cat-okulary-przeciwsloneczne","9":"product_tag-acetatowe-okulary","10":"product_tag-czarne-okulary","11":"product_tag-eleganckie-okulary","12":"product_tag-eleganckie-oprawki","13":"product_tag-luksusowe-oprawki","14":"product_tag-okulary-damskie","15":"product_tag-okulary-designerskie","16":"product_tag-versace","18":"first","19":"instock","20":"shipping-taxable","21":"purchasable","22":"product-type-simple"},"acf":[],"_links":{"self":[{"href":"https:\/\/www.strzodowie.pl\/sklep\/wp-json\/wp\/v2\/product\/8613","targetHints":{"allow":["GET"]}}],"collection":[{"href":"https:\/\/www.strzodowie.pl\/sklep\/wp-json\/wp\/v2\/product"}],"about":[{"href":"https:\/\/www.strzodowie.pl\/sklep\/wp-json\/wp\/v2\/types\/product"}],"replies":[{"embeddable":true,"href":"https:\/\/www.strzodowie.pl\/sklep\/wp-json\/wp\/v2\/comments?post=8613"}],"wp:featuredmedia":[{"embeddable":true,"href":"https:\/\/www.strzodowie.pl\/sklep\/wp-json\/wp\/v2\/media\/9114"}],"wp:attachment":[{"href":"https:\/\/www.strzodowie.pl\/sklep\/wp-json\/wp\/v2\/media?parent=8613"}],"wp:term":[{"taxonomy":"product_brand","embeddable":true,"href":"https:\/\/www.strzodowie.pl\/sklep\/wp-json\/wp\/v2\/product_brand?post=8613"},{"taxonomy":"product_cat","embeddable":true,"href":"https:\/\/www.strzodowie.pl\/sklep\/wp-json\/wp\/v2\/product_cat?post=8613"},{"taxonomy":"product_tag","embeddable":true,"href":"https:\/\/www.strzodowie.pl\/sklep\/wp-json\/wp\/v2\/product_tag?post=8613"}],"curies":[{"name":"wp","href":"https:\/\/api.w.org\/{rel}","templated":true}]}}