{"id":8585,"date":"2025-11-03T09:26:10","date_gmt":"2025-11-03T08:26:10","guid":{"rendered":"https:\/\/www.strzodowie.pl\/sklep\/?post_type=product&#038;p=8585"},"modified":"2026-01-28T10:32:52","modified_gmt":"2026-01-28T09:32:52","slug":"guess-gu2725","status":"publish","type":"product","link":"https:\/\/www.strzodowie.pl\/sklep\/product\/guess-gu2725\/","title":{"rendered":"Guess GU2725"},"content":{"rendered":"<h3 class=\"western\"><strong>Guess GU2725_50005<\/strong><\/h3>\n<p>Model GU2725_50005 to kompaktowe, metalowe oprawki o minimalistycznym kszta\u0142cie. Cienka konstrukcja podkre\u015bla nowoczesny charakter, zachowuj\u0105c przy tym pe\u0142en komfort u\u017cytkowania.<br \/>\n<strong>Dane techniczne:<\/strong><br \/>\nSzeroko\u015b\u0107 soczewki: 50 mm<br \/>\nSzeroko\u015b\u0107 mostka: 18 mm<br \/>\nD\u0142ugo\u015b\u0107 zausznika: 140 mm<br \/>\nMateria\u0142 oprawy: metal<br \/>\nKolor oprawy: Black<br \/>\nRodzaj oprawy: pe\u0142na<\/p>\n<p><strong>Dlaczego warto wybra\u0107 model GU2725_50005?<\/strong><br \/>\n\u2022 Kompaktowy rozmiar i lekko\u015b\u0107.<br \/>\n\u2022 Minimalistyczny styl.<br \/>\n\u2022 Trwa\u0142a, metalowa oprawa.<br \/>\n\u2022 Komfortowe noszenie.<br \/>\n\u2022 Klasyka marki Guess.<\/p>\n","protected":false},"excerpt":{"rendered":"<p>Guess GU2725_50005 Model GU2725_50005 to kompaktowe, metalowe oprawki o minimalistycznym kszta\u0142cie. Cienka konstrukcja podkre\u015bla nowoczesny charakter, zachowuj\u0105c przy tym pe\u0142en komfort u\u017cytkowania. Dane techniczne: Szeroko\u015b\u0107 soczewki: 50 mm Szeroko\u015b\u0107 mostka: 18 mm D\u0142ugo\u015b\u0107 zausznika: 140 mm Materia\u0142 oprawy: metal Kolor oprawy: Black Rodzaj oprawy: pe\u0142na Dlaczego warto wybra\u0107 model GU2725_50005? \u2022 Kompaktowy rozmiar i lekko\u015b\u0107. [&hellip;]<\/p>\n","protected":false},"featured_media":8586,"comment_status":"open","ping_status":"closed","template":"","meta":{"_acf_changed":false},"product_brand":[63],"product_cat":[50],"product_tag":[154,362,317,373,382,375,166,227,358,378],"class_list":{"0":"post-8585","1":"product","2":"type-product","3":"status-publish","4":"has-post-thumbnail","6":"product_brand-guess","7":"product_cat-okulary-korekcyjne","8":"product_tag-czarne-okulary","9":"product_tag-eleganckie-oprawki","10":"product_tag-guess","11":"product_tag-male-okulary","12":"product_tag-metalowe-oprawki","13":"product_tag-minimalistyczny-design","14":"product_tag-modne-okulary","15":"product_tag-pelna-oprawa","16":"product_tag-styl-guess","17":"product_tag-unisex","19":"first","20":"onbackorder","21":"shipping-taxable","22":"purchasable","23":"product-type-simple"},"acf":[],"_links":{"self":[{"href":"https:\/\/www.strzodowie.pl\/sklep\/wp-json\/wp\/v2\/product\/8585","targetHints":{"allow":["GET"]}}],"collection":[{"href":"https:\/\/www.strzodowie.pl\/sklep\/wp-json\/wp\/v2\/product"}],"about":[{"href":"https:\/\/www.strzodowie.pl\/sklep\/wp-json\/wp\/v2\/types\/product"}],"replies":[{"embeddable":true,"href":"https:\/\/www.strzodowie.pl\/sklep\/wp-json\/wp\/v2\/comments?post=8585"}],"wp:featuredmedia":[{"embeddable":true,"href":"https:\/\/www.strzodowie.pl\/sklep\/wp-json\/wp\/v2\/media\/8586"}],"wp:attachment":[{"href":"https:\/\/www.strzodowie.pl\/sklep\/wp-json\/wp\/v2\/media?parent=8585"}],"wp:term":[{"taxonomy":"product_brand","embeddable":true,"href":"https:\/\/www.strzodowie.pl\/sklep\/wp-json\/wp\/v2\/product_brand?post=8585"},{"taxonomy":"product_cat","embeddable":true,"href":"https:\/\/www.strzodowie.pl\/sklep\/wp-json\/wp\/v2\/product_cat?post=8585"},{"taxonomy":"product_tag","embeddable":true,"href":"https:\/\/www.strzodowie.pl\/sklep\/wp-json\/wp\/v2\/product_tag?post=8585"}],"curies":[{"name":"wp","href":"https:\/\/api.w.org\/{rel}","templated":true}]}}