{"id":8579,"date":"2025-11-03T09:13:57","date_gmt":"2025-11-03T08:13:57","guid":{"rendered":"https:\/\/www.strzodowie.pl\/sklep\/?post_type=product&#038;p=8579"},"modified":"2026-01-28T10:32:52","modified_gmt":"2026-01-28T09:32:52","slug":"8579","status":"publish","type":"product","link":"https:\/\/www.strzodowie.pl\/sklep\/product\/8579\/","title":{"rendered":"Guess GU2982"},"content":{"rendered":"<h3 class=\"western\"><strong>Guess GU2982_53005<\/strong><\/h3>\n<p>Model GU2982_53005 to lekkie metalowe oprawki o prostym, harmonijnym kszta\u0142cie. Doskonale sprawdz\u0105 si\u0119 w ka\u017cdej sytuacji \u2013 zar\u00f3wno w biurze, jak i na co dzie\u0144.<br \/>\n<strong>Dane techniczne:<\/strong><br \/>\nSzeroko\u015b\u0107 soczewki: 53 mm<br \/>\nSzeroko\u015b\u0107 mostka: 15 mm<br \/>\nD\u0142ugo\u015b\u0107 zausznika: 140 mm<br \/>\nMateria\u0142 oprawy: metal<br \/>\nKolor oprawy: Black<br \/>\nRodzaj oprawy: pe\u0142na<\/p>\n<p><strong>Dlaczego warto wybra\u0107 model GU2982_53005?<\/strong><br \/>\n\u2022 Subtelny, elegancki wygl\u0105d.<br \/>\n\u2022 Lekka i trwa\u0142a konstrukcja.<br \/>\n\u2022 Klasyczny kolor.<br \/>\n\u2022 Komfortowe dopasowanie.<br \/>\n\u2022 Styl Guess w codziennym wydaniu.<\/p>\n","protected":false},"excerpt":{"rendered":"<p>Guess GU2982_53005 Model GU2982_53005 to lekkie metalowe oprawki o prostym, harmonijnym kszta\u0142cie. Doskonale sprawdz\u0105 si\u0119 w ka\u017cdej sytuacji \u2013 zar\u00f3wno w biurze, jak i na co dzie\u0144. Dane techniczne: Szeroko\u015b\u0107 soczewki: 53 mm Szeroko\u015b\u0107 mostka: 15 mm D\u0142ugo\u015b\u0107 zausznika: 140 mm Materia\u0142 oprawy: metal Kolor oprawy: Black Rodzaj oprawy: pe\u0142na Dlaczego warto wybra\u0107 model GU2982_53005? [&hellip;]<\/p>\n","protected":false},"featured_media":8580,"comment_status":"open","ping_status":"closed","template":"","meta":{"_acf_changed":false},"product_brand":[63],"product_cat":[50],"product_tag":[154,165,317,218,359,382,166,227,358],"class_list":{"0":"post-8579","1":"product","2":"type-product","3":"status-publish","4":"has-post-thumbnail","6":"product_brand-guess","7":"product_cat-okulary-korekcyjne","8":"product_tag-czarne-okulary","9":"product_tag-eleganckie-okulary","10":"product_tag-guess","11":"product_tag-klasyka","12":"product_tag-luksusowe-oprawki","13":"product_tag-metalowe-oprawki","14":"product_tag-modne-okulary","15":"product_tag-pelna-oprawa","16":"product_tag-styl-guess","18":"first","19":"onbackorder","20":"shipping-taxable","21":"purchasable","22":"product-type-simple"},"acf":[],"_links":{"self":[{"href":"https:\/\/www.strzodowie.pl\/sklep\/wp-json\/wp\/v2\/product\/8579","targetHints":{"allow":["GET"]}}],"collection":[{"href":"https:\/\/www.strzodowie.pl\/sklep\/wp-json\/wp\/v2\/product"}],"about":[{"href":"https:\/\/www.strzodowie.pl\/sklep\/wp-json\/wp\/v2\/types\/product"}],"replies":[{"embeddable":true,"href":"https:\/\/www.strzodowie.pl\/sklep\/wp-json\/wp\/v2\/comments?post=8579"}],"wp:featuredmedia":[{"embeddable":true,"href":"https:\/\/www.strzodowie.pl\/sklep\/wp-json\/wp\/v2\/media\/8580"}],"wp:attachment":[{"href":"https:\/\/www.strzodowie.pl\/sklep\/wp-json\/wp\/v2\/media?parent=8579"}],"wp:term":[{"taxonomy":"product_brand","embeddable":true,"href":"https:\/\/www.strzodowie.pl\/sklep\/wp-json\/wp\/v2\/product_brand?post=8579"},{"taxonomy":"product_cat","embeddable":true,"href":"https:\/\/www.strzodowie.pl\/sklep\/wp-json\/wp\/v2\/product_cat?post=8579"},{"taxonomy":"product_tag","embeddable":true,"href":"https:\/\/www.strzodowie.pl\/sklep\/wp-json\/wp\/v2\/product_tag?post=8579"}],"curies":[{"name":"wp","href":"https:\/\/api.w.org\/{rel}","templated":true}]}}