{"id":8576,"date":"2025-11-03T09:10:41","date_gmt":"2025-11-03T08:10:41","guid":{"rendered":"https:\/\/www.strzodowie.pl\/sklep\/?post_type=product&#038;p=8576"},"modified":"2026-01-28T10:32:52","modified_gmt":"2026-01-28T09:32:52","slug":"guess-gu50097","status":"publish","type":"product","link":"https:\/\/www.strzodowie.pl\/sklep\/product\/guess-gu50097\/","title":{"rendered":"Guess GU50097"},"content":{"rendered":"<h3 class=\"western\"><strong>Guess GU50097_57008<\/strong><\/h3>\n<p>Model GU50097_57008 to m\u0119skie oprawki o wyrazistym charakterze. Solidna metalowa rama i klasyczna kolorystyka tworz\u0105 elegancki, ponadczasowy styl.<br \/>\n<strong>Dane techniczne:<\/strong><br \/>\nSzeroko\u015b\u0107 soczewki: 57 mm<br \/>\nSzeroko\u015b\u0107 mostka: 16 mm<br \/>\nD\u0142ugo\u015b\u0107 zausznika: 145 mm<br \/>\nMateria\u0142 oprawy: metal<br \/>\nKolor oprawy: Gunmetal<br \/>\nRodzaj oprawy: pe\u0142na<\/p>\n<p><strong>Dlaczego warto wybra\u0107 model GU50097_57008?<\/strong><br \/>\n\u2022 M\u0119ski, klasyczny design.<br \/>\n\u2022 Wytrzyma\u0142a metalowa konstrukcja.<br \/>\n\u2022 Komfort i stabilno\u015b\u0107 przez ca\u0142y dzie\u0144.<br \/>\n\u2022 Nowoczesny kszta\u0142t.<br \/>\n\u2022 Logo Guess podkre\u015bla presti\u017c.<\/p>\n","protected":false},"excerpt":{"rendered":"<p>Guess GU50097_57008 Model GU50097_57008 to m\u0119skie oprawki o wyrazistym charakterze. Solidna metalowa rama i klasyczna kolorystyka tworz\u0105 elegancki, ponadczasowy styl. Dane techniczne: Szeroko\u015b\u0107 soczewki: 57 mm Szeroko\u015b\u0107 mostka: 16 mm D\u0142ugo\u015b\u0107 zausznika: 145 mm Materia\u0142 oprawy: metal Kolor oprawy: Gunmetal Rodzaj oprawy: pe\u0142na Dlaczego warto wybra\u0107 model GU50097_57008? \u2022 M\u0119ski, klasyczny design. \u2022 Wytrzyma\u0142a metalowa [&hellip;]<\/p>\n","protected":false},"featured_media":8577,"comment_status":"open","ping_status":"closed","template":"","meta":{"_acf_changed":false},"product_brand":[63],"product_cat":[50],"product_tag":[362,317,249,191,179,235,382,166,227,358],"class_list":{"0":"post-8576","1":"product","2":"type-product","3":"status-publish","4":"has-post-thumbnail","6":"product_brand-guess","7":"product_cat-okulary-korekcyjne","8":"product_tag-eleganckie-oprawki","9":"product_tag-guess","10":"product_tag-gunmetal","11":"product_tag-klasyczne-okulary","12":"product_tag-luksusowe-okulary","13":"product_tag-meskie-okulary","14":"product_tag-metalowe-oprawki","15":"product_tag-modne-okulary","16":"product_tag-pelna-oprawa","17":"product_tag-styl-guess","19":"first","20":"onbackorder","21":"shipping-taxable","22":"purchasable","23":"product-type-simple"},"acf":[],"_links":{"self":[{"href":"https:\/\/www.strzodowie.pl\/sklep\/wp-json\/wp\/v2\/product\/8576","targetHints":{"allow":["GET"]}}],"collection":[{"href":"https:\/\/www.strzodowie.pl\/sklep\/wp-json\/wp\/v2\/product"}],"about":[{"href":"https:\/\/www.strzodowie.pl\/sklep\/wp-json\/wp\/v2\/types\/product"}],"replies":[{"embeddable":true,"href":"https:\/\/www.strzodowie.pl\/sklep\/wp-json\/wp\/v2\/comments?post=8576"}],"wp:featuredmedia":[{"embeddable":true,"href":"https:\/\/www.strzodowie.pl\/sklep\/wp-json\/wp\/v2\/media\/8577"}],"wp:attachment":[{"href":"https:\/\/www.strzodowie.pl\/sklep\/wp-json\/wp\/v2\/media?parent=8576"}],"wp:term":[{"taxonomy":"product_brand","embeddable":true,"href":"https:\/\/www.strzodowie.pl\/sklep\/wp-json\/wp\/v2\/product_brand?post=8576"},{"taxonomy":"product_cat","embeddable":true,"href":"https:\/\/www.strzodowie.pl\/sklep\/wp-json\/wp\/v2\/product_cat?post=8576"},{"taxonomy":"product_tag","embeddable":true,"href":"https:\/\/www.strzodowie.pl\/sklep\/wp-json\/wp\/v2\/product_tag?post=8576"}],"curies":[{"name":"wp","href":"https:\/\/api.w.org\/{rel}","templated":true}]}}