{"id":8572,"date":"2025-10-29T16:47:09","date_gmt":"2025-10-29T15:47:09","guid":{"rendered":"https:\/\/www.strzodowie.pl\/sklep\/?post_type=product&#038;p=8572"},"modified":"2026-01-28T10:32:52","modified_gmt":"2026-01-28T09:32:52","slug":"guess-gu2954","status":"publish","type":"product","link":"https:\/\/www.strzodowie.pl\/sklep\/product\/guess-gu2954\/","title":{"rendered":"Guess GU2954"},"content":{"rendered":"<h3 data-start=\"4207\" data-end=\"4233\"><strong data-start=\"4211\" data-end=\"4233\">Guess GU2954_54059<\/strong><\/h3>\n<p data-start=\"4234\" data-end=\"4593\">Model GU2954_54059 to stylowe, metalowe oprawki w nowoczesnej formie. Delikatne linie i z\u0142oty po\u0142ysk nadaj\u0105 im wyj\u0105tkowy charakter, idealny dla os\u00f3b ceni\u0105cych subteln\u0105 elegancj\u0119.<br data-start=\"4412\" data-end=\"4415\" \/><strong data-start=\"4415\" data-end=\"4435\">Dane techniczne:<\/strong><br data-start=\"4435\" data-end=\"4438\" \/>Szeroko\u015b\u0107 soczewki: 54 mm<br data-start=\"4463\" data-end=\"4466\" \/>Szeroko\u015b\u0107 mostka: 17 mm<br data-start=\"4489\" data-end=\"4492\" \/>D\u0142ugo\u015b\u0107 zausznika: 140 mm<br data-start=\"4517\" data-end=\"4520\" \/>Materia\u0142 oprawy: metal<br data-start=\"4542\" data-end=\"4545\" \/>Kolor oprawy: Rose Gold\/beige<br data-start=\"4568\" data-end=\"4571\" \/>Rodzaj oprawy: pe\u0142na<\/p>\n<p data-start=\"4595\" data-end=\"4819\"><strong data-start=\"4595\" data-end=\"4640\">Dlaczego warto wybra\u0107 model GU2954_54059?<\/strong><br data-start=\"4640\" data-end=\"4643\" \/>\u2022 Kobiecy i elegancki design.<br data-start=\"4672\" data-end=\"4675\" \/>\u2022 Delikatny r\u00f3\u017cowo-z\u0142oty odcie\u0144.<br data-start=\"4707\" data-end=\"4710\" \/>\u2022 Wytrzyma\u0142a konstrukcja z lekkiego metalu.<br data-start=\"4753\" data-end=\"4756\" \/>\u2022 Idealne dopasowanie.<br data-start=\"4778\" data-end=\"4781\" \/>\u2022 Logo Guess jako gwarancja jako\u015bci.<\/p>\n","protected":false},"excerpt":{"rendered":"<p>Guess GU2954_54059 Model GU2954_54059 to stylowe, metalowe oprawki w nowoczesnej formie. Delikatne linie i z\u0142oty po\u0142ysk nadaj\u0105 im wyj\u0105tkowy charakter, idealny dla os\u00f3b ceni\u0105cych subteln\u0105 elegancj\u0119.Dane techniczne:Szeroko\u015b\u0107 soczewki: 54 mmSzeroko\u015b\u0107 mostka: 17 mmD\u0142ugo\u015b\u0107 zausznika: 140 mmMateria\u0142 oprawy: metalKolor oprawy: Rose Gold\/beigeRodzaj oprawy: pe\u0142na Dlaczego warto wybra\u0107 model GU2954_54059?\u2022 Kobiecy i elegancki design.\u2022 Delikatny r\u00f3\u017cowo-z\u0142oty odcie\u0144.\u2022 [&hellip;]<\/p>\n","protected":false},"featured_media":8574,"comment_status":"open","ping_status":"closed","template":"","meta":{"_acf_changed":false},"product_brand":[63],"product_cat":[50],"product_tag":[185,362,317,388,179,380,166,227,387,358],"class_list":{"0":"post-8572","1":"product","2":"type-product","3":"status-publish","4":"has-post-thumbnail","6":"product_brand-guess","7":"product_cat-okulary-korekcyjne","8":"product_tag-damskie-okulary","9":"product_tag-eleganckie-oprawki","10":"product_tag-guess","11":"product_tag-lekka-konstrukcja","12":"product_tag-luksusowe-okulary","13":"product_tag-metalowe-okulary","14":"product_tag-modne-okulary","15":"product_tag-pelna-oprawa","16":"product_tag-rozowe-zloto","17":"product_tag-styl-guess","19":"first","20":"onbackorder","21":"shipping-taxable","22":"purchasable","23":"product-type-simple"},"acf":[],"_links":{"self":[{"href":"https:\/\/www.strzodowie.pl\/sklep\/wp-json\/wp\/v2\/product\/8572","targetHints":{"allow":["GET"]}}],"collection":[{"href":"https:\/\/www.strzodowie.pl\/sklep\/wp-json\/wp\/v2\/product"}],"about":[{"href":"https:\/\/www.strzodowie.pl\/sklep\/wp-json\/wp\/v2\/types\/product"}],"replies":[{"embeddable":true,"href":"https:\/\/www.strzodowie.pl\/sklep\/wp-json\/wp\/v2\/comments?post=8572"}],"wp:featuredmedia":[{"embeddable":true,"href":"https:\/\/www.strzodowie.pl\/sklep\/wp-json\/wp\/v2\/media\/8574"}],"wp:attachment":[{"href":"https:\/\/www.strzodowie.pl\/sklep\/wp-json\/wp\/v2\/media?parent=8572"}],"wp:term":[{"taxonomy":"product_brand","embeddable":true,"href":"https:\/\/www.strzodowie.pl\/sklep\/wp-json\/wp\/v2\/product_brand?post=8572"},{"taxonomy":"product_cat","embeddable":true,"href":"https:\/\/www.strzodowie.pl\/sklep\/wp-json\/wp\/v2\/product_cat?post=8572"},{"taxonomy":"product_tag","embeddable":true,"href":"https:\/\/www.strzodowie.pl\/sklep\/wp-json\/wp\/v2\/product_tag?post=8572"}],"curies":[{"name":"wp","href":"https:\/\/api.w.org\/{rel}","templated":true}]}}