{"id":8569,"date":"2025-10-29T16:43:50","date_gmt":"2025-10-29T15:43:50","guid":{"rendered":"https:\/\/www.strzodowie.pl\/sklep\/?post_type=product&#038;p=8569"},"modified":"2026-01-28T10:32:52","modified_gmt":"2026-01-28T09:32:52","slug":"guess-gu50170","status":"publish","type":"product","link":"https:\/\/www.strzodowie.pl\/sklep\/product\/guess-gu50170\/","title":{"rendered":"Guess GU50170"},"content":{"rendered":"<h3 data-start=\"3448\" data-end=\"3475\"><strong data-start=\"3452\" data-end=\"3475\">Guess GU50170_56002<\/strong><\/h3>\n<p data-start=\"3476\" data-end=\"3837\">Model GU50170_56002 to propozycja dla os\u00f3b poszukuj\u0105cych elegancji z nut\u0105 nowoczesno\u015bci. Cienka metalowa rama i precyzyjne wykonanie gwarantuj\u0105 komfort oraz ponadczasowy wygl\u0105d.<br data-start=\"3653\" data-end=\"3656\" \/><strong data-start=\"3656\" data-end=\"3676\">Dane techniczne:<\/strong><br data-start=\"3676\" data-end=\"3679\" \/>Szeroko\u015b\u0107 soczewki: 56 mm<br data-start=\"3704\" data-end=\"3707\" \/>Szeroko\u015b\u0107 mostka: 15 mm<br data-start=\"3730\" data-end=\"3733\" \/>D\u0142ugo\u015b\u0107 zausznika: 145 mm<br data-start=\"3758\" data-end=\"3761\" \/>Materia\u0142 oprawy: metal<br data-start=\"3783\" data-end=\"3786\" \/>Kolor oprawy: Black\/gold<br data-start=\"3812\" data-end=\"3815\" \/>Rodzaj oprawy: pe\u0142na<\/p>\n<p data-start=\"3839\" data-end=\"4053\"><strong data-start=\"3839\" data-end=\"3885\">Dlaczego warto wybra\u0107 model GU50170_56002?<\/strong><br data-start=\"3885\" data-end=\"3888\" \/>\u2022 Smuk\u0142a, elegancka forma.<br data-start=\"3914\" data-end=\"3917\" \/>\u2022 Po\u0142\u0105czenie klasycznych kolor\u00f3w.<br data-start=\"3950\" data-end=\"3953\" \/>\u2022 Lekka, wytrzyma\u0142a konstrukcja.<br data-start=\"3985\" data-end=\"3988\" \/>\u2022 Komfortowe noszenie przez ca\u0142y dzie\u0144.<br data-start=\"4027\" data-end=\"4030\" \/>\u2022 Styl Guess z klas\u0105.<\/p>\n","protected":false},"excerpt":{"rendered":"<p>Guess GU50170_56002 Model GU50170_56002 to propozycja dla os\u00f3b poszukuj\u0105cych elegancji z nut\u0105 nowoczesno\u015bci. Cienka metalowa rama i precyzyjne wykonanie gwarantuj\u0105 komfort oraz ponadczasowy wygl\u0105d.Dane techniczne:Szeroko\u015b\u0107 soczewki: 56 mmSzeroko\u015b\u0107 mostka: 15 mmD\u0142ugo\u015b\u0107 zausznika: 145 mmMateria\u0142 oprawy: metalKolor oprawy: Black\/goldRodzaj oprawy: pe\u0142na Dlaczego warto wybra\u0107 model GU50170_56002?\u2022 Smuk\u0142a, elegancka forma.\u2022 Po\u0142\u0105czenie klasycznych kolor\u00f3w.\u2022 Lekka, wytrzyma\u0142a konstrukcja.\u2022 Komfortowe [&hellip;]<\/p>\n","protected":false},"featured_media":8570,"comment_status":"open","ping_status":"closed","template":"","meta":{"_acf_changed":false},"product_brand":[63],"product_cat":[50],"product_tag":[386,165,317,218,364,380,166,227,358,378],"class_list":{"0":"post-8569","1":"product","2":"type-product","3":"status-publish","4":"has-post-thumbnail","6":"product_brand-guess","7":"product_cat-okulary-korekcyjne","8":"product_tag-czarno-zlote-oprawy","9":"product_tag-eleganckie-okulary","10":"product_tag-guess","11":"product_tag-klasyka","12":"product_tag-luksus","13":"product_tag-metalowe-okulary","14":"product_tag-modne-okulary","15":"product_tag-pelna-oprawa","16":"product_tag-styl-guess","17":"product_tag-unisex","19":"first","20":"onbackorder","21":"shipping-taxable","22":"purchasable","23":"product-type-simple"},"acf":[],"_links":{"self":[{"href":"https:\/\/www.strzodowie.pl\/sklep\/wp-json\/wp\/v2\/product\/8569","targetHints":{"allow":["GET"]}}],"collection":[{"href":"https:\/\/www.strzodowie.pl\/sklep\/wp-json\/wp\/v2\/product"}],"about":[{"href":"https:\/\/www.strzodowie.pl\/sklep\/wp-json\/wp\/v2\/types\/product"}],"replies":[{"embeddable":true,"href":"https:\/\/www.strzodowie.pl\/sklep\/wp-json\/wp\/v2\/comments?post=8569"}],"wp:featuredmedia":[{"embeddable":true,"href":"https:\/\/www.strzodowie.pl\/sklep\/wp-json\/wp\/v2\/media\/8570"}],"wp:attachment":[{"href":"https:\/\/www.strzodowie.pl\/sklep\/wp-json\/wp\/v2\/media?parent=8569"}],"wp:term":[{"taxonomy":"product_brand","embeddable":true,"href":"https:\/\/www.strzodowie.pl\/sklep\/wp-json\/wp\/v2\/product_brand?post=8569"},{"taxonomy":"product_cat","embeddable":true,"href":"https:\/\/www.strzodowie.pl\/sklep\/wp-json\/wp\/v2\/product_cat?post=8569"},{"taxonomy":"product_tag","embeddable":true,"href":"https:\/\/www.strzodowie.pl\/sklep\/wp-json\/wp\/v2\/product_tag?post=8569"}],"curies":[{"name":"wp","href":"https:\/\/api.w.org\/{rel}","templated":true}]}}