{"id":8566,"date":"2025-10-29T16:32:37","date_gmt":"2025-10-29T15:32:37","guid":{"rendered":"https:\/\/www.strzodowie.pl\/sklep\/?post_type=product&#038;p=8566"},"modified":"2026-01-28T10:32:52","modified_gmt":"2026-01-28T09:32:52","slug":"guess-gu2825","status":"publish","type":"product","link":"https:\/\/www.strzodowie.pl\/sklep\/product\/guess-gu2825\/","title":{"rendered":"Guess GU2825"},"content":{"rendered":"<h3 data-start=\"2689\" data-end=\"2715\"><strong data-start=\"2693\" data-end=\"2715\">Guess GU2825_55005<\/strong><\/h3>\n<p data-start=\"2716\" data-end=\"3090\">Model GU2825_55005 to nowoczesne metalowe oprawki w klasycznym stylu. Ich delikatna konstrukcja sprawia, \u017ce s\u0105 niemal niewyczuwalne podczas noszenia, a jednocze\u015bnie prezentuj\u0105 si\u0119 bardzo elegancko.<br data-start=\"2913\" data-end=\"2916\" \/><strong data-start=\"2916\" data-end=\"2936\">Dane techniczne:<\/strong><br data-start=\"2936\" data-end=\"2939\" \/>Szeroko\u015b\u0107 soczewki: 55 mm<br data-start=\"2964\" data-end=\"2967\" \/>Szeroko\u015b\u0107 mostka: 16 mm<br data-start=\"2990\" data-end=\"2993\" \/>D\u0142ugo\u015b\u0107 zausznika: 140 mm<br data-start=\"3018\" data-end=\"3021\" \/>Materia\u0142 oprawy: metal<br data-start=\"3043\" data-end=\"3046\" \/>Kolor oprawy: Black<br data-start=\"3065\" data-end=\"3068\" \/>Rodzaj oprawy: pe\u0142na<\/p>\n<p data-start=\"3092\" data-end=\"3281\"><strong data-start=\"3092\" data-end=\"3137\">Dlaczego warto wybra\u0107 model GU2825_55005?<\/strong><br data-start=\"3137\" data-end=\"3140\" \/>\u2022 Klasyczna czer\u0144 w eleganckim wydaniu.<br data-start=\"3179\" data-end=\"3182\" \/>\u2022 Wyj\u0105tkowa lekko\u015b\u0107.<br data-start=\"3202\" data-end=\"3205\" \/>\u2022 Solidna metalowa oprawa.<br data-start=\"3231\" data-end=\"3234\" \/>\u2022 Uniwersalny styl.<br data-start=\"3253\" data-end=\"3256\" \/>\u2022 Dyskretne logo Guess.<\/p>\n","protected":false},"excerpt":{"rendered":"<p>Guess GU2825_55005 Model GU2825_55005 to nowoczesne metalowe oprawki w klasycznym stylu. Ich delikatna konstrukcja sprawia, \u017ce s\u0105 niemal niewyczuwalne podczas noszenia, a jednocze\u015bnie prezentuj\u0105 si\u0119 bardzo elegancko.Dane techniczne:Szeroko\u015b\u0107 soczewki: 55 mmSzeroko\u015b\u0107 mostka: 16 mmD\u0142ugo\u015b\u0107 zausznika: 140 mmMateria\u0142 oprawy: metalKolor oprawy: BlackRodzaj oprawy: pe\u0142na Dlaczego warto wybra\u0107 model GU2825_55005?\u2022 Klasyczna czer\u0144 w eleganckim wydaniu.\u2022 Wyj\u0105tkowa lekko\u015b\u0107.\u2022 [&hellip;]<\/p>\n","protected":false},"featured_media":8567,"comment_status":"open","ping_status":"closed","template":"","meta":{"_acf_changed":false},"product_brand":[63],"product_cat":[50],"product_tag":[154,165,317,385,359,382,166,227,358,378],"class_list":{"0":"post-8566","1":"product","2":"type-product","3":"status-publish","4":"has-post-thumbnail","6":"product_brand-guess","7":"product_cat-okulary-korekcyjne","8":"product_tag-czarne-okulary","9":"product_tag-eleganckie-okulary","10":"product_tag-guess","11":"product_tag-klasyczne-oprawki","12":"product_tag-luksusowe-oprawki","13":"product_tag-metalowe-oprawki","14":"product_tag-modne-okulary","15":"product_tag-pelna-oprawa","16":"product_tag-styl-guess","17":"product_tag-unisex","19":"first","20":"onbackorder","21":"shipping-taxable","22":"purchasable","23":"product-type-simple"},"acf":[],"_links":{"self":[{"href":"https:\/\/www.strzodowie.pl\/sklep\/wp-json\/wp\/v2\/product\/8566","targetHints":{"allow":["GET"]}}],"collection":[{"href":"https:\/\/www.strzodowie.pl\/sklep\/wp-json\/wp\/v2\/product"}],"about":[{"href":"https:\/\/www.strzodowie.pl\/sklep\/wp-json\/wp\/v2\/types\/product"}],"replies":[{"embeddable":true,"href":"https:\/\/www.strzodowie.pl\/sklep\/wp-json\/wp\/v2\/comments?post=8566"}],"wp:featuredmedia":[{"embeddable":true,"href":"https:\/\/www.strzodowie.pl\/sklep\/wp-json\/wp\/v2\/media\/8567"}],"wp:attachment":[{"href":"https:\/\/www.strzodowie.pl\/sklep\/wp-json\/wp\/v2\/media?parent=8566"}],"wp:term":[{"taxonomy":"product_brand","embeddable":true,"href":"https:\/\/www.strzodowie.pl\/sklep\/wp-json\/wp\/v2\/product_brand?post=8566"},{"taxonomy":"product_cat","embeddable":true,"href":"https:\/\/www.strzodowie.pl\/sklep\/wp-json\/wp\/v2\/product_cat?post=8566"},{"taxonomy":"product_tag","embeddable":true,"href":"https:\/\/www.strzodowie.pl\/sklep\/wp-json\/wp\/v2\/product_tag?post=8566"}],"curies":[{"name":"wp","href":"https:\/\/api.w.org\/{rel}","templated":true}]}}