{"id":8559,"date":"2025-10-29T16:27:32","date_gmt":"2025-10-29T15:27:32","guid":{"rendered":"https:\/\/www.strzodowie.pl\/sklep\/?post_type=product&#038;p=8559"},"modified":"2026-01-28T10:32:52","modified_gmt":"2026-01-28T09:32:52","slug":"guess-gu2813","status":"publish","type":"product","link":"https:\/\/www.strzodowie.pl\/sklep\/product\/guess-gu2813\/","title":{"rendered":"Guess GU2813"},"content":{"rendered":"<h3 data-start=\"1144\" data-end=\"1170\"><strong data-start=\"1148\" data-end=\"1170\">Guess GU2813_56049<\/strong><\/h3>\n<p data-start=\"1171\" data-end=\"1498\">Model GU2813_56049 to stylowe oprawki z metalu o nowoczesnym kszta\u0142cie i subtelnym po\u0142ysku. Doskona\u0142y wyb\u00f3r dla os\u00f3b ceni\u0105cych klas\u0119 i wygod\u0119 w jednym.<br data-start=\"1322\" data-end=\"1325\" \/><strong data-start=\"1325\" data-end=\"1345\">Dane techniczne:<\/strong><br data-start=\"1345\" data-end=\"1348\" \/>Szeroko\u015b\u0107 soczewki: 56 mm<br data-start=\"1373\" data-end=\"1376\" \/>Szeroko\u015b\u0107 mostka: 16 mm<br data-start=\"1399\" data-end=\"1402\" \/>D\u0142ugo\u015b\u0107 zausznika: 140 mm<br data-start=\"1427\" data-end=\"1430\" \/>Materia\u0142 oprawy: metal<br data-start=\"1452\" data-end=\"1455\" \/>Kolor oprawy: Gold\/brown<br data-start=\"1473\" data-end=\"1476\" \/>Rodzaj oprawy: pe\u0142na<\/p>\n<p data-start=\"1500\" data-end=\"1733\"><strong data-start=\"1500\" data-end=\"1545\">Dlaczego warto wybra\u0107 model GU2813_56049?<\/strong><br data-start=\"1545\" data-end=\"1548\" \/>\u2022 Nowoczesny i elegancki wygl\u0105d.<br data-start=\"1580\" data-end=\"1583\" \/>\u2022 Z\u0142ote wyko\u0144czenie dla podkre\u015blenia luksusu.<br data-start=\"1628\" data-end=\"1631\" \/>\u2022 Lekka konstrukcja z metalu.<br data-start=\"1660\" data-end=\"1663\" \/>\u2022 Idealne dopasowanie do ka\u017cdej stylizacji.<br data-start=\"1706\" data-end=\"1709\" \/>\u2022 Subtelne logo Guess.<\/p>\n","protected":false},"excerpt":{"rendered":"<p>Guess GU2813_56049 Model GU2813_56049 to stylowe oprawki z metalu o nowoczesnym kszta\u0142cie i subtelnym po\u0142ysku. Doskona\u0142y wyb\u00f3r dla os\u00f3b ceni\u0105cych klas\u0119 i wygod\u0119 w jednym.Dane techniczne:Szeroko\u015b\u0107 soczewki: 56 mmSzeroko\u015b\u0107 mostka: 16 mmD\u0142ugo\u015b\u0107 zausznika: 140 mmMateria\u0142 oprawy: metalKolor oprawy: Gold\/brownRodzaj oprawy: pe\u0142na Dlaczego warto wybra\u0107 model GU2813_56049?\u2022 Nowoczesny i elegancki wygl\u0105d.\u2022 Z\u0142ote wyko\u0144czenie dla podkre\u015blenia luksusu.\u2022 [&hellip;]<\/p>\n","protected":false},"featured_media":8561,"comment_status":"open","ping_status":"closed","template":"","meta":{"_acf_changed":false},"product_brand":[63],"product_cat":[50],"product_tag":[362,317,369,179,382,166,227,358,384],"class_list":{"0":"post-8559","1":"product","2":"type-product","3":"status-publish","4":"has-post-thumbnail","6":"product_brand-guess","7":"product_cat-okulary-korekcyjne","8":"product_tag-eleganckie-oprawki","9":"product_tag-guess","10":"product_tag-klasyczny-design","11":"product_tag-luksusowe-okulary","12":"product_tag-metalowe-oprawki","13":"product_tag-modne-okulary","14":"product_tag-pelna-oprawa","15":"product_tag-styl-guess","16":"product_tag-zlote-okulary","18":"first","19":"onbackorder","20":"shipping-taxable","21":"purchasable","22":"product-type-simple"},"acf":[],"_links":{"self":[{"href":"https:\/\/www.strzodowie.pl\/sklep\/wp-json\/wp\/v2\/product\/8559","targetHints":{"allow":["GET"]}}],"collection":[{"href":"https:\/\/www.strzodowie.pl\/sklep\/wp-json\/wp\/v2\/product"}],"about":[{"href":"https:\/\/www.strzodowie.pl\/sklep\/wp-json\/wp\/v2\/types\/product"}],"replies":[{"embeddable":true,"href":"https:\/\/www.strzodowie.pl\/sklep\/wp-json\/wp\/v2\/comments?post=8559"}],"wp:featuredmedia":[{"embeddable":true,"href":"https:\/\/www.strzodowie.pl\/sklep\/wp-json\/wp\/v2\/media\/8561"}],"wp:attachment":[{"href":"https:\/\/www.strzodowie.pl\/sklep\/wp-json\/wp\/v2\/media?parent=8559"}],"wp:term":[{"taxonomy":"product_brand","embeddable":true,"href":"https:\/\/www.strzodowie.pl\/sklep\/wp-json\/wp\/v2\/product_brand?post=8559"},{"taxonomy":"product_cat","embeddable":true,"href":"https:\/\/www.strzodowie.pl\/sklep\/wp-json\/wp\/v2\/product_cat?post=8559"},{"taxonomy":"product_tag","embeddable":true,"href":"https:\/\/www.strzodowie.pl\/sklep\/wp-json\/wp\/v2\/product_tag?post=8559"}],"curies":[{"name":"wp","href":"https:\/\/api.w.org\/{rel}","templated":true}]}}