{"id":8556,"date":"2025-10-29T13:41:21","date_gmt":"2025-10-29T12:41:21","guid":{"rendered":"https:\/\/www.strzodowie.pl\/sklep\/?post_type=product&#038;p=8556"},"modified":"2026-01-28T10:32:52","modified_gmt":"2026-01-28T09:32:52","slug":"guess-gu2757","status":"publish","type":"product","link":"https:\/\/www.strzodowie.pl\/sklep\/product\/guess-gu2757\/","title":{"rendered":"Guess GU2757"},"content":{"rendered":"<h3 data-start=\"345\" data-end=\"371\"><strong data-start=\"349\" data-end=\"371\">Guess GU2757_56028<\/strong><\/h3>\n<p data-start=\"372\" data-end=\"743\">Model GU2757_56028 to elegancka propozycja o subtelnym, metalowym wyko\u0144czeniu. Smuk\u0142a forma i lekka konstrukcja zapewniaj\u0105 komfort, a delikatne logo Guess dodaje ca\u0142o\u015bci luksusowego charakteru.<br data-start=\"565\" data-end=\"568\" \/><strong data-start=\"568\" data-end=\"588\">Dane techniczne:<\/strong><br data-start=\"588\" data-end=\"591\" \/>Szeroko\u015b\u0107 soczewki: 56 mm<br data-start=\"616\" data-end=\"619\" \/>Szeroko\u015b\u0107 mostka: 16 mm<br data-start=\"642\" data-end=\"645\" \/>D\u0142ugo\u015b\u0107 zausznika: 140 mm<br data-start=\"670\" data-end=\"673\" \/>Materia\u0142 oprawy: metal<br data-start=\"695\" data-end=\"698\" \/>Kolor oprawy: Shiny rose gold<br data-start=\"718\" data-end=\"721\" \/>Rodzaj oprawy: pe\u0142na<\/p>\n<p data-start=\"745\" data-end=\"976\"><strong data-start=\"745\" data-end=\"790\">Dlaczego warto wybra\u0107 model GU2757_56028?<\/strong><br data-start=\"790\" data-end=\"793\" \/>\u2022 Minimalistyczna, elegancka forma.<br data-start=\"828\" data-end=\"831\" \/>\u2022 Lekka, a zarazem solidna konstrukcja.<br data-start=\"870\" data-end=\"873\" \/>\u2022 Komfortowe dopasowanie do twarzy.<br data-start=\"908\" data-end=\"911\" \/>\u2022 Wysokiej jako\u015bci metal.<br data-start=\"936\" data-end=\"939\" \/>\u2022 Styl Guess w nowoczesnym wydaniu.<\/p>\n","protected":false},"excerpt":{"rendered":"<p>Guess GU2757_56028 Model GU2757_56028 to elegancka propozycja o subtelnym, metalowym wyko\u0144czeniu. Smuk\u0142a forma i lekka konstrukcja zapewniaj\u0105 komfort, a delikatne logo Guess dodaje ca\u0142o\u015bci luksusowego charakteru.Dane techniczne:Szeroko\u015b\u0107 soczewki: 56 mmSzeroko\u015b\u0107 mostka: 16 mmD\u0142ugo\u015b\u0107 zausznika: 140 mmMateria\u0142 oprawy: metalKolor oprawy: Shiny rose goldRodzaj oprawy: pe\u0142na Dlaczego warto wybra\u0107 model GU2757_56028?\u2022 Minimalistyczna, elegancka forma.\u2022 Lekka, a zarazem [&hellip;]<\/p>\n","protected":false},"featured_media":8557,"comment_status":"open","ping_status":"closed","template":"","meta":{"_acf_changed":false},"product_brand":[63],"product_cat":[50],"product_tag":[165,317,359,382,166,177,227,383,358],"class_list":{"0":"post-8556","1":"product","2":"type-product","3":"status-publish","4":"has-post-thumbnail","6":"product_brand-guess","7":"product_cat-okulary-korekcyjne","8":"product_tag-eleganckie-okulary","9":"product_tag-guess","10":"product_tag-luksusowe-oprawki","11":"product_tag-metalowe-oprawki","12":"product_tag-modne-okulary","13":"product_tag-nowoczesny-design","14":"product_tag-pelna-oprawa","15":"product_tag-shiny-rose-gold","16":"product_tag-styl-guess","18":"first","19":"onbackorder","20":"shipping-taxable","21":"purchasable","22":"product-type-simple"},"acf":[],"_links":{"self":[{"href":"https:\/\/www.strzodowie.pl\/sklep\/wp-json\/wp\/v2\/product\/8556","targetHints":{"allow":["GET"]}}],"collection":[{"href":"https:\/\/www.strzodowie.pl\/sklep\/wp-json\/wp\/v2\/product"}],"about":[{"href":"https:\/\/www.strzodowie.pl\/sklep\/wp-json\/wp\/v2\/types\/product"}],"replies":[{"embeddable":true,"href":"https:\/\/www.strzodowie.pl\/sklep\/wp-json\/wp\/v2\/comments?post=8556"}],"wp:featuredmedia":[{"embeddable":true,"href":"https:\/\/www.strzodowie.pl\/sklep\/wp-json\/wp\/v2\/media\/8557"}],"wp:attachment":[{"href":"https:\/\/www.strzodowie.pl\/sklep\/wp-json\/wp\/v2\/media?parent=8556"}],"wp:term":[{"taxonomy":"product_brand","embeddable":true,"href":"https:\/\/www.strzodowie.pl\/sklep\/wp-json\/wp\/v2\/product_brand?post=8556"},{"taxonomy":"product_cat","embeddable":true,"href":"https:\/\/www.strzodowie.pl\/sklep\/wp-json\/wp\/v2\/product_cat?post=8556"},{"taxonomy":"product_tag","embeddable":true,"href":"https:\/\/www.strzodowie.pl\/sklep\/wp-json\/wp\/v2\/product_tag?post=8556"}],"curies":[{"name":"wp","href":"https:\/\/api.w.org\/{rel}","templated":true}]}}