{"id":8553,"date":"2025-10-29T13:02:04","date_gmt":"2025-10-29T12:02:04","guid":{"rendered":"https:\/\/www.strzodowie.pl\/sklep\/?post_type=product&#038;p=8553"},"modified":"2026-01-28T10:32:52","modified_gmt":"2026-01-28T09:32:52","slug":"guess-gu50244","status":"publish","type":"product","link":"https:\/\/www.strzodowie.pl\/sklep\/product\/guess-gu50244\/","title":{"rendered":"Guess GU50244"},"content":{"rendered":"<h3 data-start=\"6814\" data-end=\"6841\"><strong data-start=\"6818\" data-end=\"6841\">Guess GU50244_55091<\/strong><\/h3>\n<p data-start=\"6842\" data-end=\"7194\">Model GU50244_55091 to eleganckie, metalowe oprawki w nowoczesnej formie. Ich lekka konstrukcja i dopracowany design sprawiaj\u0105, \u017ce s\u0105 doskona\u0142ym wyborem do pracy i na co dzie\u0144.<br data-start=\"7018\" data-end=\"7021\" \/><strong data-start=\"7021\" data-end=\"7041\">Dane techniczne:<\/strong><br data-start=\"7041\" data-end=\"7044\" \/>Szeroko\u015b\u0107 soczewki: 55 mm<br data-start=\"7069\" data-end=\"7072\" \/>Szeroko\u015b\u0107 mostka: 16 mm<br data-start=\"7095\" data-end=\"7098\" \/>D\u0142ugo\u015b\u0107 zausznika: 145 mm<br data-start=\"7123\" data-end=\"7126\" \/>Materia\u0142 oprawy: metal<br data-start=\"7169\" data-end=\"7172\" \/>Rodzaj oprawy: pe\u0142na<\/p>\n<p data-start=\"7196\" data-end=\"7434\"><strong data-start=\"7196\" data-end=\"7242\">Dlaczego warto wybra\u0107 model GU50244_55091?<\/strong><br data-start=\"7242\" data-end=\"7245\" \/>\u2022 Luksusowe wyko\u0144czenie.<br data-start=\"7286\" data-end=\"7289\" \/>\u2022 Niezr\u00f3wnana lekko\u015b\u0107 i trwa\u0142o\u015b\u0107.<br data-start=\"7322\" data-end=\"7325\" \/>\u2022 Subtelna elegancja Guess.<br data-start=\"7352\" data-end=\"7355\" \/>\u2022 Pe\u0142na oprawa podkre\u015blaj\u0105ca styl.<br data-start=\"7389\" data-end=\"7392\" \/>\u2022 Idealne dla wymagaj\u0105cych u\u017cytkownik\u00f3w.<\/p>\n","protected":false},"excerpt":{"rendered":"<p>Guess GU50244_55091 Model GU50244_55091 to eleganckie, metalowe oprawki w nowoczesnej formie. Ich lekka konstrukcja i dopracowany design sprawiaj\u0105, \u017ce s\u0105 doskona\u0142ym wyborem do pracy i na co dzie\u0144.Dane techniczne:Szeroko\u015b\u0107 soczewki: 55 mmSzeroko\u015b\u0107 mostka: 16 mmD\u0142ugo\u015b\u0107 zausznika: 145 mmMateria\u0142 oprawy: metalRodzaj oprawy: pe\u0142na Dlaczego warto wybra\u0107 model GU50244_55091?\u2022 Luksusowe wyko\u0144czenie.\u2022 Niezr\u00f3wnana lekko\u015b\u0107 i trwa\u0142o\u015b\u0107.\u2022 Subtelna elegancja [&hellip;]<\/p>\n","protected":false},"featured_media":8554,"comment_status":"open","ping_status":"closed","template":"","meta":{"_acf_changed":false},"product_brand":[63],"product_cat":[50],"product_tag":[362,317,179,380,177,155,227,381,358],"class_list":{"0":"post-8553","1":"product","2":"type-product","3":"status-publish","4":"has-post-thumbnail","6":"product_brand-guess","7":"product_cat-okulary-korekcyjne","8":"product_tag-eleganckie-oprawki","9":"product_tag-guess","10":"product_tag-luksusowe-okulary","11":"product_tag-metalowe-okulary","12":"product_tag-nowoczesny-design","13":"product_tag-okulary-unisex","14":"product_tag-pelna-oprawa","15":"product_tag-premium-eyewear","16":"product_tag-styl-guess","18":"first","19":"onbackorder","20":"shipping-taxable","21":"purchasable","22":"product-type-simple"},"acf":[],"_links":{"self":[{"href":"https:\/\/www.strzodowie.pl\/sklep\/wp-json\/wp\/v2\/product\/8553","targetHints":{"allow":["GET"]}}],"collection":[{"href":"https:\/\/www.strzodowie.pl\/sklep\/wp-json\/wp\/v2\/product"}],"about":[{"href":"https:\/\/www.strzodowie.pl\/sklep\/wp-json\/wp\/v2\/types\/product"}],"replies":[{"embeddable":true,"href":"https:\/\/www.strzodowie.pl\/sklep\/wp-json\/wp\/v2\/comments?post=8553"}],"wp:featuredmedia":[{"embeddable":true,"href":"https:\/\/www.strzodowie.pl\/sklep\/wp-json\/wp\/v2\/media\/8554"}],"wp:attachment":[{"href":"https:\/\/www.strzodowie.pl\/sklep\/wp-json\/wp\/v2\/media?parent=8553"}],"wp:term":[{"taxonomy":"product_brand","embeddable":true,"href":"https:\/\/www.strzodowie.pl\/sklep\/wp-json\/wp\/v2\/product_brand?post=8553"},{"taxonomy":"product_cat","embeddable":true,"href":"https:\/\/www.strzodowie.pl\/sklep\/wp-json\/wp\/v2\/product_cat?post=8553"},{"taxonomy":"product_tag","embeddable":true,"href":"https:\/\/www.strzodowie.pl\/sklep\/wp-json\/wp\/v2\/product_tag?post=8553"}],"curies":[{"name":"wp","href":"https:\/\/api.w.org\/{rel}","templated":true}]}}