{"id":8550,"date":"2025-10-29T12:59:46","date_gmt":"2025-10-29T11:59:46","guid":{"rendered":"https:\/\/www.strzodowie.pl\/sklep\/?post_type=product&#038;p=8550"},"modified":"2026-01-28T10:32:52","modified_gmt":"2026-01-28T09:32:52","slug":"guess-gu50238","status":"publish","type":"product","link":"https:\/\/www.strzodowie.pl\/sklep\/product\/guess-gu50238\/","title":{"rendered":"Guess GU50238"},"content":{"rendered":"<h3 data-start=\"6030\" data-end=\"6057\"><strong data-start=\"6034\" data-end=\"6057\">Guess GU50238_53001<\/strong><\/h3>\n<p data-start=\"6058\" data-end=\"6439\">Model GU50238_53001 to klasyczna, pe\u0142na oprawa o uniwersalnym kszta\u0142cie. Wykonana z lekkiego tworzywa, idealna do codziennego u\u017cytku. Subtelne logo Guess dodaje elegancji i podkre\u015bla markowy charakter.<br data-start=\"6259\" data-end=\"6262\" \/><strong data-start=\"6262\" data-end=\"6282\">Dane techniczne:<\/strong><br data-start=\"6282\" data-end=\"6285\" \/>Szeroko\u015b\u0107 soczewki: 53 mm<br data-start=\"6310\" data-end=\"6313\" \/>Szeroko\u015b\u0107 mostka: 19 mm<br data-start=\"6336\" data-end=\"6339\" \/>D\u0142ugo\u015b\u0107 zausznika: 145 mm<br data-start=\"6364\" data-end=\"6367\" \/>Materia\u0142 oprawy: tworzywo<br data-start=\"6392\" data-end=\"6395\" \/>Kolor oprawy: Black<br data-start=\"6414\" data-end=\"6417\" \/>Rodzaj oprawy: pe\u0142na<\/p>\n<p data-start=\"6441\" data-end=\"6662\"><strong data-start=\"6441\" data-end=\"6487\">Dlaczego warto wybra\u0107 model GU50238_53001?<\/strong><br data-start=\"6487\" data-end=\"6490\" \/>\u2022 Klasyczny, ponadczasowy design.<br data-start=\"6523\" data-end=\"6526\" \/>\u2022 Lekka i trwa\u0142a konstrukcja.<br data-start=\"6555\" data-end=\"6558\" \/>\u2022 Pe\u0142na oprawa zapewnia stabilno\u015b\u0107.<br data-start=\"6593\" data-end=\"6596\" \/>\u2022 Idealne do codziennego u\u017cytku.<br data-start=\"6628\" data-end=\"6631\" \/>\u2022 Logo Guess gwarancj\u0105 stylu.<\/p>\n","protected":false},"excerpt":{"rendered":"<p>Guess GU50238_53001 Model GU50238_53001 to klasyczna, pe\u0142na oprawa o uniwersalnym kszta\u0142cie. Wykonana z lekkiego tworzywa, idealna do codziennego u\u017cytku. Subtelne logo Guess dodaje elegancji i podkre\u015bla markowy charakter.Dane techniczne:Szeroko\u015b\u0107 soczewki: 53 mmSzeroko\u015b\u0107 mostka: 19 mmD\u0142ugo\u015b\u0107 zausznika: 145 mmMateria\u0142 oprawy: tworzywoKolor oprawy: BlackRodzaj oprawy: pe\u0142na Dlaczego warto wybra\u0107 model GU50238_53001?\u2022 Klasyczny, ponadczasowy design.\u2022 Lekka i trwa\u0142a [&hellip;]<\/p>\n","protected":false},"featured_media":8551,"comment_status":"open","ping_status":"closed","template":"","meta":{"_acf_changed":false},"product_brand":[63],"product_cat":[50],"product_tag":[154,317,191,364,229,379,227,358,378,376],"class_list":{"0":"post-8550","1":"product","2":"type-product","3":"status-publish","4":"has-post-thumbnail","6":"product_brand-guess","7":"product_cat-okulary-korekcyjne","8":"product_tag-czarne-okulary","9":"product_tag-guess","10":"product_tag-klasyczne-okulary","11":"product_tag-luksus","12":"product_tag-modne-oprawki","13":"product_tag-nowoczesny-styl","14":"product_tag-pelna-oprawa","15":"product_tag-styl-guess","16":"product_tag-unisex","17":"product_tag-wygodne-okulary","19":"first","20":"onbackorder","21":"shipping-taxable","22":"purchasable","23":"product-type-simple"},"acf":[],"_links":{"self":[{"href":"https:\/\/www.strzodowie.pl\/sklep\/wp-json\/wp\/v2\/product\/8550","targetHints":{"allow":["GET"]}}],"collection":[{"href":"https:\/\/www.strzodowie.pl\/sklep\/wp-json\/wp\/v2\/product"}],"about":[{"href":"https:\/\/www.strzodowie.pl\/sklep\/wp-json\/wp\/v2\/types\/product"}],"replies":[{"embeddable":true,"href":"https:\/\/www.strzodowie.pl\/sklep\/wp-json\/wp\/v2\/comments?post=8550"}],"wp:featuredmedia":[{"embeddable":true,"href":"https:\/\/www.strzodowie.pl\/sklep\/wp-json\/wp\/v2\/media\/8551"}],"wp:attachment":[{"href":"https:\/\/www.strzodowie.pl\/sklep\/wp-json\/wp\/v2\/media?parent=8550"}],"wp:term":[{"taxonomy":"product_brand","embeddable":true,"href":"https:\/\/www.strzodowie.pl\/sklep\/wp-json\/wp\/v2\/product_brand?post=8550"},{"taxonomy":"product_cat","embeddable":true,"href":"https:\/\/www.strzodowie.pl\/sklep\/wp-json\/wp\/v2\/product_cat?post=8550"},{"taxonomy":"product_tag","embeddable":true,"href":"https:\/\/www.strzodowie.pl\/sklep\/wp-json\/wp\/v2\/product_tag?post=8550"}],"curies":[{"name":"wp","href":"https:\/\/api.w.org\/{rel}","templated":true}]}}