{"id":8547,"date":"2025-10-29T12:57:35","date_gmt":"2025-10-29T11:57:35","guid":{"rendered":"https:\/\/www.strzodowie.pl\/sklep\/?post_type=product&#038;p=8547"},"modified":"2026-01-28T10:32:52","modified_gmt":"2026-01-28T09:32:52","slug":"guess-gu50237","status":"publish","type":"product","link":"https:\/\/www.strzodowie.pl\/sklep\/product\/guess-gu50237\/","title":{"rendered":"Guess GU50237"},"content":{"rendered":"<h3 data-start=\"5237\" data-end=\"5264\"><strong data-start=\"5241\" data-end=\"5264\">Guess GU50237_47020<\/strong><\/h3>\n<p data-start=\"5265\" data-end=\"5612\">Model GU50237_47020 to kompaktowe oprawki stworzone dla os\u00f3b preferuj\u0105cych delikatne formy. Szerszy mostek gwarantuje wygod\u0119, a pe\u0142na oprawa dodaje im solidno\u015bci.<br data-start=\"5427\" data-end=\"5430\" \/><strong data-start=\"5430\" data-end=\"5450\">Dane techniczne:<\/strong><br data-start=\"5450\" data-end=\"5453\" \/>Szeroko\u015b\u0107 soczewki: 47 mm<br data-start=\"5478\" data-end=\"5481\" \/>Szeroko\u015b\u0107 mostka: 22 mm<br data-start=\"5504\" data-end=\"5507\" \/>D\u0142ugo\u015b\u0107 zausznika: 145 mm<br data-start=\"5532\" data-end=\"5535\" \/>Materia\u0142 oprawy: tworzywo<br data-start=\"5560\" data-end=\"5563\" \/>Kolor oprawy: transparentna<br data-start=\"5587\" data-end=\"5590\" \/>Rodzaj oprawy: pe\u0142na<\/p>\n<p data-start=\"5614\" data-end=\"5854\"><strong data-start=\"5614\" data-end=\"5660\">Dlaczego warto wybra\u0107 model GU50237_47020?<\/strong><br data-start=\"5660\" data-end=\"5663\" \/>\u2022 Ma\u0142y, kompaktowy rozmiar.<br data-start=\"5690\" data-end=\"5693\" \/>\u2022 Matowe wyko\u0144czenie dla nowoczesnego efektu.<br data-start=\"5738\" data-end=\"5741\" \/>\u2022 Komfortowe dopasowanie.<br data-start=\"5766\" data-end=\"5769\" \/>\u2022 Lekka konstrukcja z trwa\u0142ego tworzywa.<br data-start=\"5809\" data-end=\"5812\" \/>\u2022 Styl Guess w minimalistycznym wydaniu.<\/p>\n","protected":false},"excerpt":{"rendered":"<p>Guess GU50237_47020 Model GU50237_47020 to kompaktowe oprawki stworzone dla os\u00f3b preferuj\u0105cych delikatne formy. Szerszy mostek gwarantuje wygod\u0119, a pe\u0142na oprawa dodaje im solidno\u015bci.Dane techniczne:Szeroko\u015b\u0107 soczewki: 47 mmSzeroko\u015b\u0107 mostka: 22 mmD\u0142ugo\u015b\u0107 zausznika: 145 mmMateria\u0142 oprawy: tworzywoKolor oprawy: transparentnaRodzaj oprawy: pe\u0142na Dlaczego warto wybra\u0107 model GU50237_47020?\u2022 Ma\u0142y, kompaktowy rozmiar.\u2022 Matowe wyko\u0144czenie dla nowoczesnego efektu.\u2022 Komfortowe dopasowanie.\u2022 Lekka [&hellip;]<\/p>\n","protected":false},"featured_media":8548,"comment_status":"open","ping_status":"closed","template":"","meta":{"_acf_changed":false},"product_brand":[63],"product_cat":[50],"product_tag":[317,371,374,373,375,357,168,227,377,376],"class_list":{"0":"post-8547","1":"product","2":"type-product","3":"status-publish","4":"has-post-thumbnail","6":"product_brand-guess","7":"product_cat-okulary-korekcyjne","8":"product_tag-guess","9":"product_tag-guess-eyewear","10":"product_tag-kompaktowe-okulary","11":"product_tag-male-okulary","12":"product_tag-minimalistyczny-design","13":"product_tag-moda","14":"product_tag-okulary-damskie","15":"product_tag-pelna-oprawa","16":"product_tag-transparentna-oprawa","17":"product_tag-wygodne-okulary","19":"first","20":"onbackorder","21":"shipping-taxable","22":"purchasable","23":"product-type-simple"},"acf":[],"_links":{"self":[{"href":"https:\/\/www.strzodowie.pl\/sklep\/wp-json\/wp\/v2\/product\/8547","targetHints":{"allow":["GET"]}}],"collection":[{"href":"https:\/\/www.strzodowie.pl\/sklep\/wp-json\/wp\/v2\/product"}],"about":[{"href":"https:\/\/www.strzodowie.pl\/sklep\/wp-json\/wp\/v2\/types\/product"}],"replies":[{"embeddable":true,"href":"https:\/\/www.strzodowie.pl\/sklep\/wp-json\/wp\/v2\/comments?post=8547"}],"wp:featuredmedia":[{"embeddable":true,"href":"https:\/\/www.strzodowie.pl\/sklep\/wp-json\/wp\/v2\/media\/8548"}],"wp:attachment":[{"href":"https:\/\/www.strzodowie.pl\/sklep\/wp-json\/wp\/v2\/media?parent=8547"}],"wp:term":[{"taxonomy":"product_brand","embeddable":true,"href":"https:\/\/www.strzodowie.pl\/sklep\/wp-json\/wp\/v2\/product_brand?post=8547"},{"taxonomy":"product_cat","embeddable":true,"href":"https:\/\/www.strzodowie.pl\/sklep\/wp-json\/wp\/v2\/product_cat?post=8547"},{"taxonomy":"product_tag","embeddable":true,"href":"https:\/\/www.strzodowie.pl\/sklep\/wp-json\/wp\/v2\/product_tag?post=8547"}],"curies":[{"name":"wp","href":"https:\/\/api.w.org\/{rel}","templated":true}]}}