{"id":8538,"date":"2025-10-29T12:21:46","date_gmt":"2025-10-29T11:21:46","guid":{"rendered":"https:\/\/www.strzodowie.pl\/sklep\/?post_type=product&#038;p=8538"},"modified":"2026-01-28T10:32:52","modified_gmt":"2026-01-28T09:32:52","slug":"guess-gu50225","status":"publish","type":"product","link":"https:\/\/www.strzodowie.pl\/sklep\/product\/guess-gu50225\/","title":{"rendered":"Guess GU50225"},"content":{"rendered":"<h3 data-start=\"2854\" data-end=\"2881\"><strong data-start=\"2858\" data-end=\"2881\">Guess GU50225_51021<\/strong><\/h3>\n<p data-start=\"2882\" data-end=\"3249\">Model GU50225_51021 to kompaktowe oprawki stworzone z my\u015bl\u0105 o codziennym komforcie. Szeroki mostek zapewnia stabilno\u015b\u0107, a lekka forma pozwala na d\u0142ugie u\u017cytkowanie bez uczucia zm\u0119czenia.<br data-start=\"3068\" data-end=\"3071\" \/><strong data-start=\"3071\" data-end=\"3091\">Dane techniczne:<\/strong><br data-start=\"3091\" data-end=\"3094\" \/>Szeroko\u015b\u0107 soczewki: 51 mm<br data-start=\"3119\" data-end=\"3122\" \/>Szeroko\u015b\u0107 mostka: 22 mm<br data-start=\"3145\" data-end=\"3148\" \/>D\u0142ugo\u015b\u0107 zausznika: 140 mm<br data-start=\"3173\" data-end=\"3176\" \/>Materia\u0142 oprawy: tworzywo<br data-start=\"3224\" data-end=\"3227\" \/>Rodzaj oprawy: pe\u0142na<\/p>\n<p data-start=\"3251\" data-end=\"3494\"><strong data-start=\"3251\" data-end=\"3297\">Dlaczego warto wybra\u0107 model GU50225_51021?<\/strong><br data-start=\"3297\" data-end=\"3300\" \/>\u2022 Stylowy, kompaktowy rozmiar.<br data-start=\"3330\" data-end=\"3333\" \/>\u2022 Pe\u0142na oprawa dla wi\u0119kszej trwa\u0142o\u015bci.<br data-start=\"3371\" data-end=\"3374\" \/>\u2022 Ciep\u0142y odcie\u0144 dodaje elegancji.<br data-start=\"3414\" data-end=\"3417\" \/>\u2022 Komfort i stabilno\u015b\u0107 dzi\u0119ki szerokiemu mostkowi.<br data-start=\"3467\" data-end=\"3470\" \/>\u2022 Subtelne logo Guess.<\/p>\n","protected":false},"excerpt":{"rendered":"<p>Guess GU50225_51021 Model GU50225_51021 to kompaktowe oprawki stworzone z my\u015bl\u0105 o codziennym komforcie. Szeroki mostek zapewnia stabilno\u015b\u0107, a lekka forma pozwala na d\u0142ugie u\u017cytkowanie bez uczucia zm\u0119czenia.Dane techniczne:Szeroko\u015b\u0107 soczewki: 51 mmSzeroko\u015b\u0107 mostka: 22 mmD\u0142ugo\u015b\u0107 zausznika: 140 mmMateria\u0142 oprawy: tworzywoRodzaj oprawy: pe\u0142na Dlaczego warto wybra\u0107 model GU50225_51021?\u2022 Stylowy, kompaktowy rozmiar.\u2022 Pe\u0142na oprawa dla wi\u0119kszej trwa\u0142o\u015bci.\u2022 Ciep\u0142y [&hellip;]<\/p>\n","protected":false},"featured_media":8539,"comment_status":"open","ping_status":"closed","template":"","meta":{"_acf_changed":false},"product_brand":[63],"product_cat":[50],"product_tag":[188,156,317,365,166,229,168,118,227,358],"class_list":{"0":"post-8538","1":"product","2":"type-product","3":"status-publish","4":"has-post-thumbnail","6":"product_brand-guess","7":"product_cat-okulary-korekcyjne","8":"product_tag-elegancja","9":"product_tag-grube-oprawki","10":"product_tag-guess","11":"product_tag-komfort","12":"product_tag-modne-okulary","13":"product_tag-modne-oprawki","14":"product_tag-okulary-damskie","15":"product_tag-okulary-korekcyjne","16":"product_tag-pelna-oprawa","17":"product_tag-styl-guess","19":"first","20":"onbackorder","21":"shipping-taxable","22":"purchasable","23":"product-type-simple"},"acf":[],"_links":{"self":[{"href":"https:\/\/www.strzodowie.pl\/sklep\/wp-json\/wp\/v2\/product\/8538","targetHints":{"allow":["GET"]}}],"collection":[{"href":"https:\/\/www.strzodowie.pl\/sklep\/wp-json\/wp\/v2\/product"}],"about":[{"href":"https:\/\/www.strzodowie.pl\/sklep\/wp-json\/wp\/v2\/types\/product"}],"replies":[{"embeddable":true,"href":"https:\/\/www.strzodowie.pl\/sklep\/wp-json\/wp\/v2\/comments?post=8538"}],"wp:featuredmedia":[{"embeddable":true,"href":"https:\/\/www.strzodowie.pl\/sklep\/wp-json\/wp\/v2\/media\/8539"}],"wp:attachment":[{"href":"https:\/\/www.strzodowie.pl\/sklep\/wp-json\/wp\/v2\/media?parent=8538"}],"wp:term":[{"taxonomy":"product_brand","embeddable":true,"href":"https:\/\/www.strzodowie.pl\/sklep\/wp-json\/wp\/v2\/product_brand?post=8538"},{"taxonomy":"product_cat","embeddable":true,"href":"https:\/\/www.strzodowie.pl\/sklep\/wp-json\/wp\/v2\/product_cat?post=8538"},{"taxonomy":"product_tag","embeddable":true,"href":"https:\/\/www.strzodowie.pl\/sklep\/wp-json\/wp\/v2\/product_tag?post=8538"}],"curies":[{"name":"wp","href":"https:\/\/api.w.org\/{rel}","templated":true}]}}