{"id":8535,"date":"2025-10-29T11:34:00","date_gmt":"2025-10-29T10:34:00","guid":{"rendered":"https:\/\/www.strzodowie.pl\/sklep\/?post_type=product&#038;p=8535"},"modified":"2026-01-28T10:32:52","modified_gmt":"2026-01-28T09:32:52","slug":"guess-gu50231","status":"publish","type":"product","link":"https:\/\/www.strzodowie.pl\/sklep\/product\/guess-gu50231\/","title":{"rendered":"Guess GU50231"},"content":{"rendered":"<h3 data-start=\"2014\" data-end=\"2041\"><strong data-start=\"2018\" data-end=\"2041\">Guess GU50231_55001<\/strong><\/h3>\n<p data-start=\"2042\" data-end=\"2447\">Model GU50231_55001 to stylowe oprawki wykonane z wysokiej jako\u015bci tworzywa. Ich prosty, a zarazem wyrazisty design doskonale wpisuje si\u0119 w nowoczesne trendy. Lekka konstrukcja i pe\u0142na oprawa zapewniaj\u0105 komfort oraz trwa\u0142o\u015b\u0107.<br data-start=\"2267\" data-end=\"2270\" \/><strong data-start=\"2270\" data-end=\"2290\">Dane techniczne:<\/strong><br data-start=\"2290\" data-end=\"2293\" \/>Szeroko\u015b\u0107 soczewki: 55 mm<br data-start=\"2318\" data-end=\"2321\" \/>Szeroko\u015b\u0107 mostka: 15 mm<br data-start=\"2344\" data-end=\"2347\" \/>D\u0142ugo\u015b\u0107 zausznika: 140 mm<br data-start=\"2372\" data-end=\"2375\" \/>Materia\u0142 oprawy: tworzywo<br data-start=\"2400\" data-end=\"2403\" \/>Kolor oprawy: Black<br data-start=\"2422\" data-end=\"2425\" \/>Rodzaj oprawy: pe\u0142na<\/p>\n<p data-start=\"2449\" data-end=\"2687\"><strong data-start=\"2449\" data-end=\"2495\">Dlaczego warto wybra\u0107 model GU50231_55001?<\/strong><br data-start=\"2495\" data-end=\"2498\" \/>\u2022 Modny, wsp\u00f3\u0142czesny wygl\u0105d.<br data-start=\"2526\" data-end=\"2529\" \/>\u2022 Komfort noszenia przez ca\u0142y dzie\u0144.<br data-start=\"2565\" data-end=\"2568\" \/>\u2022 Lekka, a zarazem solidna konstrukcja.<br data-start=\"2607\" data-end=\"2610\" \/>\u2022 Idealne dopasowanie do kszta\u0142tu twarzy.<br data-start=\"2651\" data-end=\"2654\" \/>\u2022 Charakterystyczne logo Guess.<\/p>\n","protected":false},"excerpt":{"rendered":"<p>Guess GU50231_55001 Model GU50231_55001 to stylowe oprawki wykonane z wysokiej jako\u015bci tworzywa. Ich prosty, a zarazem wyrazisty design doskonale wpisuje si\u0119 w nowoczesne trendy. Lekka konstrukcja i pe\u0142na oprawa zapewniaj\u0105 komfort oraz trwa\u0142o\u015b\u0107.Dane techniczne:Szeroko\u015b\u0107 soczewki: 55 mmSzeroko\u015b\u0107 mostka: 15 mmD\u0142ugo\u015b\u0107 zausznika: 140 mmMateria\u0142 oprawy: tworzywoKolor oprawy: BlackRodzaj oprawy: pe\u0142na Dlaczego warto wybra\u0107 model GU50231_55001?\u2022 Modny, [&hellip;]<\/p>\n","protected":false},"featured_media":8536,"comment_status":"open","ping_status":"closed","template":"","meta":{"_acf_changed":false},"product_brand":[63],"product_cat":[50],"product_tag":[154,165,317,369,368,357,168,367,227,358],"class_list":{"0":"post-8535","1":"product","2":"type-product","3":"status-publish","4":"has-post-thumbnail","6":"product_brand-guess","7":"product_cat-okulary-korekcyjne","8":"product_tag-czarne-okulary","9":"product_tag-eleganckie-okulary","10":"product_tag-guess","11":"product_tag-klasyczny-design","12":"product_tag-komfortowe-oprawki","13":"product_tag-moda","14":"product_tag-okulary-damskie","15":"product_tag-okulary-tworzywo","16":"product_tag-pelna-oprawa","17":"product_tag-styl-guess","19":"first","20":"onbackorder","21":"shipping-taxable","22":"purchasable","23":"product-type-simple"},"acf":[],"_links":{"self":[{"href":"https:\/\/www.strzodowie.pl\/sklep\/wp-json\/wp\/v2\/product\/8535","targetHints":{"allow":["GET"]}}],"collection":[{"href":"https:\/\/www.strzodowie.pl\/sklep\/wp-json\/wp\/v2\/product"}],"about":[{"href":"https:\/\/www.strzodowie.pl\/sklep\/wp-json\/wp\/v2\/types\/product"}],"replies":[{"embeddable":true,"href":"https:\/\/www.strzodowie.pl\/sklep\/wp-json\/wp\/v2\/comments?post=8535"}],"wp:featuredmedia":[{"embeddable":true,"href":"https:\/\/www.strzodowie.pl\/sklep\/wp-json\/wp\/v2\/media\/8536"}],"wp:attachment":[{"href":"https:\/\/www.strzodowie.pl\/sklep\/wp-json\/wp\/v2\/media?parent=8535"}],"wp:term":[{"taxonomy":"product_brand","embeddable":true,"href":"https:\/\/www.strzodowie.pl\/sklep\/wp-json\/wp\/v2\/product_brand?post=8535"},{"taxonomy":"product_cat","embeddable":true,"href":"https:\/\/www.strzodowie.pl\/sklep\/wp-json\/wp\/v2\/product_cat?post=8535"},{"taxonomy":"product_tag","embeddable":true,"href":"https:\/\/www.strzodowie.pl\/sklep\/wp-json\/wp\/v2\/product_tag?post=8535"}],"curies":[{"name":"wp","href":"https:\/\/api.w.org\/{rel}","templated":true}]}}