{"id":8532,"date":"2025-10-29T11:31:05","date_gmt":"2025-10-29T10:31:05","guid":{"rendered":"https:\/\/www.strzodowie.pl\/sklep\/?post_type=product&#038;p=8532"},"modified":"2026-01-28T10:32:52","modified_gmt":"2026-01-28T09:32:52","slug":"guess-gu50224-2","status":"publish","type":"product","link":"https:\/\/www.strzodowie.pl\/sklep\/product\/guess-gu50224-2\/","title":{"rendered":"Guess GU50224"},"content":{"rendered":"<h3 data-start=\"1190\" data-end=\"1217\"><strong data-start=\"1194\" data-end=\"1217\">Guess GU50224_56028<\/strong><\/h3>\n<p data-start=\"1218\" data-end=\"1607\">Model GU50224_56028 to po\u0142\u0105czenie klasy i nowoczesno\u015bci. Metalowa rama podkre\u015bla elegancki charakter, a cienkie linie dodaj\u0105 lekko\u015bci i subtelno\u015bci. Idealny wyb\u00f3r dla os\u00f3b, kt\u00f3re ceni\u0105 minimalizm z nut\u0105 luksusu.<br data-start=\"1429\" data-end=\"1432\" \/><strong data-start=\"1432\" data-end=\"1452\">Dane techniczne:<\/strong><br data-start=\"1452\" data-end=\"1455\" \/>Szeroko\u015b\u0107 soczewki: 56 mm<br data-start=\"1480\" data-end=\"1483\" \/>Szeroko\u015b\u0107 mostka: 15 mm<br data-start=\"1506\" data-end=\"1509\" \/>D\u0142ugo\u015b\u0107 zausznika: 140 mm<br data-start=\"1534\" data-end=\"1537\" \/>Materia\u0142 oprawy: metal<br data-start=\"1582\" data-end=\"1585\" \/>Rodzaj oprawy: pe\u0142na<\/p>\n<p data-start=\"1609\" data-end=\"1848\"><strong data-start=\"1609\" data-end=\"1655\">Dlaczego warto wybra\u0107 model GU50224_56028?<\/strong><br data-start=\"1655\" data-end=\"1658\" \/>\u2022 Smuk\u0142a i elegancka forma.<br data-start=\"1685\" data-end=\"1688\" \/>\u2022 Wyj\u0105tkowa trwa\u0142o\u015b\u0107 dzi\u0119ki metalowej konstrukcji.<br data-start=\"1738\" data-end=\"1741\" \/>\u2022 Lekko\u015b\u0107 gwarantuj\u0105ca wygod\u0119.<br data-start=\"1771\" data-end=\"1774\" \/>\u2022 Nowoczesny design Guess.<br data-start=\"1800\" data-end=\"1803\" \/>\u2022 Idealne dopasowanie do codziennego stylu.<\/p>\n","protected":false},"excerpt":{"rendered":"<p>Guess GU50224_56028 Model GU50224_56028 to po\u0142\u0105czenie klasy i nowoczesno\u015bci. Metalowa rama podkre\u015bla elegancki charakter, a cienkie linie dodaj\u0105 lekko\u015bci i subtelno\u015bci. Idealny wyb\u00f3r dla os\u00f3b, kt\u00f3re ceni\u0105 minimalizm z nut\u0105 luksusu.Dane techniczne:Szeroko\u015b\u0107 soczewki: 56 mmSzeroko\u015b\u0107 mostka: 15 mmD\u0142ugo\u015b\u0107 zausznika: 140 mmMateria\u0142 oprawy: metalRodzaj oprawy: pe\u0142na Dlaczego warto wybra\u0107 model GU50224_56028?\u2022 Smuk\u0142a i elegancka forma.\u2022 Wyj\u0105tkowa [&hellip;]<\/p>\n","protected":false},"featured_media":8533,"comment_status":"open","ping_status":"closed","template":"","meta":{"_acf_changed":false},"product_brand":[63],"product_cat":[50],"product_tag":[362,317,365,364,366,166,361,155,360,363],"class_list":{"0":"post-8532","1":"product","2":"type-product","3":"status-publish","4":"has-post-thumbnail","6":"product_brand-guess","7":"product_cat-okulary-korekcyjne","8":"product_tag-eleganckie-oprawki","9":"product_tag-guess","10":"product_tag-komfort","11":"product_tag-luksus","12":"product_tag-minimalistyczny-styl","13":"product_tag-modne-okulary","14":"product_tag-okulary-metalowe","15":"product_tag-okulary-unisex","16":"product_tag-oprawki-guess","17":"product_tag-srebrne-okulary","19":"first","20":"onbackorder","21":"shipping-taxable","22":"purchasable","23":"product-type-simple"},"acf":[],"_links":{"self":[{"href":"https:\/\/www.strzodowie.pl\/sklep\/wp-json\/wp\/v2\/product\/8532","targetHints":{"allow":["GET"]}}],"collection":[{"href":"https:\/\/www.strzodowie.pl\/sklep\/wp-json\/wp\/v2\/product"}],"about":[{"href":"https:\/\/www.strzodowie.pl\/sklep\/wp-json\/wp\/v2\/types\/product"}],"replies":[{"embeddable":true,"href":"https:\/\/www.strzodowie.pl\/sklep\/wp-json\/wp\/v2\/comments?post=8532"}],"wp:featuredmedia":[{"embeddable":true,"href":"https:\/\/www.strzodowie.pl\/sklep\/wp-json\/wp\/v2\/media\/8533"}],"wp:attachment":[{"href":"https:\/\/www.strzodowie.pl\/sklep\/wp-json\/wp\/v2\/media?parent=8532"}],"wp:term":[{"taxonomy":"product_brand","embeddable":true,"href":"https:\/\/www.strzodowie.pl\/sklep\/wp-json\/wp\/v2\/product_brand?post=8532"},{"taxonomy":"product_cat","embeddable":true,"href":"https:\/\/www.strzodowie.pl\/sklep\/wp-json\/wp\/v2\/product_cat?post=8532"},{"taxonomy":"product_tag","embeddable":true,"href":"https:\/\/www.strzodowie.pl\/sklep\/wp-json\/wp\/v2\/product_tag?post=8532"}],"curies":[{"name":"wp","href":"https:\/\/api.w.org\/{rel}","templated":true}]}}