{"id":8529,"date":"2025-10-29T11:13:41","date_gmt":"2025-10-29T10:13:41","guid":{"rendered":"https:\/\/www.strzodowie.pl\/sklep\/?post_type=product&#038;p=8529"},"modified":"2026-01-28T10:32:52","modified_gmt":"2026-01-28T09:32:52","slug":"guess-gu50223","status":"publish","type":"product","link":"https:\/\/www.strzodowie.pl\/sklep\/product\/guess-gu50223\/","title":{"rendered":"Guess GU50223"},"content":{"rendered":"<h3 data-start=\"320\" data-end=\"347\"><strong data-start=\"324\" data-end=\"347\">Guess GU50223_57032<\/strong><\/h3>\n<p data-start=\"348\" data-end=\"782\">Model GU50223_57032 to propozycja dla os\u00f3b ceni\u0105cych elegancj\u0119 i klasyczny wygl\u0105d. Metalowa konstrukcja \u0142\u0105czy lekko\u015b\u0107 z trwa\u0142o\u015bci\u0105, a subtelne detale dodaj\u0105 ca\u0142o\u015bci presti\u017cu. Smuk\u0142y mostek i delikatne zauszniki zapewniaj\u0105 doskona\u0142e dopasowanie do twarzy.<br data-start=\"602\" data-end=\"605\" \/><strong data-start=\"605\" data-end=\"625\">Dane techniczne:<\/strong><br data-start=\"625\" data-end=\"628\" \/>Szeroko\u015b\u0107 soczewki: 57 mm<br data-start=\"653\" data-end=\"656\" \/>Szeroko\u015b\u0107 mostka: 16 mm<br data-start=\"679\" data-end=\"682\" \/>D\u0142ugo\u015b\u0107 zausznika: 140 mm<br data-start=\"707\" data-end=\"710\" \/>Materia\u0142 oprawy: metal<br data-start=\"757\" data-end=\"760\" \/>Rodzaj oprawy: pe\u0142na<\/p>\n<p data-start=\"784\" data-end=\"1029\"><strong data-start=\"784\" data-end=\"830\">Dlaczego warto wybra\u0107 model GU50223_57032?<\/strong><br data-start=\"830\" data-end=\"833\" \/>\u2022 Klasyczny styl w nowoczesnym wydaniu.<br data-start=\"872\" data-end=\"875\" \/>\u2022 Lekka, metalowa konstrukcja.<br data-start=\"905\" data-end=\"908\" \/>\u2022 Idealne dopasowanie dzi\u0119ki smuk\u0142emu mostkowi.<br data-start=\"955\" data-end=\"958\" \/>\u2022 Wysoka jako\u015b\u0107 wykonania.<br data-start=\"984\" data-end=\"987\" \/>\u2022 Subtelne logo Guess jako znak luksusu.<\/p>\n","protected":false},"excerpt":{"rendered":"<p>Guess GU50223_57032 Model GU50223_57032 to propozycja dla os\u00f3b ceni\u0105cych elegancj\u0119 i klasyczny wygl\u0105d. Metalowa konstrukcja \u0142\u0105czy lekko\u015b\u0107 z trwa\u0142o\u015bci\u0105, a subtelne detale dodaj\u0105 ca\u0142o\u015bci presti\u017cu. Smuk\u0142y mostek i delikatne zauszniki zapewniaj\u0105 doskona\u0142e dopasowanie do twarzy.Dane techniczne:Szeroko\u015b\u0107 soczewki: 57 mmSzeroko\u015b\u0107 mostka: 16 mmD\u0142ugo\u015b\u0107 zausznika: 140 mmMateria\u0142 oprawy: metalRodzaj oprawy: pe\u0142na Dlaczego warto wybra\u0107 model GU50223_57032?\u2022 Klasyczny [&hellip;]<\/p>\n","protected":false},"featured_media":8530,"comment_status":"open","ping_status":"closed","template":"","meta":{"_acf_changed":false},"product_brand":[63],"product_cat":[50],"product_tag":[188,317,359,235,357,177,118,119,227,358],"class_list":{"0":"post-8529","1":"product","2":"type-product","3":"status-publish","4":"has-post-thumbnail","6":"product_brand-guess","7":"product_cat-okulary-korekcyjne","8":"product_tag-elegancja","9":"product_tag-guess","10":"product_tag-luksusowe-oprawki","11":"product_tag-meskie-okulary","12":"product_tag-moda","13":"product_tag-nowoczesny-design","14":"product_tag-okulary-korekcyjne","15":"product_tag-oprawki-metalowe","16":"product_tag-pelna-oprawa","17":"product_tag-styl-guess","19":"first","20":"onbackorder","21":"shipping-taxable","22":"purchasable","23":"product-type-simple"},"acf":[],"_links":{"self":[{"href":"https:\/\/www.strzodowie.pl\/sklep\/wp-json\/wp\/v2\/product\/8529","targetHints":{"allow":["GET"]}}],"collection":[{"href":"https:\/\/www.strzodowie.pl\/sklep\/wp-json\/wp\/v2\/product"}],"about":[{"href":"https:\/\/www.strzodowie.pl\/sklep\/wp-json\/wp\/v2\/types\/product"}],"replies":[{"embeddable":true,"href":"https:\/\/www.strzodowie.pl\/sklep\/wp-json\/wp\/v2\/comments?post=8529"}],"wp:featuredmedia":[{"embeddable":true,"href":"https:\/\/www.strzodowie.pl\/sklep\/wp-json\/wp\/v2\/media\/8530"}],"wp:attachment":[{"href":"https:\/\/www.strzodowie.pl\/sklep\/wp-json\/wp\/v2\/media?parent=8529"}],"wp:term":[{"taxonomy":"product_brand","embeddable":true,"href":"https:\/\/www.strzodowie.pl\/sklep\/wp-json\/wp\/v2\/product_brand?post=8529"},{"taxonomy":"product_cat","embeddable":true,"href":"https:\/\/www.strzodowie.pl\/sklep\/wp-json\/wp\/v2\/product_cat?post=8529"},{"taxonomy":"product_tag","embeddable":true,"href":"https:\/\/www.strzodowie.pl\/sklep\/wp-json\/wp\/v2\/product_tag?post=8529"}],"curies":[{"name":"wp","href":"https:\/\/api.w.org\/{rel}","templated":true}]}}