{"id":8524,"date":"2025-10-10T14:56:43","date_gmt":"2025-10-10T12:56:43","guid":{"rendered":"https:\/\/www.strzodowie.pl\/sklep\/?post_type=product&#038;p=8524"},"modified":"2026-01-28T10:32:52","modified_gmt":"2026-01-28T09:32:52","slug":"guess-gu50255-d","status":"publish","type":"product","link":"https:\/\/www.strzodowie.pl\/sklep\/product\/guess-gu50255-d\/","title":{"rendered":"Guess GU50255-D"},"content":{"rendered":"<h3 data-start=\"6950\" data-end=\"6979\"><strong data-start=\"6954\" data-end=\"6979\">Guess GU50255-D-52052<\/strong><\/h3>\n<p data-start=\"6981\" data-end=\"7226\">Model GU50255-D-52052 to oprawki dla os\u00f3b poszukuj\u0105cych wyrazistych, lecz kompaktowych rozwi\u0105za\u0144. Szeroki mostek zapewnia wygod\u0119 i stabilno\u015b\u0107, a lekka konstrukcja gwarantuje komfort przez ca\u0142y dzie\u0144. Logo Guess podkre\u015bla wysok\u0105 jako\u015b\u0107 wykonania.<\/p>\n<p data-start=\"7228\" data-end=\"7414\"><strong data-start=\"7228\" data-end=\"7248\">Dane techniczne:<\/strong><br data-start=\"7248\" data-end=\"7251\" \/>Szeroko\u015b\u0107 soczewki: 52 mm<br data-start=\"7276\" data-end=\"7279\" \/>Szeroko\u015b\u0107 mostka: 18 mm<br data-start=\"7302\" data-end=\"7305\" \/>D\u0142ugo\u015b\u0107 zausznika: 140 mm<br data-start=\"7330\" data-end=\"7333\" \/>Materia\u0142 oprawy: tworzywo\u00a0<br data-start=\"7367\" data-end=\"7370\" \/>Kolor oprawy: Black<br data-start=\"7389\" data-end=\"7392\" \/>Rodzaj oprawy: pe\u0142na<\/p>\n<p data-start=\"7416\" data-end=\"7466\"><strong data-start=\"7416\" data-end=\"7464\">Dlaczego warto wybra\u0107 model GU50255-D-52052?<\/strong><\/p>\n<ul data-start=\"7467\" data-end=\"7655\">\n<li data-start=\"7467\" data-end=\"7510\">\n<p data-start=\"7469\" data-end=\"7510\">Kompaktowy rozmiar z szerokim mostkiem.<\/p>\n<\/li>\n<li data-start=\"7511\" data-end=\"7546\">\n<p data-start=\"7513\" data-end=\"7546\">Lekka i komfortowa konstrukcja.<\/p>\n<\/li>\n<li data-start=\"7547\" data-end=\"7587\">\n<p data-start=\"7549\" data-end=\"7587\">Pe\u0142na oprawa dla wi\u0119kszej trwa\u0142o\u015bci.<\/p>\n<\/li>\n<li data-start=\"7588\" data-end=\"7618\">\n<p data-start=\"7590\" data-end=\"7618\">Prosty, nowoczesny design.<\/p>\n<\/li>\n<li data-start=\"7619\" data-end=\"7655\">\n<p data-start=\"7621\" data-end=\"7655\">Logo Guess jako element luksusu.<\/p>\n<\/li>\n<\/ul>\n","protected":false},"excerpt":{"rendered":"<p>Guess GU50255-D-52052 Model GU50255-D-52052 to oprawki dla os\u00f3b poszukuj\u0105cych wyrazistych, lecz kompaktowych rozwi\u0105za\u0144. Szeroki mostek zapewnia wygod\u0119 i stabilno\u015b\u0107, a lekka konstrukcja gwarantuje komfort przez ca\u0142y dzie\u0144. Logo Guess podkre\u015bla wysok\u0105 jako\u015b\u0107 wykonania. Dane techniczne:Szeroko\u015b\u0107 soczewki: 52 mmSzeroko\u015b\u0107 mostka: 18 mmD\u0142ugo\u015b\u0107 zausznika: 140 mmMateria\u0142 oprawy: tworzywo\u00a0Kolor oprawy: BlackRodzaj oprawy: pe\u0142na Dlaczego warto wybra\u0107 model GU50255-D-52052? [&hellip;]<\/p>\n","protected":false},"featured_media":8525,"comment_status":"open","ping_status":"closed","template":"","meta":{"_acf_changed":false},"product_brand":[63],"product_cat":[50],"product_tag":[186,354,317,356,337,341,166,227,322,355],"class_list":{"0":"post-8524","1":"product","2":"type-product","3":"status-publish","4":"has-post-thumbnail","6":"product_brand-guess","7":"product_cat-okulary-korekcyjne","8":"product_tag-elegancki-styl","9":"product_tag-gu50255","10":"product_tag-guess","11":"product_tag-komfortowe-okulary","12":"product_tag-lekkie-tworzywo","13":"product_tag-male-oprawki","14":"product_tag-modne-okulary","15":"product_tag-pelna-oprawa","16":"product_tag-styl-premium","17":"product_tag-szeroki-mostek","19":"first","20":"onbackorder","21":"shipping-taxable","22":"purchasable","23":"product-type-simple"},"acf":[],"_links":{"self":[{"href":"https:\/\/www.strzodowie.pl\/sklep\/wp-json\/wp\/v2\/product\/8524","targetHints":{"allow":["GET"]}}],"collection":[{"href":"https:\/\/www.strzodowie.pl\/sklep\/wp-json\/wp\/v2\/product"}],"about":[{"href":"https:\/\/www.strzodowie.pl\/sklep\/wp-json\/wp\/v2\/types\/product"}],"replies":[{"embeddable":true,"href":"https:\/\/www.strzodowie.pl\/sklep\/wp-json\/wp\/v2\/comments?post=8524"}],"wp:featuredmedia":[{"embeddable":true,"href":"https:\/\/www.strzodowie.pl\/sklep\/wp-json\/wp\/v2\/media\/8525"}],"wp:attachment":[{"href":"https:\/\/www.strzodowie.pl\/sklep\/wp-json\/wp\/v2\/media?parent=8524"}],"wp:term":[{"taxonomy":"product_brand","embeddable":true,"href":"https:\/\/www.strzodowie.pl\/sklep\/wp-json\/wp\/v2\/product_brand?post=8524"},{"taxonomy":"product_cat","embeddable":true,"href":"https:\/\/www.strzodowie.pl\/sklep\/wp-json\/wp\/v2\/product_cat?post=8524"},{"taxonomy":"product_tag","embeddable":true,"href":"https:\/\/www.strzodowie.pl\/sklep\/wp-json\/wp\/v2\/product_tag?post=8524"}],"curies":[{"name":"wp","href":"https:\/\/api.w.org\/{rel}","templated":true}]}}