{"id":8521,"date":"2025-10-10T14:49:24","date_gmt":"2025-10-10T12:49:24","guid":{"rendered":"https:\/\/www.strzodowie.pl\/sklep\/?post_type=product&#038;p=8521"},"modified":"2026-01-28T10:32:52","modified_gmt":"2026-01-28T09:32:52","slug":"guess-gu50230","status":"publish","type":"product","link":"https:\/\/www.strzodowie.pl\/sklep\/product\/guess-gu50230\/","title":{"rendered":"Guess GU50230"},"content":{"rendered":"<h3 data-start=\"6096\" data-end=\"6123\"><strong data-start=\"6100\" data-end=\"6123\">Guess GU50230-55001<\/strong><\/h3>\n<p data-start=\"6125\" data-end=\"6361\">Model GU50230-55001 to synonim codziennego komfortu i ponadczasowego stylu. Dzi\u0119ki harmonijnym wymiarom i lekkiej konstrukcji oprawki idealnie dopasowuj\u0105 si\u0119 do wi\u0119kszo\u015bci twarzy. To doskona\u0142y wyb\u00f3r dla os\u00f3b ceni\u0105cych wygod\u0119 i estetyk\u0119.<\/p>\n<p data-start=\"6363\" data-end=\"6549\"><strong data-start=\"6363\" data-end=\"6383\">Dane techniczne:<\/strong><br data-start=\"6383\" data-end=\"6386\" \/>Szeroko\u015b\u0107 soczewki: 55 mm<br data-start=\"6411\" data-end=\"6414\" \/>Szeroko\u015b\u0107 mostka: 16 mm<br data-start=\"6437\" data-end=\"6440\" \/>D\u0142ugo\u015b\u0107 zausznika: 140 mm<br data-start=\"6465\" data-end=\"6468\" \/>Materia\u0142 oprawy: tworzywo\u00a0<br data-start=\"6502\" data-end=\"6505\" \/>Kolor oprawy: Black<br data-start=\"6524\" data-end=\"6527\" \/>Rodzaj oprawy: pe\u0142na<\/p>\n<p data-start=\"6551\" data-end=\"6599\"><strong data-start=\"6551\" data-end=\"6597\">Dlaczego warto wybra\u0107 model GU50230-55001?<\/strong><\/p>\n<ul data-start=\"6600\" data-end=\"6785\">\n<li data-start=\"6600\" data-end=\"6647\">\n<p data-start=\"6602\" data-end=\"6647\">Proporcje dopasowane do wielu typ\u00f3w twarzy.<\/p>\n<\/li>\n<li data-start=\"6648\" data-end=\"6690\">\n<p data-start=\"6650\" data-end=\"6690\">Lekka oprawa dla codziennego komfortu.<\/p>\n<\/li>\n<li data-start=\"6691\" data-end=\"6728\">\n<p data-start=\"6693\" data-end=\"6728\">Styl minimalistyczny i elegancki.<\/p>\n<\/li>\n<li data-start=\"6729\" data-end=\"6751\">\n<p data-start=\"6731\" data-end=\"6751\">Pe\u0142na konstrukcja.<\/p>\n<\/li>\n<li data-start=\"6752\" data-end=\"6785\">\n<p data-start=\"6754\" data-end=\"6785\">Logo Guess dodaj\u0105ce presti\u017cu.<\/p>\n<\/li>\n<\/ul>\n","protected":false},"excerpt":{"rendered":"<p>Guess GU50230-55001 Model GU50230-55001 to synonim codziennego komfortu i ponadczasowego stylu. Dzi\u0119ki harmonijnym wymiarom i lekkiej konstrukcji oprawki idealnie dopasowuj\u0105 si\u0119 do wi\u0119kszo\u015bci twarzy. To doskona\u0142y wyb\u00f3r dla os\u00f3b ceni\u0105cych wygod\u0119 i estetyk\u0119. Dane techniczne:Szeroko\u015b\u0107 soczewki: 55 mmSzeroko\u015b\u0107 mostka: 16 mmD\u0142ugo\u015b\u0107 zausznika: 140 mmMateria\u0142 oprawy: tworzywo\u00a0Kolor oprawy: BlackRodzaj oprawy: pe\u0142na Dlaczego warto wybra\u0107 model GU50230-55001? [&hellip;]<\/p>\n","protected":false},"featured_media":8522,"comment_status":"open","ping_status":"closed","template":"","meta":{"_acf_changed":false},"product_brand":[63],"product_cat":[50],"product_tag":[351,349,317,352,320,326,166,350,353,327],"class_list":{"0":"post-8521","1":"product","2":"type-product","3":"status-publish","4":"has-post-thumbnail","6":"product_brand-guess","7":"product_cat-okulary-korekcyjne","8":"product_tag-codzienne-dodatki","9":"product_tag-gu50230","10":"product_tag-guess","11":"product_tag-klasyczna-forma","12":"product_tag-lekkie-okulary","13":"product_tag-marka-premium","14":"product_tag-modne-okulary","15":"product_tag-pelne-oprawki","16":"product_tag-prosty-styl","17":"product_tag-styl-uniwersalny","19":"first","20":"onbackorder","21":"shipping-taxable","22":"purchasable","23":"product-type-simple"},"acf":[],"_links":{"self":[{"href":"https:\/\/www.strzodowie.pl\/sklep\/wp-json\/wp\/v2\/product\/8521","targetHints":{"allow":["GET"]}}],"collection":[{"href":"https:\/\/www.strzodowie.pl\/sklep\/wp-json\/wp\/v2\/product"}],"about":[{"href":"https:\/\/www.strzodowie.pl\/sklep\/wp-json\/wp\/v2\/types\/product"}],"replies":[{"embeddable":true,"href":"https:\/\/www.strzodowie.pl\/sklep\/wp-json\/wp\/v2\/comments?post=8521"}],"wp:featuredmedia":[{"embeddable":true,"href":"https:\/\/www.strzodowie.pl\/sklep\/wp-json\/wp\/v2\/media\/8522"}],"wp:attachment":[{"href":"https:\/\/www.strzodowie.pl\/sklep\/wp-json\/wp\/v2\/media?parent=8521"}],"wp:term":[{"taxonomy":"product_brand","embeddable":true,"href":"https:\/\/www.strzodowie.pl\/sklep\/wp-json\/wp\/v2\/product_brand?post=8521"},{"taxonomy":"product_cat","embeddable":true,"href":"https:\/\/www.strzodowie.pl\/sklep\/wp-json\/wp\/v2\/product_cat?post=8521"},{"taxonomy":"product_tag","embeddable":true,"href":"https:\/\/www.strzodowie.pl\/sklep\/wp-json\/wp\/v2\/product_tag?post=8521"}],"curies":[{"name":"wp","href":"https:\/\/api.w.org\/{rel}","templated":true}]}}