{"id":8518,"date":"2025-10-10T14:47:04","date_gmt":"2025-10-10T12:47:04","guid":{"rendered":"https:\/\/www.strzodowie.pl\/sklep\/?post_type=product&#038;p=8518"},"modified":"2026-01-28T10:32:52","modified_gmt":"2026-01-28T09:32:52","slug":"guess-gu50233","status":"publish","type":"product","link":"https:\/\/www.strzodowie.pl\/sklep\/product\/guess-gu50233\/","title":{"rendered":"Guess GU50233"},"content":{"rendered":"<h3 data-start=\"5229\" data-end=\"5256\"><strong data-start=\"5233\" data-end=\"5256\">Guess GU50233-53020<\/strong><\/h3>\n<p data-start=\"5258\" data-end=\"5508\">Model GU50233-53020 to oprawki o klasycznej linii, kt\u00f3re doskonale sprawdz\u0105 si\u0119 zar\u00f3wno w pracy, jak i na co dzie\u0144. Zbalansowane proporcje i lekki materia\u0142 to gwarancja wygody i uniwersalno\u015bci. Dyskretne logo Guess podkre\u015bla ich presti\u017cowy charakter.<\/p>\n<p data-start=\"5510\" data-end=\"5696\"><strong data-start=\"5510\" data-end=\"5530\">Dane techniczne:<\/strong><br data-start=\"5530\" data-end=\"5533\" \/>Szeroko\u015b\u0107 soczewki: 53 mm<br data-start=\"5558\" data-end=\"5561\" \/>Szeroko\u015b\u0107 mostka: 17 mm<br data-start=\"5584\" data-end=\"5587\" \/>D\u0142ugo\u015b\u0107 zausznika: 140 mm<br data-start=\"5612\" data-end=\"5615\" \/>Materia\u0142 oprawy: tworzywo\u00a0<br data-start=\"5649\" data-end=\"5652\" \/>Kolor oprawy: transparenty<br data-start=\"5671\" data-end=\"5674\" \/>Rodzaj oprawy: pe\u0142na<\/p>\n<p data-start=\"5698\" data-end=\"5746\"><strong data-start=\"5698\" data-end=\"5744\">Dlaczego warto wybra\u0107 model GU50233-53020?<\/strong><\/p>\n<ul data-start=\"5747\" data-end=\"5924\">\n<li data-start=\"5747\" data-end=\"5797\">\n<p data-start=\"5749\" data-end=\"5797\">Klasyczny rozmiar dla wi\u0119kszo\u015bci typ\u00f3w twarzy.<\/p>\n<\/li>\n<li data-start=\"5798\" data-end=\"5824\">\n<p data-start=\"5800\" data-end=\"5824\">Lekka i trwa\u0142a oprawa.<\/p>\n<\/li>\n<li data-start=\"5825\" data-end=\"5849\">\n<p data-start=\"5827\" data-end=\"5849\">Uniwersalny kszta\u0142t.<\/p>\n<\/li>\n<li data-start=\"5850\" data-end=\"5892\">\n<p data-start=\"5852\" data-end=\"5892\">Pe\u0142na konstrukcja zapewniaj\u0105ca wygod\u0119.<\/p>\n<\/li>\n<li data-start=\"5893\" data-end=\"5924\">\n<p data-start=\"5895\" data-end=\"5924\">Logo Guess jako znak stylu.<\/p>\n<\/li>\n<\/ul>\n","protected":false},"excerpt":{"rendered":"<p>Guess GU50233-53020 Model GU50233-53020 to oprawki o klasycznej linii, kt\u00f3re doskonale sprawdz\u0105 si\u0119 zar\u00f3wno w pracy, jak i na co dzie\u0144. Zbalansowane proporcje i lekki materia\u0142 to gwarancja wygody i uniwersalno\u015bci. Dyskretne logo Guess podkre\u015bla ich presti\u017cowy charakter. Dane techniczne:Szeroko\u015b\u0107 soczewki: 53 mmSzeroko\u015b\u0107 mostka: 17 mmD\u0142ugo\u015b\u0107 zausznika: 140 mmMateria\u0142 oprawy: tworzywo\u00a0Kolor oprawy: transparentyRodzaj oprawy: pe\u0142na [&hellip;]<\/p>\n","protected":false},"featured_media":8519,"comment_status":"open","ping_status":"closed","template":"","meta":{"_acf_changed":false},"product_brand":[63],"product_cat":[50],"product_tag":[323,347,345,317,191,337,326,227,346,348],"class_list":{"0":"post-8518","1":"product","2":"type-product","3":"status-publish","4":"has-post-thumbnail","6":"product_brand-guess","7":"product_cat-okulary-korekcyjne","8":"product_tag-codzienna-wygoda","9":"product_tag-eleganckie-dodatki","10":"product_tag-gu50233","11":"product_tag-guess","12":"product_tag-klasyczne-okulary","13":"product_tag-lekkie-tworzywo","14":"product_tag-marka-premium","15":"product_tag-pelna-oprawa","16":"product_tag-srednie-oprawki","17":"product_tag-subtelny-styl","19":"first","20":"onbackorder","21":"shipping-taxable","22":"purchasable","23":"product-type-simple"},"acf":[],"_links":{"self":[{"href":"https:\/\/www.strzodowie.pl\/sklep\/wp-json\/wp\/v2\/product\/8518","targetHints":{"allow":["GET"]}}],"collection":[{"href":"https:\/\/www.strzodowie.pl\/sklep\/wp-json\/wp\/v2\/product"}],"about":[{"href":"https:\/\/www.strzodowie.pl\/sklep\/wp-json\/wp\/v2\/types\/product"}],"replies":[{"embeddable":true,"href":"https:\/\/www.strzodowie.pl\/sklep\/wp-json\/wp\/v2\/comments?post=8518"}],"wp:featuredmedia":[{"embeddable":true,"href":"https:\/\/www.strzodowie.pl\/sklep\/wp-json\/wp\/v2\/media\/8519"}],"wp:attachment":[{"href":"https:\/\/www.strzodowie.pl\/sklep\/wp-json\/wp\/v2\/media?parent=8518"}],"wp:term":[{"taxonomy":"product_brand","embeddable":true,"href":"https:\/\/www.strzodowie.pl\/sklep\/wp-json\/wp\/v2\/product_brand?post=8518"},{"taxonomy":"product_cat","embeddable":true,"href":"https:\/\/www.strzodowie.pl\/sklep\/wp-json\/wp\/v2\/product_cat?post=8518"},{"taxonomy":"product_tag","embeddable":true,"href":"https:\/\/www.strzodowie.pl\/sklep\/wp-json\/wp\/v2\/product_tag?post=8518"}],"curies":[{"name":"wp","href":"https:\/\/api.w.org\/{rel}","templated":true}]}}