{"id":8482,"date":"2025-10-06T13:56:52","date_gmt":"2025-10-06T11:56:52","guid":{"rendered":"https:\/\/www.strzodowie.pl\/sklep\/?post_type=product&#038;p=8482"},"modified":"2026-01-28T10:32:52","modified_gmt":"2026-01-28T09:32:52","slug":"oakley-ox3217","status":"publish","type":"product","link":"https:\/\/www.strzodowie.pl\/sklep\/product\/oakley-ox3217\/","title":{"rendered":"Oakley OX3217"},"content":{"rendered":"<h3 data-start=\"189\" data-end=\"226\"><strong data-start=\"193\" data-end=\"226\">Oakley Socket 5.0 OX3217 0257<\/strong><\/h3>\n<p data-start=\"228\" data-end=\"693\">Model <strong data-start=\"234\" data-end=\"260\">OX3217 0257 Socket 5.0<\/strong> od Oakley to eleganckie, pe\u0142ne oprawki o subtelnej konstrukcji, kt\u00f3re \u0142\u0105cz\u0105 w sobie nowoczesny wygl\u0105d z ponadczasow\u0105 form\u0105. Wykonane z wysokiej jako\u015bci metalu w satynowym kolorze pewter, oferuj\u0105 doskona\u0142\u0105 trwa\u0142o\u015b\u0107 i lekko\u015b\u0107. Prostok\u0105tny kszta\u0142t zapewnia profesjonalny charakter, a minimalistyczne logo Oakley na zausznikach podkre\u015bla sportow\u0105 klas\u0119 tej marki. Idealny wyb\u00f3r dla os\u00f3b ceni\u0105cych precyzyjne wykonanie i wygod\u0119 noszenia.<\/p>\n<p data-start=\"695\" data-end=\"717\"><strong data-start=\"695\" data-end=\"715\">Dane techniczne:<\/strong><\/p>\n<ul data-start=\"718\" data-end=\"888\">\n<li data-start=\"718\" data-end=\"747\">\n<p data-start=\"720\" data-end=\"747\">Szeroko\u015b\u0107 soczewki: 57 mm<\/p>\n<\/li>\n<li data-start=\"748\" data-end=\"775\">\n<p data-start=\"750\" data-end=\"775\">Szeroko\u015b\u0107 mostka: 17 mm<\/p>\n<\/li>\n<li data-start=\"776\" data-end=\"805\">\n<p data-start=\"778\" data-end=\"805\">D\u0142ugo\u015b\u0107 zausznika: 140 mm<\/p>\n<\/li>\n<li data-start=\"806\" data-end=\"832\">\n<p data-start=\"808\" data-end=\"832\">Materia\u0142 oprawy: metal<\/p>\n<\/li>\n<li data-start=\"833\" data-end=\"863\">\n<p data-start=\"835\" data-end=\"863\">Kolor oprawy: Satin Pewter<\/p>\n<\/li>\n<li data-start=\"864\" data-end=\"888\">\n<p data-start=\"866\" data-end=\"888\">Rodzaj oprawy: pe\u0142na<\/p>\n<\/li>\n<\/ul>\n<p data-start=\"890\" data-end=\"947\"><strong data-start=\"890\" data-end=\"945\">Dlaczego warto wybra\u0107 model OX3217 0257 Socket 5.0?<\/strong><\/p>\n<ul data-start=\"948\" data-end=\"1267\">\n<li data-start=\"948\" data-end=\"1005\">\n<p data-start=\"950\" data-end=\"1005\">Smuk\u0142a, metalowa konstrukcja o nowoczesnym wygl\u0105dzie.<\/p>\n<\/li>\n<li data-start=\"1006\" data-end=\"1072\">\n<p data-start=\"1008\" data-end=\"1072\">Stylowy odcie\u0144 Satin Pewter \u2013 elegancja w technicznym wydaniu.<\/p>\n<\/li>\n<li data-start=\"1073\" data-end=\"1143\">\n<p data-start=\"1075\" data-end=\"1143\">Lekka i wytrzyma\u0142a konstrukcja, idealna do d\u0142ugotrwa\u0142ego noszenia.<\/p>\n<\/li>\n<li data-start=\"1144\" data-end=\"1206\">\n<p data-start=\"1146\" data-end=\"1206\">Prostok\u0105tne szk\u0142a pasuj\u0105ce do wi\u0119kszo\u015bci kszta\u0142t\u00f3w twarzy.<\/p>\n<\/li>\n<li data-start=\"1207\" data-end=\"1267\">\n<p data-start=\"1209\" data-end=\"1267\">Detale Oakley podkre\u015blaj\u0105ce jako\u015b\u0107 i precyzj\u0119 wykonania.<\/p>\n<\/li>\n<\/ul>\n","protected":false},"excerpt":{"rendered":"<p>Oakley Socket 5.0 OX3217 0257 Model OX3217 0257 Socket 5.0 od Oakley to eleganckie, pe\u0142ne oprawki o subtelnej konstrukcji, kt\u00f3re \u0142\u0105cz\u0105 w sobie nowoczesny wygl\u0105d z ponadczasow\u0105 form\u0105. Wykonane z wysokiej jako\u015bci metalu w satynowym kolorze pewter, oferuj\u0105 doskona\u0142\u0105 trwa\u0142o\u015b\u0107 i lekko\u015b\u0107. Prostok\u0105tny kszta\u0142t zapewnia profesjonalny charakter, a minimalistyczne logo Oakley na zausznikach podkre\u015bla sportow\u0105 [&hellip;]<\/p>\n","protected":false},"featured_media":8893,"comment_status":"open","ping_status":"closed","template":"","meta":{"_acf_changed":false},"product_brand":[219],"product_cat":[50],"product_tag":[286,284,289,287,282,271,279,288,285,283],"class_list":{"0":"post-8482","1":"product","2":"type-product","3":"status-publish","4":"has-post-thumbnail","6":"product_brand-oakley","7":"product_cat-okulary-korekcyjne","8":"product_tag-eleganckie-okulary-korekcyjne","9":"product_tag-metalowe-okulary-oakley","10":"product_tag-oakley-metal-frame","11":"product_tag-oakley-oprawki-meskie","12":"product_tag-oakley-ox3217","13":"product_tag-oakley-sklep","14":"product_tag-okulary-do-pracy-oakley","15":"product_tag-pelne-oprawki-oakley","16":"product_tag-prostokatne-oprawki-oakley","17":"product_tag-socket-5-0-satin-pewter","19":"first","20":"instock","21":"shipping-taxable","22":"purchasable","23":"product-type-simple"},"acf":[],"_links":{"self":[{"href":"https:\/\/www.strzodowie.pl\/sklep\/wp-json\/wp\/v2\/product\/8482","targetHints":{"allow":["GET"]}}],"collection":[{"href":"https:\/\/www.strzodowie.pl\/sklep\/wp-json\/wp\/v2\/product"}],"about":[{"href":"https:\/\/www.strzodowie.pl\/sklep\/wp-json\/wp\/v2\/types\/product"}],"replies":[{"embeddable":true,"href":"https:\/\/www.strzodowie.pl\/sklep\/wp-json\/wp\/v2\/comments?post=8482"}],"wp:featuredmedia":[{"embeddable":true,"href":"https:\/\/www.strzodowie.pl\/sklep\/wp-json\/wp\/v2\/media\/8893"}],"wp:attachment":[{"href":"https:\/\/www.strzodowie.pl\/sklep\/wp-json\/wp\/v2\/media?parent=8482"}],"wp:term":[{"taxonomy":"product_brand","embeddable":true,"href":"https:\/\/www.strzodowie.pl\/sklep\/wp-json\/wp\/v2\/product_brand?post=8482"},{"taxonomy":"product_cat","embeddable":true,"href":"https:\/\/www.strzodowie.pl\/sklep\/wp-json\/wp\/v2\/product_cat?post=8482"},{"taxonomy":"product_tag","embeddable":true,"href":"https:\/\/www.strzodowie.pl\/sklep\/wp-json\/wp\/v2\/product_tag?post=8482"}],"curies":[{"name":"wp","href":"https:\/\/api.w.org\/{rel}","templated":true}]}}