{"id":8476,"date":"2025-10-06T12:55:09","date_gmt":"2025-10-06T10:55:09","guid":{"rendered":"https:\/\/www.strzodowie.pl\/sklep\/?post_type=product&#038;p=8476"},"modified":"2026-01-28T10:32:52","modified_gmt":"2026-01-28T09:32:52","slug":"oakley-ox8164","status":"publish","type":"product","link":"https:\/\/www.strzodowie.pl\/sklep\/product\/oakley-ox8164\/","title":{"rendered":"Oakley OX8164"},"content":{"rendered":"<h3 data-start=\"2680\" data-end=\"2715\"><strong data-start=\"2684\" data-end=\"2715\">Oakley Port Bow OX8164 0855<\/strong><\/h3>\n<p data-start=\"2717\" data-end=\"3104\">Model <strong data-start=\"2723\" data-end=\"2747\">OX8164 0855 Port Bow<\/strong> to nowoczesne oprawki o minimalistycznym i profesjonalnym designie. Prostok\u0105tny kszta\u0142t oraz satynowe, czarne wyko\u0144czenie tworz\u0105 ponadczasowy look pasuj\u0105cy zar\u00f3wno do pracy, jak i stylizacji casualowych. Lekki i wytrzyma\u0142y materia\u0142 O Matter\u2122 sprawia, \u017ce oprawki s\u0105 niezwykle komfortowe, nawet przy d\u0142ugim noszeniu. Detale Oakley podkre\u015blaj\u0105 jako\u015b\u0107 premium.<\/p>\n<p data-start=\"3106\" data-end=\"3128\"><strong data-start=\"3106\" data-end=\"3126\">Dane techniczne:<\/strong><\/p>\n<ul data-start=\"3129\" data-end=\"3302\">\n<li data-start=\"3129\" data-end=\"3158\">\n<p data-start=\"3131\" data-end=\"3158\">Szeroko\u015b\u0107 soczewki: 55 mm<\/p>\n<\/li>\n<li data-start=\"3159\" data-end=\"3186\">\n<p data-start=\"3161\" data-end=\"3186\">Szeroko\u015b\u0107 mostka: 17 mm<\/p>\n<\/li>\n<li data-start=\"3187\" data-end=\"3216\">\n<p data-start=\"3189\" data-end=\"3216\">D\u0142ugo\u015b\u0107 zausznika: 141 mm<\/p>\n<\/li>\n<li data-start=\"3217\" data-end=\"3247\">\n<p data-start=\"3219\" data-end=\"3247\">Materia\u0142 oprawy: O Matter\u2122<\/p>\n<\/li>\n<li data-start=\"3248\" data-end=\"3277\">\n<p data-start=\"3250\" data-end=\"3277\">Kolor oprawy: Satin Black<\/p>\n<\/li>\n<li data-start=\"3278\" data-end=\"3302\">\n<p data-start=\"3280\" data-end=\"3302\">Rodzaj oprawy: pe\u0142na<\/p>\n<\/li>\n<\/ul>\n<p data-start=\"3304\" data-end=\"3359\"><strong data-start=\"3304\" data-end=\"3357\">Dlaczego warto wybra\u0107 model OX8164 0855 Port Bow?<\/strong><\/p>\n<ul data-start=\"3360\" data-end=\"3616\">\n<li data-start=\"3360\" data-end=\"3407\">\n<p data-start=\"3362\" data-end=\"3407\">Klasyczna forma z nowoczesnym wyko\u0144czeniem.<\/p>\n<\/li>\n<li data-start=\"3408\" data-end=\"3468\">\n<p data-start=\"3410\" data-end=\"3468\">Czarne, satynowe wyko\u0144czenie \u2013 uniwersalne i eleganckie.<\/p>\n<\/li>\n<li data-start=\"3469\" data-end=\"3511\">\n<p data-start=\"3471\" data-end=\"3511\">Lekkie, wytrzyma\u0142e tworzywo O Matter\u2122.<\/p>\n<\/li>\n<li data-start=\"3512\" data-end=\"3568\">\n<p data-start=\"3514\" data-end=\"3568\">Dyskretne logo Oakley dla koneser\u00f3w dobrego designu.<\/p>\n<\/li>\n<li data-start=\"3569\" data-end=\"3616\">\n<p data-start=\"3571\" data-end=\"3616\">\u015awietne dopasowanie do ka\u017cdego typu ubioru.<\/p>\n<\/li>\n<\/ul>\n","protected":false},"excerpt":{"rendered":"<p>Oakley Port Bow OX8164 0855 Model OX8164 0855 Port Bow to nowoczesne oprawki o minimalistycznym i profesjonalnym designie. Prostok\u0105tny kszta\u0142t oraz satynowe, czarne wyko\u0144czenie tworz\u0105 ponadczasowy look pasuj\u0105cy zar\u00f3wno do pracy, jak i stylizacji casualowych. Lekki i wytrzyma\u0142y materia\u0142 O Matter\u2122 sprawia, \u017ce oprawki s\u0105 niezwykle komfortowe, nawet przy d\u0142ugim noszeniu. Detale Oakley podkre\u015blaj\u0105 jako\u015b\u0107 [&hellip;]<\/p>\n","protected":false},"featured_media":8894,"comment_status":"open","ping_status":"closed","template":"","meta":{"_acf_changed":false},"product_brand":[219],"product_cat":[50],"product_tag":[273,280,277,272,274,281,279,276,275,278],"class_list":{"0":"post-8476","1":"product","2":"type-product","3":"status-publish","4":"has-post-thumbnail","6":"product_brand-oakley","7":"product_cat-okulary-korekcyjne","8":"product_tag-czarne-oprawki-oakley","9":"product_tag-meskie-oprawki-oakley","10":"product_tag-oakley-o-matter-czarne","11":"product_tag-oakley-port-bow-ox8164","12":"product_tag-oakley-satin-black","13":"product_tag-oakley-sklep-internetowy","14":"product_tag-okulary-do-pracy-oakley","15":"product_tag-port-bow-okulary","16":"product_tag-prostokatne-okulary-oakley","17":"product_tag-stylowe-okulary-korekcyjne","19":"first","20":"instock","21":"shipping-taxable","22":"purchasable","23":"product-type-simple"},"acf":[],"_links":{"self":[{"href":"https:\/\/www.strzodowie.pl\/sklep\/wp-json\/wp\/v2\/product\/8476","targetHints":{"allow":["GET"]}}],"collection":[{"href":"https:\/\/www.strzodowie.pl\/sklep\/wp-json\/wp\/v2\/product"}],"about":[{"href":"https:\/\/www.strzodowie.pl\/sklep\/wp-json\/wp\/v2\/types\/product"}],"replies":[{"embeddable":true,"href":"https:\/\/www.strzodowie.pl\/sklep\/wp-json\/wp\/v2\/comments?post=8476"}],"wp:featuredmedia":[{"embeddable":true,"href":"https:\/\/www.strzodowie.pl\/sklep\/wp-json\/wp\/v2\/media\/8894"}],"wp:attachment":[{"href":"https:\/\/www.strzodowie.pl\/sklep\/wp-json\/wp\/v2\/media?parent=8476"}],"wp:term":[{"taxonomy":"product_brand","embeddable":true,"href":"https:\/\/www.strzodowie.pl\/sklep\/wp-json\/wp\/v2\/product_brand?post=8476"},{"taxonomy":"product_cat","embeddable":true,"href":"https:\/\/www.strzodowie.pl\/sklep\/wp-json\/wp\/v2\/product_cat?post=8476"},{"taxonomy":"product_tag","embeddable":true,"href":"https:\/\/www.strzodowie.pl\/sklep\/wp-json\/wp\/v2\/product_tag?post=8476"}],"curies":[{"name":"wp","href":"https:\/\/api.w.org\/{rel}","templated":true}]}}