{"id":8426,"date":"2025-09-18T11:03:24","date_gmt":"2025-09-18T09:03:24","guid":{"rendered":"https:\/\/www.strzodowie.pl\/sklep\/?post_type=product&#038;p=8426"},"modified":"2026-01-28T10:32:52","modified_gmt":"2026-01-28T09:32:52","slug":"vogue-vo5607su","status":"publish","type":"product","link":"https:\/\/www.strzodowie.pl\/sklep\/product\/vogue-vo5607su\/","title":{"rendered":"Vogue VO5607SU"},"content":{"rendered":"<h3 data-start=\"66\" data-end=\"93\">Vogue VO5607SU W44\/81<\/h3>\n<p data-start=\"94\" data-end=\"419\">Model VO5607SU W44\/81 od Vogue to okulary przeciws\u0142oneczne, kt\u00f3re wyr\u00f3\u017cniaj\u0105 si\u0119 wyrafinowanym, kocim kszta\u0142tem oprawek. Pe\u0142ne, czarne ramki nadaj\u0105 im odwa\u017cny i elegancki charakter, a ciemne soczewki zapewniaj\u0105 doskona\u0142\u0105 ochron\u0119 przed s\u0142o\u0144cem. To idealny wyb\u00f3r dla os\u00f3b ceni\u0105cych ponadczasow\u0105 klasyk\u0119 w nowoczesnym wydaniu.<\/p>\n<h3 data-start=\"426\" data-end=\"448\">Dane techniczne:<\/h3>\n<p data-start=\"449\" data-end=\"691\">\u2022 <strong data-start=\"451\" data-end=\"473\">Szeroko\u015b\u0107 soczewki<\/strong>: 53 mm<br data-start=\"480\" data-end=\"483\" \/>\u2022 <strong data-start=\"485\" data-end=\"505\">Szeroko\u015b\u0107 mostka<\/strong>: 18 mm<br data-start=\"512\" data-end=\"515\" \/>\u2022 <strong data-start=\"517\" data-end=\"538\">D\u0142ugo\u015b\u0107 zausznika<\/strong>: 140 mm<br data-start=\"546\" data-end=\"549\" \/>\u2022 <strong data-start=\"551\" data-end=\"570\">Materia\u0142 oprawy<\/strong>: acetat<br data-start=\"578\" data-end=\"581\" \/>\u2022 <strong data-start=\"583\" data-end=\"599\">Kolor oprawy<\/strong>: czarny<br data-start=\"607\" data-end=\"610\" \/>\u2022 <strong data-start=\"612\" data-end=\"630\">Kolor soczewek<\/strong>: szary<br data-start=\"637\" data-end=\"640\" data-is-only-node=\"\" \/>\u2022 <strong data-start=\"642\" data-end=\"659\">Rodzaj oprawy<\/strong>: pe\u0142na<br data-start=\"666\" data-end=\"669\" \/>\u2022 <strong data-start=\"671\" data-end=\"683\">Filtr UV<\/strong>: 100%<\/p>\n<h3 data-start=\"698\" data-end=\"748\">Dlaczego warto wybra\u0107 model VO5607SU W44\/81?<\/h3>\n<p data-start=\"749\" data-end=\"1047\">\u2022 Stylowy, koci kszta\u0142t dodaj\u0105cy elegancji i charakteru.<br data-start=\"805\" data-end=\"808\" \/>\u2022 Klasyczna, czarna oprawa pasuj\u0105ca do wielu stylizacji.<br data-start=\"864\" data-end=\"867\" \/>\u2022 Dobrze wyprofilowana konstrukcja zapewnia komfort noszenia przez ca\u0142y dzie\u0144.<br data-start=\"945\" data-end=\"948\" \/>\u2022 Solidne wykonanie z acetatu gwarantuje trwa\u0142o\u015b\u0107.<br data-start=\"998\" data-end=\"1001\" \/>\u2022 Skuteczna ochrona oczu dzi\u0119ki filtrowi UV.<\/p>\n","protected":false},"excerpt":{"rendered":"<p>Vogue VO5607SU W44\/81 Model VO5607SU W44\/81 od Vogue to okulary przeciws\u0142oneczne, kt\u00f3re wyr\u00f3\u017cniaj\u0105 si\u0119 wyrafinowanym, kocim kszta\u0142tem oprawek. Pe\u0142ne, czarne ramki nadaj\u0105 im odwa\u017cny i elegancki charakter, a ciemne soczewki zapewniaj\u0105 doskona\u0142\u0105 ochron\u0119 przed s\u0142o\u0144cem. To idealny wyb\u00f3r dla os\u00f3b ceni\u0105cych ponadczasow\u0105 klasyk\u0119 w nowoczesnym wydaniu. Dane techniczne: \u2022 Szeroko\u015b\u0107 soczewki: 53 mm\u2022 Szeroko\u015b\u0107 mostka: [&hellip;]<\/p>\n","protected":false},"featured_media":9020,"comment_status":"open","ping_status":"closed","template":"","meta":{"_acf_changed":false},"product_brand":[194],"product_cat":[70,51],"product_tag":[174,217,210,198,188,218,216,205,206,150,211,204,215,195,208],"class_list":{"0":"post-8426","1":"product","2":"type-product","3":"status-publish","4":"has-post-thumbnail","6":"product_brand-vogue","7":"product_cat-modne","8":"product_cat-okulary-przeciwsloneczne","9":"product_tag-acetat","10":"product_tag-cat-eye","11":"product_tag-czarne","12":"product_tag-damskie","13":"product_tag-elegancja","14":"product_tag-klasyka","15":"product_tag-kocie","16":"product_tag-modny-dodatek","17":"product_tag-ochrona-oczu","18":"product_tag-okulary-przeciwsloneczne","19":"product_tag-szare-szkla","20":"product_tag-uv400","21":"product_tag-vo5607su","22":"product_tag-vogue","23":"product_tag-w44-81","25":"first","26":"instock","27":"shipping-taxable","28":"purchasable","29":"product-type-simple"},"acf":[],"_links":{"self":[{"href":"https:\/\/www.strzodowie.pl\/sklep\/wp-json\/wp\/v2\/product\/8426","targetHints":{"allow":["GET"]}}],"collection":[{"href":"https:\/\/www.strzodowie.pl\/sklep\/wp-json\/wp\/v2\/product"}],"about":[{"href":"https:\/\/www.strzodowie.pl\/sklep\/wp-json\/wp\/v2\/types\/product"}],"replies":[{"embeddable":true,"href":"https:\/\/www.strzodowie.pl\/sklep\/wp-json\/wp\/v2\/comments?post=8426"}],"wp:featuredmedia":[{"embeddable":true,"href":"https:\/\/www.strzodowie.pl\/sklep\/wp-json\/wp\/v2\/media\/9020"}],"wp:attachment":[{"href":"https:\/\/www.strzodowie.pl\/sklep\/wp-json\/wp\/v2\/media?parent=8426"}],"wp:term":[{"taxonomy":"product_brand","embeddable":true,"href":"https:\/\/www.strzodowie.pl\/sklep\/wp-json\/wp\/v2\/product_brand?post=8426"},{"taxonomy":"product_cat","embeddable":true,"href":"https:\/\/www.strzodowie.pl\/sklep\/wp-json\/wp\/v2\/product_cat?post=8426"},{"taxonomy":"product_tag","embeddable":true,"href":"https:\/\/www.strzodowie.pl\/sklep\/wp-json\/wp\/v2\/product_tag?post=8426"}],"curies":[{"name":"wp","href":"https:\/\/api.w.org\/{rel}","templated":true}]}}