{"id":8410,"date":"2025-09-15T14:50:35","date_gmt":"2025-09-15T12:50:35","guid":{"rendered":"https:\/\/www.strzodowie.pl\/sklep\/?post_type=product&#038;p=8410"},"modified":"2026-02-04T15:22:03","modified_gmt":"2026-02-04T14:22:03","slug":"8410","status":"publish","type":"product","link":"https:\/\/www.strzodowie.pl\/sklep\/product\/8410\/","title":{"rendered":"Bergman B282-1"},"content":{"rendered":"<p data-start=\"166\" data-end=\"470\">Model Bergman B282-1 to nowoczesne okulary przeciws\u0142oneczne o prostok\u0105tnym, lekko geometrycznym kszta\u0142cie. Szerokie oprawki w po\u0142\u0105czeniu z gradientowymi soczewkami nadaj\u0105 ca\u0142o\u015bci elegancji i charakteru. To doskona\u0142y wyb\u00f3r dla os\u00f3b, kt\u00f3re szukaj\u0105 modnego dodatku i niezawodnej ochrony przeciws\u0142onecznej.<\/p>\n<p data-start=\"472\" data-end=\"734\"><strong data-start=\"472\" data-end=\"492\">Dane techniczne:<\/strong><br data-start=\"492\" data-end=\"495\" \/>\u2022 Szeroko\u015b\u0107 soczewki: 54 mm.<br data-start=\"523\" data-end=\"526\" \/>\u2022 Szeroko\u015b\u0107 mostka: 19 mm.<br data-start=\"552\" data-end=\"555\" \/>\u2022 D\u0142ugo\u015b\u0107 zausznika: 145 mm.<br data-start=\"583\" data-end=\"586\" \/>\u2022 Materia\u0142 oprawy: acetat.<br data-start=\"612\" data-end=\"615\" \/>\u2022 Kolor oprawy: czarny.<br data-start=\"638\" data-end=\"641\" data-is-only-node=\"\" \/>\u2022 Kolor soczewek: fioletowo-zielony gradient.<br data-start=\"686\" data-end=\"689\" \/>\u2022 Rodzaj oprawy: pe\u0142na.<br data-start=\"712\" data-end=\"715\" \/>\u2022 Filtr UV: 100%.<\/p>\n<p data-start=\"736\" data-end=\"1037\"><strong data-start=\"736\" data-end=\"775\">Dlaczego warto wybra\u0107 model B282-1?<\/strong><br data-start=\"775\" data-end=\"778\" \/>\u2022 Nowoczesny, geometryczny kszta\u0142t pasuj\u0105cy do wielu stylizacji.<br data-start=\"842\" data-end=\"845\" \/>\u2022 Gradientowe soczewki dodaj\u0105ce lekko\u015bci i elegancji.<br data-start=\"898\" data-end=\"901\" \/>\u2022 Solidne wykonanie z acetatu gwarantuj\u0105ce trwa\u0142o\u015b\u0107.<br data-start=\"953\" data-end=\"956\" \/>\u2022 Komfort noszenia przez ca\u0142y dzie\u0144.<br data-start=\"992\" data-end=\"995\" \/>\u2022 Ochrona wzroku na najwy\u017cszym poziomie.<\/p>\n","protected":false},"excerpt":{"rendered":"<p>Model Bergman B282-1 to nowoczesne okulary przeciws\u0142oneczne o prostok\u0105tnym, lekko geometrycznym kszta\u0142cie. Szerokie oprawki w po\u0142\u0105czeniu z gradientowymi soczewkami nadaj\u0105 ca\u0142o\u015bci elegancji i charakteru. To doskona\u0142y wyb\u00f3r dla os\u00f3b, kt\u00f3re szukaj\u0105 modnego dodatku i niezawodnej ochrony przeciws\u0142onecznej. Dane techniczne:\u2022 Szeroko\u015b\u0107 soczewki: 54 mm.\u2022 Szeroko\u015b\u0107 mostka: 19 mm.\u2022 D\u0142ugo\u015b\u0107 zausznika: 145 mm.\u2022 Materia\u0142 oprawy: acetat.\u2022 Kolor [&hellip;]<\/p>\n","protected":false},"featured_media":9128,"comment_status":"open","ping_status":"closed","template":"","meta":{"_acf_changed":false},"product_brand":[],"product_cat":[51],"product_tag":[176,169,186,193,172,166,173,168,150],"class_list":{"0":"post-8410","1":"product","2":"type-product","3":"status-publish","4":"has-post-thumbnail","6":"product_cat-okulary-przeciwsloneczne","7":"product_tag-bergman","8":"product_tag-czarne-oprawki","9":"product_tag-elegancki-styl","10":"product_tag-geometryczne-okulary","11":"product_tag-gradientowe-soczewki","12":"product_tag-modne-okulary","13":"product_tag-ochrona-uv","14":"product_tag-okulary-damskie","15":"product_tag-okulary-przeciwsloneczne","17":"first","18":"onbackorder","19":"shipping-taxable","20":"purchasable","21":"product-type-simple"},"acf":[],"_links":{"self":[{"href":"https:\/\/www.strzodowie.pl\/sklep\/wp-json\/wp\/v2\/product\/8410","targetHints":{"allow":["GET"]}}],"collection":[{"href":"https:\/\/www.strzodowie.pl\/sklep\/wp-json\/wp\/v2\/product"}],"about":[{"href":"https:\/\/www.strzodowie.pl\/sklep\/wp-json\/wp\/v2\/types\/product"}],"replies":[{"embeddable":true,"href":"https:\/\/www.strzodowie.pl\/sklep\/wp-json\/wp\/v2\/comments?post=8410"}],"wp:featuredmedia":[{"embeddable":true,"href":"https:\/\/www.strzodowie.pl\/sklep\/wp-json\/wp\/v2\/media\/9128"}],"wp:attachment":[{"href":"https:\/\/www.strzodowie.pl\/sklep\/wp-json\/wp\/v2\/media?parent=8410"}],"wp:term":[{"taxonomy":"product_brand","embeddable":true,"href":"https:\/\/www.strzodowie.pl\/sklep\/wp-json\/wp\/v2\/product_brand?post=8410"},{"taxonomy":"product_cat","embeddable":true,"href":"https:\/\/www.strzodowie.pl\/sklep\/wp-json\/wp\/v2\/product_cat?post=8410"},{"taxonomy":"product_tag","embeddable":true,"href":"https:\/\/www.strzodowie.pl\/sklep\/wp-json\/wp\/v2\/product_tag?post=8410"}],"curies":[{"name":"wp","href":"https:\/\/api.w.org\/{rel}","templated":true}]}}