{"id":8402,"date":"2025-09-15T13:35:52","date_gmt":"2025-09-15T11:35:52","guid":{"rendered":"https:\/\/www.strzodowie.pl\/sklep\/?post_type=product&#038;p=8402"},"modified":"2026-02-04T15:20:58","modified_gmt":"2026-02-04T14:20:58","slug":"bergman-b243-2","status":"publish","type":"product","link":"https:\/\/www.strzodowie.pl\/sklep\/product\/bergman-b243-2\/","title":{"rendered":"Bergman B243-2"},"content":{"rendered":"<p data-start=\"5357\" data-end=\"5536\">Model Bergman B243-2 to nowoczesne okulary przeciws\u0142oneczne o lekko kwadratowym kszta\u0142cie. \u015awietnie komponuj\u0105 si\u0119 z miejskimi stylizacjami, nadaj\u0105c im charakteru i wyrazisto\u015bci.<\/p>\n<p data-start=\"5538\" data-end=\"5745\"><strong data-start=\"5538\" data-end=\"5558\">Dane techniczne:<\/strong><br data-start=\"5558\" data-end=\"5561\" \/>\u2022 Szeroko\u015b\u0107 soczewki: 54 mm.<br data-start=\"5589\" data-end=\"5592\" \/>\u2022 Szeroko\u015b\u0107 mostka: 17 mm.<br data-start=\"5618\" data-end=\"5621\" \/>\u2022 D\u0142ugo\u015b\u0107 zausznika: 145 mm.<br data-start=\"5649\" data-end=\"5652\" \/>\u2022 Materia\u0142 oprawy: acetat.<br data-start=\"5678\" data-end=\"5681\" \/>\u2022 Kolor: czarny.<br data-start=\"5697\" data-end=\"5700\" \/>\u2022 Rodzaj oprawy: pe\u0142na.<br data-start=\"5723\" data-end=\"5726\" \/>\u2022 Filtr UV: 100%.<\/p>\n<p data-start=\"5747\" data-end=\"5904\"><strong data-start=\"5747\" data-end=\"5786\">Dlaczego warto wybra\u0107 model B243-2?<\/strong><br data-start=\"5786\" data-end=\"5789\" \/>\u2022 Kwadratowy, modny kszta\u0142t.<br data-start=\"5817\" data-end=\"5820\" \/>\u2022 Elegancja i wygoda w jednym.<br data-start=\"5850\" data-end=\"5853\" \/>\u2022 Wysoka jako\u015b\u0107 wykonania i skuteczna ochrona UV.<\/p>\n","protected":false},"excerpt":{"rendered":"<p>Model Bergman B243-2 to nowoczesne okulary przeciws\u0142oneczne o lekko kwadratowym kszta\u0142cie. \u015awietnie komponuj\u0105 si\u0119 z miejskimi stylizacjami, nadaj\u0105c im charakteru i wyrazisto\u015bci. Dane techniczne:\u2022 Szeroko\u015b\u0107 soczewki: 54 mm.\u2022 Szeroko\u015b\u0107 mostka: 17 mm.\u2022 D\u0142ugo\u015b\u0107 zausznika: 145 mm.\u2022 Materia\u0142 oprawy: acetat.\u2022 Kolor: czarny.\u2022 Rodzaj oprawy: pe\u0142na.\u2022 Filtr UV: 100%. Dlaczego warto wybra\u0107 model B243-2?\u2022 Kwadratowy, modny kszta\u0142t.\u2022 [&hellip;]<\/p>\n","protected":false},"featured_media":9126,"comment_status":"open","ping_status":"closed","template":"","meta":{"_acf_changed":false},"product_brand":[],"product_cat":[51],"product_tag":[176,169,188,192,166,173,150,189],"class_list":{"0":"post-8402","1":"product","2":"type-product","3":"status-publish","4":"has-post-thumbnail","6":"product_cat-okulary-przeciwsloneczne","7":"product_tag-bergman","8":"product_tag-czarne-oprawki","9":"product_tag-elegancja","10":"product_tag-kwadratowe-okulary","11":"product_tag-modne-okulary","12":"product_tag-ochrona-uv","13":"product_tag-okulary-przeciwsloneczne","14":"product_tag-stylowe-dodatki","16":"first","17":"onbackorder","18":"shipping-taxable","19":"purchasable","20":"product-type-simple"},"acf":[],"_links":{"self":[{"href":"https:\/\/www.strzodowie.pl\/sklep\/wp-json\/wp\/v2\/product\/8402","targetHints":{"allow":["GET"]}}],"collection":[{"href":"https:\/\/www.strzodowie.pl\/sklep\/wp-json\/wp\/v2\/product"}],"about":[{"href":"https:\/\/www.strzodowie.pl\/sklep\/wp-json\/wp\/v2\/types\/product"}],"replies":[{"embeddable":true,"href":"https:\/\/www.strzodowie.pl\/sklep\/wp-json\/wp\/v2\/comments?post=8402"}],"wp:featuredmedia":[{"embeddable":true,"href":"https:\/\/www.strzodowie.pl\/sklep\/wp-json\/wp\/v2\/media\/9126"}],"wp:attachment":[{"href":"https:\/\/www.strzodowie.pl\/sklep\/wp-json\/wp\/v2\/media?parent=8402"}],"wp:term":[{"taxonomy":"product_brand","embeddable":true,"href":"https:\/\/www.strzodowie.pl\/sklep\/wp-json\/wp\/v2\/product_brand?post=8402"},{"taxonomy":"product_cat","embeddable":true,"href":"https:\/\/www.strzodowie.pl\/sklep\/wp-json\/wp\/v2\/product_cat?post=8402"},{"taxonomy":"product_tag","embeddable":true,"href":"https:\/\/www.strzodowie.pl\/sklep\/wp-json\/wp\/v2\/product_tag?post=8402"}],"curies":[{"name":"wp","href":"https:\/\/api.w.org\/{rel}","templated":true}]}}