{"id":8398,"date":"2025-09-15T13:18:32","date_gmt":"2025-09-15T11:18:32","guid":{"rendered":"https:\/\/www.strzodowie.pl\/sklep\/?post_type=product&#038;p=8398"},"modified":"2026-02-04T15:20:27","modified_gmt":"2026-02-04T14:20:27","slug":"bergman-b219-1","status":"publish","type":"product","link":"https:\/\/www.strzodowie.pl\/sklep\/product\/bergman-b219-1\/","title":{"rendered":"Bergman B219-1"},"content":{"rendered":"<p data-start=\"4619\" data-end=\"4795\">Model Bergman B219-1 to eleganckie okulary przeciws\u0142oneczne, kt\u00f3re \u0142\u0105cz\u0105 klasyk\u0119 z nut\u0105 nowoczesno\u015bci. Ich uniwersalny kszta\u0142t sprawia, \u017ce doskonale pasuj\u0105 do r\u00f3\u017cnych okazji.<\/p>\n<p data-start=\"4797\" data-end=\"5004\"><strong data-start=\"4797\" data-end=\"4817\">Dane techniczne:<\/strong><br data-start=\"4817\" data-end=\"4820\" \/>\u2022 Szeroko\u015b\u0107 soczewki: 55 mm.<br data-start=\"4848\" data-end=\"4851\" \/>\u2022 Szeroko\u015b\u0107 mostka: 20 mm.<br data-start=\"4877\" data-end=\"4880\" \/>\u2022 D\u0142ugo\u015b\u0107 zausznika: 145 mm.<br data-start=\"4908\" data-end=\"4911\" \/>\u2022 Materia\u0142 oprawy: acetat.<br data-start=\"4937\" data-end=\"4940\" \/>\u2022 Kolor: czarny.<br data-start=\"4956\" data-end=\"4959\" \/>\u2022 Rodzaj oprawy: pe\u0142na.<br data-start=\"4982\" data-end=\"4985\" \/>\u2022 Filtr UV: 100%.<\/p>\n<p data-start=\"5006\" data-end=\"5178\"><strong data-start=\"5006\" data-end=\"5045\">Dlaczego warto wybra\u0107 model B219-1?<\/strong><br data-start=\"5045\" data-end=\"5048\" \/>\u2022 Uniwersalny design dla kobiet i m\u0119\u017cczyzn.<br data-start=\"5091\" data-end=\"5094\" \/>\u2022 Stylowe i wygodne w noszeniu.<br data-start=\"5125\" data-end=\"5128\" \/>\u2022 Ochrona oczu przed szkodliwym promieniowaniem.<\/p>\n","protected":false},"excerpt":{"rendered":"<p>Model Bergman B219-1 to eleganckie okulary przeciws\u0142oneczne, kt\u00f3re \u0142\u0105cz\u0105 klasyk\u0119 z nut\u0105 nowoczesno\u015bci. Ich uniwersalny kszta\u0142t sprawia, \u017ce doskonale pasuj\u0105 do r\u00f3\u017cnych okazji. Dane techniczne:\u2022 Szeroko\u015b\u0107 soczewki: 55 mm.\u2022 Szeroko\u015b\u0107 mostka: 20 mm.\u2022 D\u0142ugo\u015b\u0107 zausznika: 145 mm.\u2022 Materia\u0142 oprawy: acetat.\u2022 Kolor: czarny.\u2022 Rodzaj oprawy: pe\u0142na.\u2022 Filtr UV: 100%. Dlaczego warto wybra\u0107 model B219-1?\u2022 Uniwersalny design [&hellip;]<\/p>\n","protected":false},"featured_media":9125,"comment_status":"open","ping_status":"closed","template":"","meta":{"_acf_changed":false},"product_brand":[],"product_cat":[51],"product_tag":[176,169,186,191,166,173,150,190],"class_list":{"0":"post-8398","1":"product","2":"type-product","3":"status-publish","4":"has-post-thumbnail","6":"product_cat-okulary-przeciwsloneczne","7":"product_tag-bergman","8":"product_tag-czarne-oprawki","9":"product_tag-elegancki-styl","10":"product_tag-klasyczne-okulary","11":"product_tag-modne-okulary","12":"product_tag-ochrona-uv","13":"product_tag-okulary-przeciwsloneczne","14":"product_tag-unisex-okulary","16":"first","17":"onbackorder","18":"shipping-taxable","19":"purchasable","20":"product-type-simple"},"acf":[],"_links":{"self":[{"href":"https:\/\/www.strzodowie.pl\/sklep\/wp-json\/wp\/v2\/product\/8398","targetHints":{"allow":["GET"]}}],"collection":[{"href":"https:\/\/www.strzodowie.pl\/sklep\/wp-json\/wp\/v2\/product"}],"about":[{"href":"https:\/\/www.strzodowie.pl\/sklep\/wp-json\/wp\/v2\/types\/product"}],"replies":[{"embeddable":true,"href":"https:\/\/www.strzodowie.pl\/sklep\/wp-json\/wp\/v2\/comments?post=8398"}],"wp:featuredmedia":[{"embeddable":true,"href":"https:\/\/www.strzodowie.pl\/sklep\/wp-json\/wp\/v2\/media\/9125"}],"wp:attachment":[{"href":"https:\/\/www.strzodowie.pl\/sklep\/wp-json\/wp\/v2\/media?parent=8398"}],"wp:term":[{"taxonomy":"product_brand","embeddable":true,"href":"https:\/\/www.strzodowie.pl\/sklep\/wp-json\/wp\/v2\/product_brand?post=8398"},{"taxonomy":"product_cat","embeddable":true,"href":"https:\/\/www.strzodowie.pl\/sklep\/wp-json\/wp\/v2\/product_cat?post=8398"},{"taxonomy":"product_tag","embeddable":true,"href":"https:\/\/www.strzodowie.pl\/sklep\/wp-json\/wp\/v2\/product_tag?post=8398"}],"curies":[{"name":"wp","href":"https:\/\/api.w.org\/{rel}","templated":true}]}}