{"id":8394,"date":"2025-09-15T12:57:52","date_gmt":"2025-09-15T10:57:52","guid":{"rendered":"https:\/\/www.strzodowie.pl\/sklep\/?post_type=product&#038;p=8394"},"modified":"2026-02-04T15:13:11","modified_gmt":"2026-02-04T14:13:11","slug":"bergman-b206-1","status":"publish","type":"product","link":"https:\/\/www.strzodowie.pl\/sklep\/product\/bergman-b206-1\/","title":{"rendered":"Bergman B206-1"},"content":{"rendered":"<p data-start=\"3905\" data-end=\"4079\">Model Bergman B206-1 to okulary przeciws\u0142oneczne o wi\u0119kszym rozmiarze, kt\u00f3re oferuj\u0105 efektowny wygl\u0105d i maksymaln\u0105 ochron\u0119 oczu. Idealne do modnych, wyrazistych stylizacji.<\/p>\n<p data-start=\"4081\" data-end=\"4288\"><strong data-start=\"4081\" data-end=\"4101\">Dane techniczne:<\/strong><br data-start=\"4101\" data-end=\"4104\" \/>\u2022 Szeroko\u015b\u0107 soczewki: 58 mm.<br data-start=\"4132\" data-end=\"4135\" \/>\u2022 Szeroko\u015b\u0107 mostka: 16 mm.<br data-start=\"4161\" data-end=\"4164\" \/>\u2022 D\u0142ugo\u015b\u0107 zausznika: 145 mm.<br data-start=\"4192\" data-end=\"4195\" \/>\u2022 Materia\u0142 oprawy: metal<br data-start=\"4221\" data-end=\"4224\" \/>\u2022 Kolor: czarny.<br data-start=\"4240\" data-end=\"4243\" \/>\u2022 Rodzaj oprawy: pe\u0142na.<br data-start=\"4266\" data-end=\"4269\" \/>\u2022 Filtr UV: 100%.<\/p>\n<p data-start=\"4290\" data-end=\"4441\"><strong data-start=\"4290\" data-end=\"4329\">Dlaczego warto wybra\u0107 model B206-1?<\/strong><br data-start=\"4329\" data-end=\"4332\" \/>\u2022 Du\u017ce soczewki nadaj\u0105ce charakteru.<br data-start=\"4368\" data-end=\"4371\" \/>\u2022 Nowoczesny design.<br data-start=\"4391\" data-end=\"4394\" \/>\u2022 Wysoka jako\u015b\u0107 wykonania i pe\u0142na ochrona UV.<\/p>\n","protected":false},"excerpt":{"rendered":"<p>Model Bergman B206-1 to okulary przeciws\u0142oneczne o wi\u0119kszym rozmiarze, kt\u00f3re oferuj\u0105 efektowny wygl\u0105d i maksymaln\u0105 ochron\u0119 oczu. Idealne do modnych, wyrazistych stylizacji. Dane techniczne:\u2022 Szeroko\u015b\u0107 soczewki: 58 mm.\u2022 Szeroko\u015b\u0107 mostka: 16 mm.\u2022 D\u0142ugo\u015b\u0107 zausznika: 145 mm.\u2022 Materia\u0142 oprawy: metal\u2022 Kolor: czarny.\u2022 Rodzaj oprawy: pe\u0142na.\u2022 Filtr UV: 100%. Dlaczego warto wybra\u0107 model B206-1?\u2022 Du\u017ce soczewki nadaj\u0105ce [&hellip;]<\/p>\n","protected":false},"featured_media":9124,"comment_status":"open","ping_status":"closed","template":"","meta":{"_acf_changed":false},"product_brand":[],"product_cat":[51],"product_tag":[176,169,180,166,177,173,150,189],"class_list":{"0":"post-8394","1":"product","2":"type-product","3":"status-publish","4":"has-post-thumbnail","6":"product_cat-okulary-przeciwsloneczne","7":"product_tag-bergman","8":"product_tag-czarne-oprawki","9":"product_tag-duze-okulary","10":"product_tag-modne-okulary","11":"product_tag-nowoczesny-design","12":"product_tag-ochrona-uv","13":"product_tag-okulary-przeciwsloneczne","14":"product_tag-stylowe-dodatki","16":"first","17":"onbackorder","18":"shipping-taxable","19":"purchasable","20":"product-type-simple"},"acf":[],"_links":{"self":[{"href":"https:\/\/www.strzodowie.pl\/sklep\/wp-json\/wp\/v2\/product\/8394","targetHints":{"allow":["GET"]}}],"collection":[{"href":"https:\/\/www.strzodowie.pl\/sklep\/wp-json\/wp\/v2\/product"}],"about":[{"href":"https:\/\/www.strzodowie.pl\/sklep\/wp-json\/wp\/v2\/types\/product"}],"replies":[{"embeddable":true,"href":"https:\/\/www.strzodowie.pl\/sklep\/wp-json\/wp\/v2\/comments?post=8394"}],"wp:featuredmedia":[{"embeddable":true,"href":"https:\/\/www.strzodowie.pl\/sklep\/wp-json\/wp\/v2\/media\/9124"}],"wp:attachment":[{"href":"https:\/\/www.strzodowie.pl\/sklep\/wp-json\/wp\/v2\/media?parent=8394"}],"wp:term":[{"taxonomy":"product_brand","embeddable":true,"href":"https:\/\/www.strzodowie.pl\/sklep\/wp-json\/wp\/v2\/product_brand?post=8394"},{"taxonomy":"product_cat","embeddable":true,"href":"https:\/\/www.strzodowie.pl\/sklep\/wp-json\/wp\/v2\/product_cat?post=8394"},{"taxonomy":"product_tag","embeddable":true,"href":"https:\/\/www.strzodowie.pl\/sklep\/wp-json\/wp\/v2\/product_tag?post=8394"}],"curies":[{"name":"wp","href":"https:\/\/api.w.org\/{rel}","templated":true}]}}