{"id":8389,"date":"2025-09-15T12:41:15","date_gmt":"2025-09-15T10:41:15","guid":{"rendered":"https:\/\/www.strzodowie.pl\/sklep\/?post_type=product&#038;p=8389"},"modified":"2026-02-04T15:12:34","modified_gmt":"2026-02-04T14:12:34","slug":"bergman-b184-2","status":"publish","type":"product","link":"https:\/\/www.strzodowie.pl\/sklep\/product\/bergman-b184-2\/","title":{"rendered":"Bergman B184-2"},"content":{"rendered":"<p data-start=\"3194\" data-end=\"3351\">Model Bergman B184-2 to stylowe okulary przeciws\u0142oneczne o nowoczesnym kszta\u0142cie i delikatnych liniach. Doskona\u0142e dla os\u00f3b, kt\u00f3re lubi\u0105 minimalizm i klas\u0119.<\/p>\n<p data-start=\"3353\" data-end=\"3560\"><strong data-start=\"3353\" data-end=\"3373\">Dane techniczne:<\/strong><br data-start=\"3373\" data-end=\"3376\" \/>\u2022 Szeroko\u015b\u0107 soczewki: 55 mm.<br data-start=\"3404\" data-end=\"3407\" \/>\u2022 Szeroko\u015b\u0107 mostka: 15 mm.<br data-start=\"3433\" data-end=\"3436\" \/>\u2022 D\u0142ugo\u015b\u0107 zausznika: 145 mm.<br data-start=\"3464\" data-end=\"3467\" \/>\u2022 Materia\u0142 oprawy: acetat.<br data-start=\"3493\" data-end=\"3496\" \/>\u2022 Kolor: czarny.<br data-start=\"3512\" data-end=\"3515\" \/>\u2022 Rodzaj oprawy: pe\u0142na.<br data-start=\"3538\" data-end=\"3541\" \/>\u2022 Filtr UV: 100%.<\/p>\n<p data-start=\"3562\" data-end=\"3724\"><strong data-start=\"3562\" data-end=\"3601\">Dlaczego warto wybra\u0107 model B184-2?<\/strong><br data-start=\"3601\" data-end=\"3604\" \/>\u2022 Minimalistyczny i ponadczasowy design.<br data-start=\"3644\" data-end=\"3647\" \/>\u2022 Komfortowe dopasowanie do twarzy.<br data-start=\"3682\" data-end=\"3685\" \/>\u2022 Ochrona wzroku na wysokim poziomie.<\/p>\n","protected":false},"excerpt":{"rendered":"<p>Model Bergman B184-2 to stylowe okulary przeciws\u0142oneczne o nowoczesnym kszta\u0142cie i delikatnych liniach. Doskona\u0142e dla os\u00f3b, kt\u00f3re lubi\u0105 minimalizm i klas\u0119. Dane techniczne:\u2022 Szeroko\u015b\u0107 soczewki: 55 mm.\u2022 Szeroko\u015b\u0107 mostka: 15 mm.\u2022 D\u0142ugo\u015b\u0107 zausznika: 145 mm.\u2022 Materia\u0142 oprawy: acetat.\u2022 Kolor: czarny.\u2022 Rodzaj oprawy: pe\u0142na.\u2022 Filtr UV: 100%. Dlaczego warto wybra\u0107 model B184-2?\u2022 Minimalistyczny i ponadczasowy design.\u2022 [&hellip;]<\/p>\n","protected":false},"featured_media":9122,"comment_status":"open","ping_status":"closed","template":"","meta":{"_acf_changed":false},"product_brand":[],"product_cat":[51],"product_tag":[176,169,188,187,166,173,150,189],"class_list":{"0":"post-8389","1":"product","2":"type-product","3":"status-publish","4":"has-post-thumbnail","6":"product_cat-okulary-przeciwsloneczne","7":"product_tag-bergman","8":"product_tag-czarne-oprawki","9":"product_tag-elegancja","10":"product_tag-minimalistyczne-okulary","11":"product_tag-modne-okulary","12":"product_tag-ochrona-uv","13":"product_tag-okulary-przeciwsloneczne","14":"product_tag-stylowe-dodatki","16":"first","17":"onbackorder","18":"shipping-taxable","19":"purchasable","20":"product-type-simple"},"acf":[],"_links":{"self":[{"href":"https:\/\/www.strzodowie.pl\/sklep\/wp-json\/wp\/v2\/product\/8389","targetHints":{"allow":["GET"]}}],"collection":[{"href":"https:\/\/www.strzodowie.pl\/sklep\/wp-json\/wp\/v2\/product"}],"about":[{"href":"https:\/\/www.strzodowie.pl\/sklep\/wp-json\/wp\/v2\/types\/product"}],"replies":[{"embeddable":true,"href":"https:\/\/www.strzodowie.pl\/sklep\/wp-json\/wp\/v2\/comments?post=8389"}],"wp:featuredmedia":[{"embeddable":true,"href":"https:\/\/www.strzodowie.pl\/sklep\/wp-json\/wp\/v2\/media\/9122"}],"wp:attachment":[{"href":"https:\/\/www.strzodowie.pl\/sklep\/wp-json\/wp\/v2\/media?parent=8389"}],"wp:term":[{"taxonomy":"product_brand","embeddable":true,"href":"https:\/\/www.strzodowie.pl\/sklep\/wp-json\/wp\/v2\/product_brand?post=8389"},{"taxonomy":"product_cat","embeddable":true,"href":"https:\/\/www.strzodowie.pl\/sklep\/wp-json\/wp\/v2\/product_cat?post=8389"},{"taxonomy":"product_tag","embeddable":true,"href":"https:\/\/www.strzodowie.pl\/sklep\/wp-json\/wp\/v2\/product_tag?post=8389"}],"curies":[{"name":"wp","href":"https:\/\/api.w.org\/{rel}","templated":true}]}}