{"id":8385,"date":"2025-09-15T12:27:00","date_gmt":"2025-09-15T10:27:00","guid":{"rendered":"https:\/\/www.strzodowie.pl\/sklep\/?post_type=product&#038;p=8385"},"modified":"2026-02-04T15:11:57","modified_gmt":"2026-02-04T14:11:57","slug":"bergman-b147-1","status":"publish","type":"product","link":"https:\/\/www.strzodowie.pl\/sklep\/product\/bergman-b147-1\/","title":{"rendered":"Bergman B147-1"},"content":{"rendered":"<p data-start=\"2488\" data-end=\"2647\">Model Bergman B147-1 to modne okulary przeciws\u0142oneczne o subtelnym kocim kszta\u0142cie. Idealnie podkre\u015blaj\u0105 rysy twarzy, dodaj\u0105c ca\u0142o\u015bci elegancji i charakteru.<\/p>\n<p data-start=\"2649\" data-end=\"2856\"><strong data-start=\"2649\" data-end=\"2669\">Dane techniczne:<\/strong><br data-start=\"2669\" data-end=\"2672\" \/>\u2022 Szeroko\u015b\u0107 soczewki: 51 mm.<br data-start=\"2700\" data-end=\"2703\" \/>\u2022 Szeroko\u015b\u0107 mostka: 22 mm.<br data-start=\"2729\" data-end=\"2732\" \/>\u2022 D\u0142ugo\u015b\u0107 zausznika: 142 mm.<br data-start=\"2760\" data-end=\"2763\" \/>\u2022 Materia\u0142 oprawy: acetat.<br data-start=\"2789\" data-end=\"2792\" \/>\u2022 Kolor: czarny.<br data-start=\"2808\" data-end=\"2811\" \/>\u2022 Rodzaj oprawy: pe\u0142na.<br data-start=\"2834\" data-end=\"2837\" \/>\u2022 Filtr UV: 100%.<\/p>\n<p data-start=\"2858\" data-end=\"3018\"><strong data-start=\"2858\" data-end=\"2897\">Dlaczego warto wybra\u0107 model B147-1?<\/strong><br data-start=\"2897\" data-end=\"2900\" \/>\u2022 Modny koci design.<br data-start=\"2920\" data-end=\"2923\" \/>\u2022 Elegancja i kobiecy charakter w jednym.<br data-start=\"2964\" data-end=\"2967\" \/>\u2022 Wysoka jako\u015b\u0107 materia\u0142\u00f3w i komfort u\u017cytkowania.<\/p>\n","protected":false},"excerpt":{"rendered":"<p>Model Bergman B147-1 to modne okulary przeciws\u0142oneczne o subtelnym kocim kszta\u0142cie. Idealnie podkre\u015blaj\u0105 rysy twarzy, dodaj\u0105c ca\u0142o\u015bci elegancji i charakteru. Dane techniczne:\u2022 Szeroko\u015b\u0107 soczewki: 51 mm.\u2022 Szeroko\u015b\u0107 mostka: 22 mm.\u2022 D\u0142ugo\u015b\u0107 zausznika: 142 mm.\u2022 Materia\u0142 oprawy: acetat.\u2022 Kolor: czarny.\u2022 Rodzaj oprawy: pe\u0142na.\u2022 Filtr UV: 100%. Dlaczego warto wybra\u0107 model B147-1?\u2022 Modny koci design.\u2022 Elegancja i [&hellip;]<\/p>\n","protected":false},"featured_media":9121,"comment_status":"open","ping_status":"closed","template":"","meta":{"_acf_changed":false},"product_brand":[],"product_cat":[51],"product_tag":[176,169,185,186,166,173,184,150],"class_list":{"0":"post-8385","1":"product","2":"type-product","3":"status-publish","4":"has-post-thumbnail","6":"product_cat-okulary-przeciwsloneczne","7":"product_tag-bergman","8":"product_tag-czarne-oprawki","9":"product_tag-damskie-okulary","10":"product_tag-elegancki-styl","11":"product_tag-modne-okulary","12":"product_tag-ochrona-uv","13":"product_tag-okulary-kocie","14":"product_tag-okulary-przeciwsloneczne","16":"first","17":"onbackorder","18":"shipping-taxable","19":"purchasable","20":"product-type-simple"},"acf":[],"_links":{"self":[{"href":"https:\/\/www.strzodowie.pl\/sklep\/wp-json\/wp\/v2\/product\/8385","targetHints":{"allow":["GET"]}}],"collection":[{"href":"https:\/\/www.strzodowie.pl\/sklep\/wp-json\/wp\/v2\/product"}],"about":[{"href":"https:\/\/www.strzodowie.pl\/sklep\/wp-json\/wp\/v2\/types\/product"}],"replies":[{"embeddable":true,"href":"https:\/\/www.strzodowie.pl\/sklep\/wp-json\/wp\/v2\/comments?post=8385"}],"wp:featuredmedia":[{"embeddable":true,"href":"https:\/\/www.strzodowie.pl\/sklep\/wp-json\/wp\/v2\/media\/9121"}],"wp:attachment":[{"href":"https:\/\/www.strzodowie.pl\/sklep\/wp-json\/wp\/v2\/media?parent=8385"}],"wp:term":[{"taxonomy":"product_brand","embeddable":true,"href":"https:\/\/www.strzodowie.pl\/sklep\/wp-json\/wp\/v2\/product_brand?post=8385"},{"taxonomy":"product_cat","embeddable":true,"href":"https:\/\/www.strzodowie.pl\/sklep\/wp-json\/wp\/v2\/product_cat?post=8385"},{"taxonomy":"product_tag","embeddable":true,"href":"https:\/\/www.strzodowie.pl\/sklep\/wp-json\/wp\/v2\/product_tag?post=8385"}],"curies":[{"name":"wp","href":"https:\/\/api.w.org\/{rel}","templated":true}]}}