{"id":8381,"date":"2025-09-15T12:12:17","date_gmt":"2025-09-15T10:12:17","guid":{"rendered":"https:\/\/www.strzodowie.pl\/sklep\/?post_type=product&#038;p=8381"},"modified":"2026-02-04T15:11:26","modified_gmt":"2026-02-04T14:11:26","slug":"bergman-b139-2","status":"publish","type":"product","link":"https:\/\/www.strzodowie.pl\/sklep\/product\/bergman-b139-2\/","title":{"rendered":"Bergman B139-2"},"content":{"rendered":"<p data-start=\"1730\" data-end=\"1928\">Model Bergman B139-2 to okulary przeciws\u0142oneczne o wi\u0119kszych soczewkach, kt\u00f3re zapewniaj\u0105 szerokie pole widzenia i pe\u0142n\u0105 ochron\u0119 przed s\u0142o\u0144cem. Idealne dla os\u00f3b ceni\u0105cych praktyczno\u015b\u0107 i elegancj\u0119.<\/p>\n<p data-start=\"1930\" data-end=\"2137\"><strong data-start=\"1930\" data-end=\"1950\">Dane techniczne:<\/strong><br data-start=\"1950\" data-end=\"1953\" \/>\u2022 Szeroko\u015b\u0107 soczewki: 56 mm.<br data-start=\"1981\" data-end=\"1984\" \/>\u2022 Szeroko\u015b\u0107 mostka: 14 mm.<br data-start=\"2010\" data-end=\"2013\" \/>\u2022 D\u0142ugo\u015b\u0107 zausznika: 135 mm.<br data-start=\"2041\" data-end=\"2044\" \/>\u2022 Materia\u0142 oprawy: acetat.<br data-start=\"2070\" data-end=\"2073\" \/>\u2022 Kolor: czarny.<br data-start=\"2089\" data-end=\"2092\" \/>\u2022 Rodzaj oprawy: pe\u0142na.<br data-start=\"2115\" data-end=\"2118\" \/>\u2022 Filtr UV: 100%.<\/p>\n<p data-start=\"2139\" data-end=\"2308\"><strong data-start=\"2139\" data-end=\"2178\">Dlaczego warto wybra\u0107 model B139-2?<\/strong><br data-start=\"2178\" data-end=\"2181\" \/>\u2022 Du\u017ce soczewki zapewniaj\u0105ce pe\u0142ne krycie oczu.<br data-start=\"2228\" data-end=\"2231\" \/>\u2022 Elegancki wygl\u0105d po\u0142\u0105czony z wygod\u0105.<br data-start=\"2269\" data-end=\"2272\" \/>\u2022 Wysoka ochrona przeciws\u0142oneczna.<\/p>\n","protected":false},"excerpt":{"rendered":"<p>Model Bergman B139-2 to okulary przeciws\u0142oneczne o wi\u0119kszych soczewkach, kt\u00f3re zapewniaj\u0105 szerokie pole widzenia i pe\u0142n\u0105 ochron\u0119 przed s\u0142o\u0144cem. Idealne dla os\u00f3b ceni\u0105cych praktyczno\u015b\u0107 i elegancj\u0119. Dane techniczne:\u2022 Szeroko\u015b\u0107 soczewki: 56 mm.\u2022 Szeroko\u015b\u0107 mostka: 14 mm.\u2022 D\u0142ugo\u015b\u0107 zausznika: 135 mm.\u2022 Materia\u0142 oprawy: acetat.\u2022 Kolor: czarny.\u2022 Rodzaj oprawy: pe\u0142na.\u2022 Filtr UV: 100%. Dlaczego warto wybra\u0107 model [&hellip;]<\/p>\n","protected":false},"featured_media":9119,"comment_status":"open","ping_status":"closed","template":"","meta":{"_acf_changed":false},"product_brand":[],"product_cat":[51],"product_tag":[176,180,182,183,173,150,175,181],"class_list":{"0":"post-8381","1":"product","2":"type-product","3":"status-publish","4":"has-post-thumbnail","6":"product_cat-okulary-przeciwsloneczne","7":"product_tag-bergman","8":"product_tag-duze-okulary","9":"product_tag-elegancki-design","10":"product_tag-modne-dodatki","11":"product_tag-ochrona-uv","12":"product_tag-okulary-przeciwsloneczne","13":"product_tag-stylowe-okulary","14":"product_tag-szerokie-soczewki","16":"first","17":"onbackorder","18":"shipping-taxable","19":"purchasable","20":"product-type-simple"},"acf":[],"_links":{"self":[{"href":"https:\/\/www.strzodowie.pl\/sklep\/wp-json\/wp\/v2\/product\/8381","targetHints":{"allow":["GET"]}}],"collection":[{"href":"https:\/\/www.strzodowie.pl\/sklep\/wp-json\/wp\/v2\/product"}],"about":[{"href":"https:\/\/www.strzodowie.pl\/sklep\/wp-json\/wp\/v2\/types\/product"}],"replies":[{"embeddable":true,"href":"https:\/\/www.strzodowie.pl\/sklep\/wp-json\/wp\/v2\/comments?post=8381"}],"wp:featuredmedia":[{"embeddable":true,"href":"https:\/\/www.strzodowie.pl\/sklep\/wp-json\/wp\/v2\/media\/9119"}],"wp:attachment":[{"href":"https:\/\/www.strzodowie.pl\/sklep\/wp-json\/wp\/v2\/media?parent=8381"}],"wp:term":[{"taxonomy":"product_brand","embeddable":true,"href":"https:\/\/www.strzodowie.pl\/sklep\/wp-json\/wp\/v2\/product_brand?post=8381"},{"taxonomy":"product_cat","embeddable":true,"href":"https:\/\/www.strzodowie.pl\/sklep\/wp-json\/wp\/v2\/product_cat?post=8381"},{"taxonomy":"product_tag","embeddable":true,"href":"https:\/\/www.strzodowie.pl\/sklep\/wp-json\/wp\/v2\/product_tag?post=8381"}],"curies":[{"name":"wp","href":"https:\/\/api.w.org\/{rel}","templated":true}]}}