{"id":8377,"date":"2025-09-15T11:48:40","date_gmt":"2025-09-15T09:48:40","guid":{"rendered":"https:\/\/www.strzodowie.pl\/sklep\/?post_type=product&#038;p=8377"},"modified":"2026-02-04T15:10:53","modified_gmt":"2026-02-04T14:10:53","slug":"bergman-b129-01","status":"publish","type":"product","link":"https:\/\/www.strzodowie.pl\/sklep\/product\/bergman-b129-01\/","title":{"rendered":"Bergman B129-01"},"content":{"rendered":"<p data-start=\"977\" data-end=\"1165\">Model Bergman B129-1 to modne okulary przeciws\u0142oneczne wyr\u00f3\u017cniaj\u0105ce si\u0119 nowoczesnym kszta\u0142tem i wyrazistymi oprawkami. To propozycja dla os\u00f3b, kt\u00f3re ceni\u0105 odwa\u017cny styl i wygod\u0119 w jednym.<\/p>\n<p data-start=\"1167\" data-end=\"1374\"><strong data-start=\"1167\" data-end=\"1187\">Dane techniczne:<\/strong><br data-start=\"1187\" data-end=\"1190\" \/>\u2022 Szeroko\u015b\u0107 soczewki: 53 mm.<br data-start=\"1218\" data-end=\"1221\" \/>\u2022 Szeroko\u015b\u0107 mostka: 19 mm.<br data-start=\"1247\" data-end=\"1250\" \/>\u2022 D\u0142ugo\u015b\u0107 zausznika: 145 mm.<br data-start=\"1278\" data-end=\"1281\" \/>\u2022 Materia\u0142 oprawy: acetat.<br data-start=\"1307\" data-end=\"1310\" \/>\u2022 Kolor: czarny.<br data-start=\"1326\" data-end=\"1329\" \/>\u2022 Rodzaj oprawy: pe\u0142na.<br data-start=\"1352\" data-end=\"1355\" \/>\u2022 Filtr UV: 100%.<\/p>\n<p data-start=\"1376\" data-end=\"1558\"><strong data-start=\"1376\" data-end=\"1415\">Dlaczego warto wybra\u0107 model B129-1?<\/strong><br data-start=\"1415\" data-end=\"1418\" \/>\u2022 Stylowe i przyci\u0105gaj\u0105ce uwag\u0119 oprawki.<br data-start=\"1458\" data-end=\"1461\" \/>\u2022 Komfortowe dopasowanie dzi\u0119ki lekkiej konstrukcji.<br data-start=\"1513\" data-end=\"1516\" \/>\u2022 Ochrona wzroku na najwy\u017cszym poziomie.<\/p>\n","protected":false},"excerpt":{"rendered":"<p>Model Bergman B129-1 to modne okulary przeciws\u0142oneczne wyr\u00f3\u017cniaj\u0105ce si\u0119 nowoczesnym kszta\u0142tem i wyrazistymi oprawkami. To propozycja dla os\u00f3b, kt\u00f3re ceni\u0105 odwa\u017cny styl i wygod\u0119 w jednym. Dane techniczne:\u2022 Szeroko\u015b\u0107 soczewki: 53 mm.\u2022 Szeroko\u015b\u0107 mostka: 19 mm.\u2022 D\u0142ugo\u015b\u0107 zausznika: 145 mm.\u2022 Materia\u0142 oprawy: acetat.\u2022 Kolor: czarny.\u2022 Rodzaj oprawy: pe\u0142na.\u2022 Filtr UV: 100%. Dlaczego warto wybra\u0107 model [&hellip;]<\/p>\n","protected":false},"featured_media":9118,"comment_status":"open","ping_status":"closed","template":"","meta":{"_acf_changed":false},"product_brand":[],"product_cat":[51],"product_tag":[176,169,179,166,177,173,150,178],"class_list":{"0":"post-8377","1":"product","2":"type-product","3":"status-publish","4":"has-post-thumbnail","6":"product_cat-okulary-przeciwsloneczne","7":"product_tag-bergman","8":"product_tag-czarne-oprawki","9":"product_tag-luksusowe-okulary","10":"product_tag-modne-okulary","11":"product_tag-nowoczesny-design","12":"product_tag-ochrona-uv","13":"product_tag-okulary-przeciwsloneczne","14":"product_tag-styl","16":"first","17":"onbackorder","18":"shipping-taxable","19":"purchasable","20":"product-type-simple"},"acf":[],"_links":{"self":[{"href":"https:\/\/www.strzodowie.pl\/sklep\/wp-json\/wp\/v2\/product\/8377","targetHints":{"allow":["GET"]}}],"collection":[{"href":"https:\/\/www.strzodowie.pl\/sklep\/wp-json\/wp\/v2\/product"}],"about":[{"href":"https:\/\/www.strzodowie.pl\/sklep\/wp-json\/wp\/v2\/types\/product"}],"replies":[{"embeddable":true,"href":"https:\/\/www.strzodowie.pl\/sklep\/wp-json\/wp\/v2\/comments?post=8377"}],"wp:featuredmedia":[{"embeddable":true,"href":"https:\/\/www.strzodowie.pl\/sklep\/wp-json\/wp\/v2\/media\/9118"}],"wp:attachment":[{"href":"https:\/\/www.strzodowie.pl\/sklep\/wp-json\/wp\/v2\/media?parent=8377"}],"wp:term":[{"taxonomy":"product_brand","embeddable":true,"href":"https:\/\/www.strzodowie.pl\/sklep\/wp-json\/wp\/v2\/product_brand?post=8377"},{"taxonomy":"product_cat","embeddable":true,"href":"https:\/\/www.strzodowie.pl\/sklep\/wp-json\/wp\/v2\/product_cat?post=8377"},{"taxonomy":"product_tag","embeddable":true,"href":"https:\/\/www.strzodowie.pl\/sklep\/wp-json\/wp\/v2\/product_tag?post=8377"}],"curies":[{"name":"wp","href":"https:\/\/api.w.org\/{rel}","templated":true}]}}