{"id":8361,"date":"2025-09-12T13:19:07","date_gmt":"2025-09-12T11:19:07","guid":{"rendered":"https:\/\/www.strzodowie.pl\/sklep\/?post_type=product&#038;p=8361"},"modified":"2026-01-28T10:32:52","modified_gmt":"2026-01-28T09:32:52","slug":"victoria-beckham-vb667s-col-001","status":"publish","type":"product","link":"https:\/\/www.strzodowie.pl\/sklep\/product\/victoria-beckham-vb667s-col-001\/","title":{"rendered":"Victoria Beckham VB667S col. 001"},"content":{"rendered":"<p data-start=\"162\" data-end=\"518\">Nowoczesne okulary przeciws\u0142oneczne od <strong data-start=\"201\" data-end=\"221\">Victorii Beckham<\/strong>, kt\u00f3re zachwycaj\u0105 mocn\u0105, geometryczn\u0105 lini\u0105. Model VB667S w klasycznej czerni wyr\u00f3\u017cnia si\u0119 prostok\u0105tn\u0105, oversize\u2019ow\u0105 form\u0105 oraz grubymi zausznikami ze z\u0142otym detalem, dodaj\u0105cymi ca\u0142o\u015bci luksusowego charakteru. To idealny wyb\u00f3r dla os\u00f3b pewnych siebie, kt\u00f3re stawiaj\u0105 na mod\u0119 w odwa\u017cnym wydaniu.<\/p>\n<p data-start=\"520\" data-end=\"712\"><strong data-start=\"520\" data-end=\"540\">Dane techniczne:<\/strong><br data-start=\"540\" data-end=\"543\" \/>\u2022 Szeroko\u015b\u0107 soczewki: 54 mm<br data-start=\"570\" data-end=\"573\" \/>\u2022 Mostek: 18 mm<br data-start=\"588\" data-end=\"591\" \/>\u2022 D\u0142ugo\u015b\u0107 zausznika: 145 mm<br data-start=\"618\" data-end=\"621\" \/>\u2022 Materia\u0142: acetat wysokiej jako\u015bci<br data-start=\"656\" data-end=\"659\" \/>\u2022 Kolor: czarny (col. 001)<br data-start=\"685\" data-end=\"688\" \/>\u2022 Rodzaj oprawy: pe\u0142na<\/p>\n<p data-start=\"714\" data-end=\"953\"><strong data-start=\"714\" data-end=\"733\">Dlaczego warto?<\/strong><br data-start=\"733\" data-end=\"736\" \/>\u2713 Geometryczny, prostok\u0105tny design \u2013 zgodny z najnowszymi trendami<br data-start=\"802\" data-end=\"805\" \/>\u2713 Ponadczasowa czer\u0144 \u2013 uniwersalna i elegancka<br data-start=\"851\" data-end=\"854\" \/>\u2713 Solidna i komfortowa konstrukcja z acetatu<br data-start=\"898\" data-end=\"901\" \/>\u2713 Modny wyb\u00f3r dla os\u00f3b ceni\u0105cych luksusowe dodatki<\/p>\n","protected":false},"excerpt":{"rendered":"<p>Nowoczesne okulary przeciws\u0142oneczne od Victorii Beckham, kt\u00f3re zachwycaj\u0105 mocn\u0105, geometryczn\u0105 lini\u0105. Model VB667S w klasycznej czerni wyr\u00f3\u017cnia si\u0119 prostok\u0105tn\u0105, oversize\u2019ow\u0105 form\u0105 oraz grubymi zausznikami ze z\u0142otym detalem, dodaj\u0105cymi ca\u0142o\u015bci luksusowego charakteru. To idealny wyb\u00f3r dla os\u00f3b pewnych siebie, kt\u00f3re stawiaj\u0105 na mod\u0119 w odwa\u017cnym wydaniu. Dane techniczne:\u2022 Szeroko\u015b\u0107 soczewki: 54 mm\u2022 Mostek: 18 mm\u2022 D\u0142ugo\u015b\u0107 [&hellip;]<\/p>\n","protected":false},"featured_media":9017,"comment_status":"open","ping_status":"closed","template":"","meta":{"_acf_changed":false},"product_brand":[140],"product_cat":[70,51],"product_tag":[157,154,156,149,148,147,144,145,151,155,152,153,141],"class_list":{"0":"post-8361","1":"product","2":"type-product","3":"status-publish","4":"has-post-thumbnail","6":"product_brand-victoria-beckham","7":"product_cat-modne","8":"product_cat-okulary-przeciwsloneczne","9":"product_tag-acetatowe-oprawki","10":"product_tag-czarne-okulary","11":"product_tag-grube-oprawki","12":"product_tag-okulary-designerskie","13":"product_tag-okulary-eleganckie","14":"product_tag-okulary-fashion","15":"product_tag-okulary-luksusowe","16":"product_tag-okulary-premium","17":"product_tag-okulary-przeciwsloneczne-damskie","18":"product_tag-okulary-unisex","19":"product_tag-oprawki-oversize","20":"product_tag-prostokatne-okulary","21":"product_tag-victoria-beckham","23":"first","24":"instock","25":"shipping-taxable","26":"purchasable","27":"product-type-simple"},"acf":[],"_links":{"self":[{"href":"https:\/\/www.strzodowie.pl\/sklep\/wp-json\/wp\/v2\/product\/8361","targetHints":{"allow":["GET"]}}],"collection":[{"href":"https:\/\/www.strzodowie.pl\/sklep\/wp-json\/wp\/v2\/product"}],"about":[{"href":"https:\/\/www.strzodowie.pl\/sklep\/wp-json\/wp\/v2\/types\/product"}],"replies":[{"embeddable":true,"href":"https:\/\/www.strzodowie.pl\/sklep\/wp-json\/wp\/v2\/comments?post=8361"}],"wp:featuredmedia":[{"embeddable":true,"href":"https:\/\/www.strzodowie.pl\/sklep\/wp-json\/wp\/v2\/media\/9017"}],"wp:attachment":[{"href":"https:\/\/www.strzodowie.pl\/sklep\/wp-json\/wp\/v2\/media?parent=8361"}],"wp:term":[{"taxonomy":"product_brand","embeddable":true,"href":"https:\/\/www.strzodowie.pl\/sklep\/wp-json\/wp\/v2\/product_brand?post=8361"},{"taxonomy":"product_cat","embeddable":true,"href":"https:\/\/www.strzodowie.pl\/sklep\/wp-json\/wp\/v2\/product_cat?post=8361"},{"taxonomy":"product_tag","embeddable":true,"href":"https:\/\/www.strzodowie.pl\/sklep\/wp-json\/wp\/v2\/product_tag?post=8361"}],"curies":[{"name":"wp","href":"https:\/\/api.w.org\/{rel}","templated":true}]}}