{"id":8356,"date":"2025-09-12T12:50:08","date_gmt":"2025-09-12T10:50:08","guid":{"rendered":"https:\/\/www.strzodowie.pl\/sklep\/?post_type=product&#038;p=8356"},"modified":"2026-01-28T10:32:51","modified_gmt":"2026-01-28T09:32:51","slug":"victoria-beckham-vb662s-col-001","status":"publish","type":"product","link":"https:\/\/www.strzodowie.pl\/sklep\/product\/victoria-beckham-vb662s-col-001\/","title":{"rendered":"Victoria Beckham VB662S col. 001"},"content":{"rendered":"<p data-start=\"230\" data-end=\"537\">Zmys\u0142owe i pe\u0142ne charakteru okulary przeciws\u0142oneczne od <strong data-start=\"286\" data-end=\"306\">Victorii Beckham<\/strong>. Model VB662S w kolorze czarnym zachwyca odwa\u017cnym, kocim kszta\u0142tem i geometrycznym akcentem w z\u0142otym odcieniu przy zausznikach. To idealne po\u0142\u0105czenie klasycznej elegancji i nowoczesnego designu, kt\u00f3re podkre\u015bli ka\u017cd\u0105 stylizacj\u0119.<\/p>\n<p data-start=\"539\" data-end=\"749\"><strong data-start=\"539\" data-end=\"559\">Dane techniczne:<\/strong><br data-start=\"559\" data-end=\"562\" \/>\u2022 Szeroko\u015b\u0107 soczewki: 52 mm<br data-start=\"589\" data-end=\"592\" \/>\u2022 Mostek: 18 mm<br data-start=\"607\" data-end=\"610\" \/>\u2022 D\u0142ugo\u015b\u0107 zausznika: 145 mm<br data-start=\"637\" data-end=\"640\" \/>\u2022 Materia\u0142: acetat wysokiej jako\u015bci<br data-start=\"675\" data-end=\"678\" \/>\u2022 Kolor: czarny (col. 001) ze z\u0142otym detalem<br data-start=\"722\" data-end=\"725\" \/>\u2022 Rodzaj oprawy: pe\u0142na<\/p>\n<p data-start=\"751\" data-end=\"960\"><strong data-start=\"751\" data-end=\"770\">Dlaczego warto?<\/strong><br data-start=\"770\" data-end=\"773\" \/>\u2713 Koci kszta\u0142t \u2013 kobiecy i niezwykle stylowy<br data-start=\"817\" data-end=\"820\" \/>\u2713 Eleganczna czer\u0144 z luksusowym z\u0142otym akcentem<br data-start=\"867\" data-end=\"870\" \/>\u2713 Solidne, wygodne oprawki z acetatu<br data-start=\"906\" data-end=\"909\" \/>\u2713 Modny wyb\u00f3r dla kobiet, kt\u00f3re chc\u0105 si\u0119 wyr\u00f3\u017cni\u0107<\/p>\n","protected":false},"excerpt":{"rendered":"<p>Zmys\u0142owe i pe\u0142ne charakteru okulary przeciws\u0142oneczne od Victorii Beckham. Model VB662S w kolorze czarnym zachwyca odwa\u017cnym, kocim kszta\u0142tem i geometrycznym akcentem w z\u0142otym odcieniu przy zausznikach. To idealne po\u0142\u0105czenie klasycznej elegancji i nowoczesnego designu, kt\u00f3re podkre\u015bli ka\u017cd\u0105 stylizacj\u0119. Dane techniczne:\u2022 Szeroko\u015b\u0107 soczewki: 52 mm\u2022 Mostek: 18 mm\u2022 D\u0142ugo\u015b\u0107 zausznika: 145 mm\u2022 Materia\u0142: acetat wysokiej jako\u015bci\u2022 [&hellip;]<\/p>\n","protected":false},"featured_media":9019,"comment_status":"open","ping_status":"closed","template":"","meta":{"_acf_changed":false},"product_brand":[140],"product_cat":[70,51],"product_tag":[149,148,147,144,143,150,141],"class_list":{"0":"post-8356","1":"product","2":"type-product","3":"status-publish","4":"has-post-thumbnail","6":"product_brand-victoria-beckham","7":"product_cat-modne","8":"product_cat-okulary-przeciwsloneczne","9":"product_tag-okulary-designerskie","10":"product_tag-okulary-eleganckie","11":"product_tag-okulary-fashion","12":"product_tag-okulary-luksusowe","13":"product_tag-okulary-modne","14":"product_tag-okulary-przeciwsloneczne","15":"product_tag-victoria-beckham","17":"first","18":"instock","19":"shipping-taxable","20":"purchasable","21":"product-type-simple"},"acf":[],"_links":{"self":[{"href":"https:\/\/www.strzodowie.pl\/sklep\/wp-json\/wp\/v2\/product\/8356","targetHints":{"allow":["GET"]}}],"collection":[{"href":"https:\/\/www.strzodowie.pl\/sklep\/wp-json\/wp\/v2\/product"}],"about":[{"href":"https:\/\/www.strzodowie.pl\/sklep\/wp-json\/wp\/v2\/types\/product"}],"replies":[{"embeddable":true,"href":"https:\/\/www.strzodowie.pl\/sklep\/wp-json\/wp\/v2\/comments?post=8356"}],"wp:featuredmedia":[{"embeddable":true,"href":"https:\/\/www.strzodowie.pl\/sklep\/wp-json\/wp\/v2\/media\/9019"}],"wp:attachment":[{"href":"https:\/\/www.strzodowie.pl\/sklep\/wp-json\/wp\/v2\/media?parent=8356"}],"wp:term":[{"taxonomy":"product_brand","embeddable":true,"href":"https:\/\/www.strzodowie.pl\/sklep\/wp-json\/wp\/v2\/product_brand?post=8356"},{"taxonomy":"product_cat","embeddable":true,"href":"https:\/\/www.strzodowie.pl\/sklep\/wp-json\/wp\/v2\/product_cat?post=8356"},{"taxonomy":"product_tag","embeddable":true,"href":"https:\/\/www.strzodowie.pl\/sklep\/wp-json\/wp\/v2\/product_tag?post=8356"}],"curies":[{"name":"wp","href":"https:\/\/api.w.org\/{rel}","templated":true}]}}