{"id":8351,"date":"2025-09-12T12:32:29","date_gmt":"2025-09-12T10:32:29","guid":{"rendered":"https:\/\/www.strzodowie.pl\/sklep\/?post_type=product&#038;p=8351"},"modified":"2026-01-28T10:32:51","modified_gmt":"2026-01-28T09:32:51","slug":"victoria-beckham-vb686s-col-234","status":"publish","type":"product","link":"https:\/\/www.strzodowie.pl\/sklep\/product\/victoria-beckham-vb686s-col-234\/","title":{"rendered":"Victoria Beckham VB686S col. 234"},"content":{"rendered":"<p data-start=\"173\" data-end=\"432\">Wyraziste oprawki od <strong data-start=\"194\" data-end=\"214\">Victorii Beckham<\/strong>, kt\u00f3re \u0142\u0105cz\u0105 luksus z modowym charakterem. Masywna, kwadratowa forma z acetatu w kolorze Havana (br\u0105z w c\u0119tkowanym wzorze) dodaje g\u0142\u0119bi i elegancji, a przy tym sprawia, \u017ce okulary wyr\u00f3\u017cniaj\u0105 si\u0119 w ka\u017cdej stylizacji.<\/p>\n<p data-start=\"434\" data-end=\"650\"><strong data-start=\"434\" data-end=\"454\">Dane techniczne:<\/strong><br data-start=\"454\" data-end=\"457\" \/>\u2022 Szeroko\u015b\u0107 soczewki: 56 mm<br data-start=\"484\" data-end=\"487\" \/>\u2022 Mostek: 15 mm<br data-start=\"502\" data-end=\"505\" \/>\u2022 D\u0142ugo\u015b\u0107 zausznika: 145 mm<br data-start=\"532\" data-end=\"535\" \/>\u2022 Materia\u0142: acetat (tworzywo wysokiej jako\u015bci)<br data-start=\"581\" data-end=\"584\" \/>\u2022 Kolor: Havana (br\u0105z\/c\u0119tki) \u2013 col. 234<br data-start=\"623\" data-end=\"626\" \/>\u2022 Rodzaj oprawy: pe\u0142na<\/p>\n<p data-start=\"652\" data-end=\"884\"><strong data-start=\"652\" data-end=\"671\">Dlaczego warto?<\/strong><br data-start=\"671\" data-end=\"674\" \/>\u2713 Charakterystyczny, geometryczny design Victorii Beckham<br data-start=\"731\" data-end=\"734\" \/>\u2713 Elegancki kolor Havana pasuj\u0105cy do r\u00f3\u017cnych typ\u00f3w urody<br data-start=\"790\" data-end=\"793\" \/>\u2713 Trwa\u0142a i wygodna konstrukcja z acetatu<br data-start=\"833\" data-end=\"836\" \/>\u2713 Stylowy wyb\u00f3r na co dzie\u0144 i specjalne okazje<\/p>\n","protected":false},"excerpt":{"rendered":"<p>Wyraziste oprawki od Victorii Beckham, kt\u00f3re \u0142\u0105cz\u0105 luksus z modowym charakterem. Masywna, kwadratowa forma z acetatu w kolorze Havana (br\u0105z w c\u0119tkowanym wzorze) dodaje g\u0142\u0119bi i elegancji, a przy tym sprawia, \u017ce okulary wyr\u00f3\u017cniaj\u0105 si\u0119 w ka\u017cdej stylizacji. Dane techniczne:\u2022 Szeroko\u015b\u0107 soczewki: 56 mm\u2022 Mostek: 15 mm\u2022 D\u0142ugo\u015b\u0107 zausznika: 145 mm\u2022 Materia\u0142: acetat (tworzywo wysokiej [&hellip;]<\/p>\n","protected":false},"featured_media":9018,"comment_status":"open","ping_status":"closed","template":"","meta":{"_acf_changed":false},"product_brand":[140],"product_cat":[70,51],"product_tag":[146,149,148,147,144,143,145,142,141],"class_list":{"0":"post-8351","1":"product","2":"type-product","3":"status-publish","4":"has-post-thumbnail","6":"product_brand-victoria-beckham","7":"product_cat-modne","8":"product_cat-okulary-przeciwsloneczne","9":"product_tag-kwadratowe-oprawki","10":"product_tag-okulary-designerskie","11":"product_tag-okulary-eleganckie","12":"product_tag-okulary-fashion","13":"product_tag-okulary-luksusowe","14":"product_tag-okulary-modne","15":"product_tag-okulary-premium","16":"product_tag-oprawki-projektanckie","17":"product_tag-victoria-beckham","19":"first","20":"instock","21":"shipping-taxable","22":"purchasable","23":"product-type-simple"},"acf":[],"_links":{"self":[{"href":"https:\/\/www.strzodowie.pl\/sklep\/wp-json\/wp\/v2\/product\/8351","targetHints":{"allow":["GET"]}}],"collection":[{"href":"https:\/\/www.strzodowie.pl\/sklep\/wp-json\/wp\/v2\/product"}],"about":[{"href":"https:\/\/www.strzodowie.pl\/sklep\/wp-json\/wp\/v2\/types\/product"}],"replies":[{"embeddable":true,"href":"https:\/\/www.strzodowie.pl\/sklep\/wp-json\/wp\/v2\/comments?post=8351"}],"wp:featuredmedia":[{"embeddable":true,"href":"https:\/\/www.strzodowie.pl\/sklep\/wp-json\/wp\/v2\/media\/9018"}],"wp:attachment":[{"href":"https:\/\/www.strzodowie.pl\/sklep\/wp-json\/wp\/v2\/media?parent=8351"}],"wp:term":[{"taxonomy":"product_brand","embeddable":true,"href":"https:\/\/www.strzodowie.pl\/sklep\/wp-json\/wp\/v2\/product_brand?post=8351"},{"taxonomy":"product_cat","embeddable":true,"href":"https:\/\/www.strzodowie.pl\/sklep\/wp-json\/wp\/v2\/product_cat?post=8351"},{"taxonomy":"product_tag","embeddable":true,"href":"https:\/\/www.strzodowie.pl\/sklep\/wp-json\/wp\/v2\/product_tag?post=8351"}],"curies":[{"name":"wp","href":"https:\/\/api.w.org\/{rel}","templated":true}]}}