{"id":8338,"date":"2025-09-10T12:50:12","date_gmt":"2025-09-10T10:50:12","guid":{"rendered":"https:\/\/www.strzodowie.pl\/sklep\/?post_type=product&#038;p=8338"},"modified":"2026-02-06T13:13:44","modified_gmt":"2026-02-06T12:13:44","slug":"orange-8028-c10","status":"publish","type":"product","link":"https:\/\/www.strzodowie.pl\/sklep\/product\/orange-8028-c10\/","title":{"rendered":"Orange 8028 C10"},"content":{"rendered":"<p><strong>Model Orange 8028 C10<\/strong> to dzieci\u0119ce oprawki, kt\u00f3re \u0142\u0105cz\u0105 nowoczesn\u0105 estetyk\u0119 z funkcjonalno\u015bci\u0105. Wykonane z trwa\u0142ego materia\u0142u TR, zapewniaj\u0105 wygod\u0119 przez ca\u0142y dzie\u0144.<\/p>\n<p><strong>Dane techniczne:<\/strong><br \/>\n\u2022 Szeroko\u015b\u0107 soczewki: 47 mm.<br \/>\n\u2022 Szeroko\u015b\u0107 mostka: 17 mm.<br \/>\n\u2022 D\u0142ugo\u015b\u0107 zausznika: 120 mm.<br \/>\n\u2022 Materia\u0142 oprawy: TR.<br \/>\n\u2022 Kolor: C10.<br \/>\n\u2022 Rodzaj oprawy: pe\u0142na.<br \/>\n\u2022 Zawiasy: klasyczne.<\/p>\n<p><strong>Dlaczego warto wybra\u0107 model Orange 8028 C10?<\/strong><br \/>\n\u2022 Stylowe i lekkie \u2013 idealne na co dzie\u0144.<br \/>\n\u2022 Bezpieczny i elastyczny materia\u0142 TR.<br \/>\n\u2022 Klasyczna forma pasuj\u0105ca do r\u00f3\u017cnych stylizacji.<br \/>\n\u2022 Komfort noszenia przez ca\u0142y dzie\u0144.<\/p>\n","protected":false},"excerpt":{"rendered":"<p>Model Orange 8028 C10 to dzieci\u0119ce oprawki, kt\u00f3re \u0142\u0105cz\u0105 nowoczesn\u0105 estetyk\u0119 z funkcjonalno\u015bci\u0105. Wykonane z trwa\u0142ego materia\u0142u TR, zapewniaj\u0105 wygod\u0119 przez ca\u0142y dzie\u0144. Dane techniczne: \u2022 Szeroko\u015b\u0107 soczewki: 47 mm. \u2022 Szeroko\u015b\u0107 mostka: 17 mm. \u2022 D\u0142ugo\u015b\u0107 zausznika: 120 mm. \u2022 Materia\u0142 oprawy: TR. \u2022 Kolor: C10. \u2022 Rodzaj oprawy: pe\u0142na. \u2022 Zawiasy: klasyczne. Dlaczego [&hellip;]<\/p>\n","protected":false},"featured_media":9130,"comment_status":"open","ping_status":"closed","template":"","meta":{"_acf_changed":false},"product_brand":[],"product_cat":[116,50],"product_tag":[136,121,129,139,127,120,125,122],"class_list":{"0":"post-8338","1":"product","2":"type-product","3":"status-publish","4":"has-post-thumbnail","6":"product_cat-dzieciece","7":"product_cat-okulary-korekcyjne","8":"product_tag-elastyczne-okulary-dzieciece","9":"product_tag-eleganckie-okulary-mlodziezowe","10":"product_tag-kolorowe-okulary-dzieciece","11":"product_tag-komfortowe-okulary-tr","12":"product_tag-lekkie-i-bezpieczne-okulary","13":"product_tag-lekkie-okulary-dla-dzieci","14":"product_tag-okulary-dla-mlodszych-dzieci","15":"product_tag-okulary-do-szkoly","17":"first","18":"onbackorder","19":"shipping-taxable","20":"purchasable","21":"product-type-simple"},"acf":[],"_links":{"self":[{"href":"https:\/\/www.strzodowie.pl\/sklep\/wp-json\/wp\/v2\/product\/8338","targetHints":{"allow":["GET"]}}],"collection":[{"href":"https:\/\/www.strzodowie.pl\/sklep\/wp-json\/wp\/v2\/product"}],"about":[{"href":"https:\/\/www.strzodowie.pl\/sklep\/wp-json\/wp\/v2\/types\/product"}],"replies":[{"embeddable":true,"href":"https:\/\/www.strzodowie.pl\/sklep\/wp-json\/wp\/v2\/comments?post=8338"}],"wp:featuredmedia":[{"embeddable":true,"href":"https:\/\/www.strzodowie.pl\/sklep\/wp-json\/wp\/v2\/media\/9130"}],"wp:attachment":[{"href":"https:\/\/www.strzodowie.pl\/sklep\/wp-json\/wp\/v2\/media?parent=8338"}],"wp:term":[{"taxonomy":"product_brand","embeddable":true,"href":"https:\/\/www.strzodowie.pl\/sklep\/wp-json\/wp\/v2\/product_brand?post=8338"},{"taxonomy":"product_cat","embeddable":true,"href":"https:\/\/www.strzodowie.pl\/sklep\/wp-json\/wp\/v2\/product_cat?post=8338"},{"taxonomy":"product_tag","embeddable":true,"href":"https:\/\/www.strzodowie.pl\/sklep\/wp-json\/wp\/v2\/product_tag?post=8338"}],"curies":[{"name":"wp","href":"https:\/\/api.w.org\/{rel}","templated":true}]}}