{"id":8328,"date":"2025-09-03T15:33:05","date_gmt":"2025-09-03T13:33:05","guid":{"rendered":"https:\/\/www.strzodowie.pl\/sklep\/?post_type=product&#038;p=8328"},"modified":"2026-02-06T13:18:50","modified_gmt":"2026-02-06T12:18:50","slug":"orange-8703-c10","status":"publish","type":"product","link":"https:\/\/www.strzodowie.pl\/sklep\/product\/orange-8703-c10\/","title":{"rendered":"Orange 8703 C10"},"content":{"rendered":"<p data-start=\"2276\" data-end=\"2475\"><strong data-start=\"2276\" data-end=\"2301\">Model Orange 8703 C10<\/strong> to nowoczesne oprawki dzieci\u0119ce z tworzywa TR, kt\u00f3re \u0142\u0105cz\u0105 komfort i modny wygl\u0105d. Ich lekka, elastyczna konstrukcja sprawia, \u017ce s\u0105 idealne dla aktywnych dzieci i m\u0142odzie\u017cy.<\/p>\n<p data-start=\"2477\" data-end=\"2679\"><strong data-start=\"2477\" data-end=\"2497\">Dane techniczne:<\/strong><br data-start=\"2497\" data-end=\"2500\" \/>\u2022 Szeroko\u015b\u0107 soczewki: 50 mm.<br data-start=\"2528\" data-end=\"2531\" \/>\u2022 Szeroko\u015b\u0107 mostka: 15 mm.<br data-start=\"2557\" data-end=\"2560\" \/>\u2022 D\u0142ugo\u015b\u0107 zausznika: 125 mm.<br data-start=\"2588\" data-end=\"2591\" \/>\u2022 Materia\u0142 oprawy: TR.<br data-start=\"2613\" data-end=\"2616\" \/>\u2022 Kolor: C10.<br data-start=\"2629\" data-end=\"2632\" \/>\u2022 Rodzaj oprawy: pe\u0142na.<br data-start=\"2655\" data-end=\"2658\" \/>\u2022 Zawiasy: klasyczne.<\/p>\n<p data-start=\"2681\" data-end=\"2912\"><strong data-start=\"2681\" data-end=\"2729\">Dlaczego warto wybra\u0107 model Orange 8703 C10?<\/strong><br data-start=\"2729\" data-end=\"2732\" \/>\u2022 Nowoczesna forma i uniwersalny design.<br data-start=\"2772\" data-end=\"2775\" \/>\u2022 Wyj\u0105tkowa lekko\u015b\u0107 i elastyczno\u015b\u0107 materia\u0142u TR.<br data-start=\"2823\" data-end=\"2826\" \/>\u2022 Odporno\u015b\u0107 na codzienne u\u017cytkowanie.<br data-start=\"2863\" data-end=\"2866\" \/>\u2022 Komfortowe dopasowanie do dzieci\u0119cej twarzy.<\/p>\n","protected":false},"excerpt":{"rendered":"<p>Model Orange 8703 C10 to nowoczesne oprawki dzieci\u0119ce z tworzywa TR, kt\u00f3re \u0142\u0105cz\u0105 komfort i modny wygl\u0105d. Ich lekka, elastyczna konstrukcja sprawia, \u017ce s\u0105 idealne dla aktywnych dzieci i m\u0142odzie\u017cy. Dane techniczne:\u2022 Szeroko\u015b\u0107 soczewki: 50 mm.\u2022 Szeroko\u015b\u0107 mostka: 15 mm.\u2022 D\u0142ugo\u015b\u0107 zausznika: 125 mm.\u2022 Materia\u0142 oprawy: TR.\u2022 Kolor: C10.\u2022 Rodzaj oprawy: pe\u0142na.\u2022 Zawiasy: klasyczne. Dlaczego [&hellip;]<\/p>\n","protected":false},"featured_media":9132,"comment_status":"open","ping_status":"closed","template":"","meta":{"_acf_changed":false},"product_brand":[],"product_cat":[116,50],"product_tag":[136,139,134,132,138,122,137,133,135],"class_list":{"0":"post-8328","1":"product","2":"type-product","3":"status-publish","4":"has-post-thumbnail","6":"product_cat-dzieciece","7":"product_cat-okulary-korekcyjne","8":"product_tag-elastyczne-okulary-dzieciece","9":"product_tag-komfortowe-okulary-tr","10":"product_tag-lekkie-oprawki-dla-dzieci","11":"product_tag-modne-okulary-dzieciece","12":"product_tag-nowoczesne-okulary-dzieciece","13":"product_tag-okulary-do-szkoly","14":"product_tag-okulary-na-co-dzien","15":"product_tag-okulary-tr","16":"product_tag-wytrzymale-okulary-dla-mlodziezy","18":"first","19":"onbackorder","20":"shipping-taxable","21":"purchasable","22":"product-type-simple"},"acf":[],"_links":{"self":[{"href":"https:\/\/www.strzodowie.pl\/sklep\/wp-json\/wp\/v2\/product\/8328","targetHints":{"allow":["GET"]}}],"collection":[{"href":"https:\/\/www.strzodowie.pl\/sklep\/wp-json\/wp\/v2\/product"}],"about":[{"href":"https:\/\/www.strzodowie.pl\/sklep\/wp-json\/wp\/v2\/types\/product"}],"replies":[{"embeddable":true,"href":"https:\/\/www.strzodowie.pl\/sklep\/wp-json\/wp\/v2\/comments?post=8328"}],"wp:featuredmedia":[{"embeddable":true,"href":"https:\/\/www.strzodowie.pl\/sklep\/wp-json\/wp\/v2\/media\/9132"}],"wp:attachment":[{"href":"https:\/\/www.strzodowie.pl\/sklep\/wp-json\/wp\/v2\/media?parent=8328"}],"wp:term":[{"taxonomy":"product_brand","embeddable":true,"href":"https:\/\/www.strzodowie.pl\/sklep\/wp-json\/wp\/v2\/product_brand?post=8328"},{"taxonomy":"product_cat","embeddable":true,"href":"https:\/\/www.strzodowie.pl\/sklep\/wp-json\/wp\/v2\/product_cat?post=8328"},{"taxonomy":"product_tag","embeddable":true,"href":"https:\/\/www.strzodowie.pl\/sklep\/wp-json\/wp\/v2\/product_tag?post=8328"}],"curies":[{"name":"wp","href":"https:\/\/api.w.org\/{rel}","templated":true}]}}