{"id":8309,"date":"2025-09-03T14:35:58","date_gmt":"2025-09-03T12:35:58","guid":{"rendered":"https:\/\/www.strzodowie.pl\/sklep\/?post_type=product&#038;p=8309"},"modified":"2026-02-06T14:17:17","modified_gmt":"2026-02-06T13:17:17","slug":"orange-oc320-c3","status":"publish","type":"product","link":"https:\/\/www.strzodowie.pl\/sklep\/product\/orange-oc320-c3\/","title":{"rendered":"Orange OC320 C3"},"content":{"rendered":"<p data-start=\"171\" data-end=\"471\"><strong data-start=\"171\" data-end=\"189\">Model OC320 C3<\/strong> to stylowe oprawki dzieci\u0119ce, kt\u00f3re \u0142\u0105cz\u0105 klasyczny design z nowoczesn\u0105 lekko\u015bci\u0105. Metalowa, cienka konstrukcja oraz stonowany kolor sprawiaj\u0105, \u017ce model ten doskonale sprawdzi si\u0119 u m\u0142odzie\u017cy i starszych dzieci poszukuj\u0105cych wygodnych i estetycznych okular\u00f3w do codziennego u\u017cytku.<\/p>\n<p data-start=\"473\" data-end=\"677\"><strong data-start=\"473\" data-end=\"493\">Dane techniczne:<\/strong><br data-start=\"493\" data-end=\"496\" \/>\u2022 Szeroko\u015b\u0107 soczewki: 48 mm.<br data-start=\"524\" data-end=\"527\" \/>\u2022 Szeroko\u015b\u0107 mostka: 17 mm.<br data-start=\"553\" data-end=\"556\" \/>\u2022 D\u0142ugo\u015b\u0107 zausznika: 140 mm.<br data-start=\"584\" data-end=\"587\" \/>\u2022 Materia\u0142 oprawy: metal.<br data-start=\"612\" data-end=\"615\" \/>\u2022 Kolor: C3.<br data-start=\"627\" data-end=\"630\" \/>\u2022 Rodzaj oprawy: pe\u0142na.<br data-start=\"653\" data-end=\"656\" \/>\u2022 Zawiasy: klasyczne.<\/p>\n<p data-start=\"679\" data-end=\"910\"><strong data-start=\"679\" data-end=\"720\">Dlaczego warto wybra\u0107 model OC320 C3?<\/strong><br data-start=\"720\" data-end=\"723\" \/>\u2022 Klasyczny, ale nowoczesny wygl\u0105d.<br data-start=\"758\" data-end=\"761\" \/>\u2022 Wysoki komfort noszenia przez ca\u0142y dzie\u0144.<br data-start=\"804\" data-end=\"807\" \/>\u2022 Lekka, a jednocze\u015bnie solidna metalowa oprawa.<br data-start=\"855\" data-end=\"858\" \/>\u2022 Uniwersalny fason pasuj\u0105cy do r\u00f3\u017cnych typ\u00f3w urody.<\/p>\n","protected":false},"excerpt":{"rendered":"<p>Model OC320 C3 to stylowe oprawki dzieci\u0119ce, kt\u00f3re \u0142\u0105cz\u0105 klasyczny design z nowoczesn\u0105 lekko\u015bci\u0105. Metalowa, cienka konstrukcja oraz stonowany kolor sprawiaj\u0105, \u017ce model ten doskonale sprawdzi si\u0119 u m\u0142odzie\u017cy i starszych dzieci poszukuj\u0105cych wygodnych i estetycznych okular\u00f3w do codziennego u\u017cytku. Dane techniczne:\u2022 Szeroko\u015b\u0107 soczewki: 48 mm.\u2022 Szeroko\u015b\u0107 mostka: 17 mm.\u2022 D\u0142ugo\u015b\u0107 zausznika: 140 mm.\u2022 Materia\u0142 [&hellip;]<\/p>\n","protected":false},"featured_media":9147,"comment_status":"open","ping_status":"closed","template":"","meta":{"_acf_changed":false},"product_brand":[],"product_cat":[116,103,50],"product_tag":[106,115,112,105,117,114,111,110],"class_list":{"0":"post-8309","1":"product","2":"type-product","3":"status-publish","4":"has-post-thumbnail","6":"product_cat-dzieciece","7":"product_cat-okulary-korekcyjne-z-nakladka","8":"product_cat-okulary-korekcyjne","9":"product_tag-nakladki-na-okulary","10":"product_tag-okulary-2w-1","11":"product_tag-okulary-2w1-clip-on","12":"product_tag-okulary-clip-on","13":"product_tag-okulary-dzieciece","14":"product_tag-okulary-korekcyjne-z-nakladka","15":"product_tag-okulary-z-filtrem-uv","16":"product_tag-okulary-z-polaryzacja","18":"first","19":"onbackorder","20":"shipping-taxable","21":"purchasable","22":"product-type-simple"},"acf":[],"_links":{"self":[{"href":"https:\/\/www.strzodowie.pl\/sklep\/wp-json\/wp\/v2\/product\/8309","targetHints":{"allow":["GET"]}}],"collection":[{"href":"https:\/\/www.strzodowie.pl\/sklep\/wp-json\/wp\/v2\/product"}],"about":[{"href":"https:\/\/www.strzodowie.pl\/sklep\/wp-json\/wp\/v2\/types\/product"}],"replies":[{"embeddable":true,"href":"https:\/\/www.strzodowie.pl\/sklep\/wp-json\/wp\/v2\/comments?post=8309"}],"wp:featuredmedia":[{"embeddable":true,"href":"https:\/\/www.strzodowie.pl\/sklep\/wp-json\/wp\/v2\/media\/9147"}],"wp:attachment":[{"href":"https:\/\/www.strzodowie.pl\/sklep\/wp-json\/wp\/v2\/media?parent=8309"}],"wp:term":[{"taxonomy":"product_brand","embeddable":true,"href":"https:\/\/www.strzodowie.pl\/sklep\/wp-json\/wp\/v2\/product_brand?post=8309"},{"taxonomy":"product_cat","embeddable":true,"href":"https:\/\/www.strzodowie.pl\/sklep\/wp-json\/wp\/v2\/product_cat?post=8309"},{"taxonomy":"product_tag","embeddable":true,"href":"https:\/\/www.strzodowie.pl\/sklep\/wp-json\/wp\/v2\/product_tag?post=8309"}],"curies":[{"name":"wp","href":"https:\/\/api.w.org\/{rel}","templated":true}]}}