{"id":8302,"date":"2025-09-03T14:25:11","date_gmt":"2025-09-03T12:25:11","guid":{"rendered":"https:\/\/www.strzodowie.pl\/sklep\/?post_type=product&#038;p=8302"},"modified":"2026-02-06T14:18:06","modified_gmt":"2026-02-06T13:18:06","slug":"orange-oc385-c9","status":"publish","type":"product","link":"https:\/\/www.strzodowie.pl\/sklep\/product\/orange-oc385-c9\/","title":{"rendered":"Orange OC385 C9"},"content":{"rendered":"<p data-start=\"116\" data-end=\"352\"><strong data-start=\"116\" data-end=\"134\">Model OC385 C9<\/strong> to dzieci\u0119ce oprawki w eleganckim wydaniu. Smuk\u0142a, metalowa konstrukcja oraz subtelny kolor sprawiaj\u0105, \u017ce s\u0105 to oprawki idealne dla starszych dzieci i m\u0142odzie\u017cy, kt\u00f3re szukaj\u0105 lekkich i trwa\u0142ych rozwi\u0105za\u0144 na co dzie\u0144.<\/p>\n<p data-start=\"354\" data-end=\"558\"><strong data-start=\"354\" data-end=\"374\">Dane techniczne:<\/strong><br data-start=\"374\" data-end=\"377\" \/>\u2022 Szeroko\u015b\u0107 soczewki: 47 mm.<br data-start=\"405\" data-end=\"408\" \/>\u2022 Szeroko\u015b\u0107 mostka: 16 mm.<br data-start=\"434\" data-end=\"437\" \/>\u2022 D\u0142ugo\u015b\u0107 zausznika: 130 mm.<br data-start=\"465\" data-end=\"468\" \/>\u2022 Materia\u0142 oprawy: metal.<br data-start=\"493\" data-end=\"496\" \/>\u2022 Kolor: C9.<br data-start=\"508\" data-end=\"511\" \/>\u2022 Rodzaj oprawy: pe\u0142na.<br data-start=\"534\" data-end=\"537\" \/>\u2022 Zawiasy: klasyczne.<\/p>\n<p data-start=\"560\" data-end=\"781\"><strong data-start=\"560\" data-end=\"601\">Dlaczego warto wybra\u0107 model OC385 C9?<\/strong><br data-start=\"601\" data-end=\"604\" \/>\u2022 Subtelny wygl\u0105d odpowiedni dla starszych dzieci.<br data-start=\"654\" data-end=\"657\" \/>\u2022 Trwa\u0142a konstrukcja z lekkiego metalu.<br data-start=\"696\" data-end=\"699\" \/>\u2022 Dopasowane do r\u00f3\u017cnych kszta\u0142t\u00f3w twarzy.<br data-start=\"740\" data-end=\"743\" \/>\u2022 Wygodne w noszeniu przez ca\u0142y dzie\u0144.<\/p>\n","protected":false},"excerpt":{"rendered":"<p>Model OC385 C9 to dzieci\u0119ce oprawki w eleganckim wydaniu. Smuk\u0142a, metalowa konstrukcja oraz subtelny kolor sprawiaj\u0105, \u017ce s\u0105 to oprawki idealne dla starszych dzieci i m\u0142odzie\u017cy, kt\u00f3re szukaj\u0105 lekkich i trwa\u0142ych rozwi\u0105za\u0144 na co dzie\u0144. Dane techniczne:\u2022 Szeroko\u015b\u0107 soczewki: 47 mm.\u2022 Szeroko\u015b\u0107 mostka: 16 mm.\u2022 D\u0142ugo\u015b\u0107 zausznika: 130 mm.\u2022 Materia\u0142 oprawy: metal.\u2022 Kolor: C9.\u2022 Rodzaj [&hellip;]<\/p>\n","protected":false},"featured_media":9149,"comment_status":"open","ping_status":"closed","template":"","meta":{"_acf_changed":false},"product_brand":[],"product_cat":[116,103,50],"product_tag":[106,115,112,105,117,114,111,110],"class_list":{"0":"post-8302","1":"product","2":"type-product","3":"status-publish","4":"has-post-thumbnail","6":"product_cat-dzieciece","7":"product_cat-okulary-korekcyjne-z-nakladka","8":"product_cat-okulary-korekcyjne","9":"product_tag-nakladki-na-okulary","10":"product_tag-okulary-2w-1","11":"product_tag-okulary-2w1-clip-on","12":"product_tag-okulary-clip-on","13":"product_tag-okulary-dzieciece","14":"product_tag-okulary-korekcyjne-z-nakladka","15":"product_tag-okulary-z-filtrem-uv","16":"product_tag-okulary-z-polaryzacja","18":"first","19":"onbackorder","20":"shipping-taxable","21":"purchasable","22":"product-type-simple"},"acf":[],"_links":{"self":[{"href":"https:\/\/www.strzodowie.pl\/sklep\/wp-json\/wp\/v2\/product\/8302","targetHints":{"allow":["GET"]}}],"collection":[{"href":"https:\/\/www.strzodowie.pl\/sklep\/wp-json\/wp\/v2\/product"}],"about":[{"href":"https:\/\/www.strzodowie.pl\/sklep\/wp-json\/wp\/v2\/types\/product"}],"replies":[{"embeddable":true,"href":"https:\/\/www.strzodowie.pl\/sklep\/wp-json\/wp\/v2\/comments?post=8302"}],"wp:featuredmedia":[{"embeddable":true,"href":"https:\/\/www.strzodowie.pl\/sklep\/wp-json\/wp\/v2\/media\/9149"}],"wp:attachment":[{"href":"https:\/\/www.strzodowie.pl\/sklep\/wp-json\/wp\/v2\/media?parent=8302"}],"wp:term":[{"taxonomy":"product_brand","embeddable":true,"href":"https:\/\/www.strzodowie.pl\/sklep\/wp-json\/wp\/v2\/product_brand?post=8302"},{"taxonomy":"product_cat","embeddable":true,"href":"https:\/\/www.strzodowie.pl\/sklep\/wp-json\/wp\/v2\/product_cat?post=8302"},{"taxonomy":"product_tag","embeddable":true,"href":"https:\/\/www.strzodowie.pl\/sklep\/wp-json\/wp\/v2\/product_tag?post=8302"}],"curies":[{"name":"wp","href":"https:\/\/api.w.org\/{rel}","templated":true}]}}