{"id":8295,"date":"2025-08-29T14:52:57","date_gmt":"2025-08-29T12:52:57","guid":{"rendered":"https:\/\/www.strzodowie.pl\/sklep\/?post_type=product&#038;p=8295"},"modified":"2026-02-06T14:19:56","modified_gmt":"2026-02-06T13:19:56","slug":"orange-oc712-c3","status":"publish","type":"product","link":"https:\/\/www.strzodowie.pl\/sklep\/product\/orange-oc712-c3\/","title":{"rendered":"Orange OC712 C3"},"content":{"rendered":"<p><strong>OC712 C3 \u2013 styl i komfort dla m\u0142odych mi\u0142o\u015bnik\u00f3w mody<\/strong><\/p>\n<p>Model OC712 C3 to dzieci\u0119ce oprawki, kt\u00f3re \u0142\u0105cz\u0105 nowoczesny design z wygod\u0105 na co dzie\u0144. Lekka, metalowa konstrukcja oraz elegancki kolor sprawiaj\u0105, \u017ce s\u0105 to idealne rozwi\u0105zanie dla starszych dzieci i m\u0142odzie\u017cy, kt\u00f3re ceni\u0105 sobie styl i trwa\u0142o\u015b\u0107.<\/p>\n<p><strong>Dane techniczne:<\/strong><br \/>\n\u2022 Szeroko\u015b\u0107 soczewki: 49 mm<br \/>\n\u2022 Szeroko\u015b\u0107 mostka: 16 mm<br \/>\n\u2022 D\u0142ugo\u015b\u0107 zausznika: 135 mm<br \/>\n\u2022 Materia\u0142 oprawy: metal<br \/>\n\u2022 Kolor: C3<br \/>\n\u2022 Rodzaj oprawy: pe\u0142na<br \/>\n\u2022 Zawiasy: klasyczne<\/p>\n<p><strong>Dlaczego warto wybra\u0107 model OC712 C3?<\/strong><br \/>\n\u2022 Nowoczesny, subtelny wygl\u0105d, idealny dla starszych dzieci i m\u0142odzie\u017cy<br \/>\n\u2022 Solidna, a zarazem lekka konstrukcja z wysokiej jako\u015bci metalu<br \/>\n\u2022 Dopasowuje si\u0119 do r\u00f3\u017cnych kszta\u0142t\u00f3w twarzy, zapewniaj\u0105c komfort<br \/>\n\u2022 Wygodne w noszeniu przez ca\u0142y dzie\u0144, nawet podczas intensywnych aktywno\u015bci<\/p>\n","protected":false},"excerpt":{"rendered":"<p>OC712 C3 \u2013 styl i komfort dla m\u0142odych mi\u0142o\u015bnik\u00f3w mody Model OC712 C3 to dzieci\u0119ce oprawki, kt\u00f3re \u0142\u0105cz\u0105 nowoczesny design z wygod\u0105 na co dzie\u0144. Lekka, metalowa konstrukcja oraz elegancki kolor sprawiaj\u0105, \u017ce s\u0105 to idealne rozwi\u0105zanie dla starszych dzieci i m\u0142odzie\u017cy, kt\u00f3re ceni\u0105 sobie styl i trwa\u0142o\u015b\u0107. Dane techniczne: \u2022 Szeroko\u015b\u0107 soczewki: 49 mm [&hellip;]<\/p>\n","protected":false},"featured_media":9151,"comment_status":"open","ping_status":"closed","template":"","meta":{"_acf_changed":false},"product_brand":[],"product_cat":[116,103,50],"product_tag":[106,115,112,105,117,114,111,110],"class_list":{"0":"post-8295","1":"product","2":"type-product","3":"status-publish","4":"has-post-thumbnail","6":"product_cat-dzieciece","7":"product_cat-okulary-korekcyjne-z-nakladka","8":"product_cat-okulary-korekcyjne","9":"product_tag-nakladki-na-okulary","10":"product_tag-okulary-2w-1","11":"product_tag-okulary-2w1-clip-on","12":"product_tag-okulary-clip-on","13":"product_tag-okulary-dzieciece","14":"product_tag-okulary-korekcyjne-z-nakladka","15":"product_tag-okulary-z-filtrem-uv","16":"product_tag-okulary-z-polaryzacja","18":"first","19":"onbackorder","20":"shipping-taxable","21":"purchasable","22":"product-type-simple"},"acf":[],"_links":{"self":[{"href":"https:\/\/www.strzodowie.pl\/sklep\/wp-json\/wp\/v2\/product\/8295","targetHints":{"allow":["GET"]}}],"collection":[{"href":"https:\/\/www.strzodowie.pl\/sklep\/wp-json\/wp\/v2\/product"}],"about":[{"href":"https:\/\/www.strzodowie.pl\/sklep\/wp-json\/wp\/v2\/types\/product"}],"replies":[{"embeddable":true,"href":"https:\/\/www.strzodowie.pl\/sklep\/wp-json\/wp\/v2\/comments?post=8295"}],"wp:featuredmedia":[{"embeddable":true,"href":"https:\/\/www.strzodowie.pl\/sklep\/wp-json\/wp\/v2\/media\/9151"}],"wp:attachment":[{"href":"https:\/\/www.strzodowie.pl\/sklep\/wp-json\/wp\/v2\/media?parent=8295"}],"wp:term":[{"taxonomy":"product_brand","embeddable":true,"href":"https:\/\/www.strzodowie.pl\/sklep\/wp-json\/wp\/v2\/product_brand?post=8295"},{"taxonomy":"product_cat","embeddable":true,"href":"https:\/\/www.strzodowie.pl\/sklep\/wp-json\/wp\/v2\/product_cat?post=8295"},{"taxonomy":"product_tag","embeddable":true,"href":"https:\/\/www.strzodowie.pl\/sklep\/wp-json\/wp\/v2\/product_tag?post=8295"}],"curies":[{"name":"wp","href":"https:\/\/api.w.org\/{rel}","templated":true}]}}